{"id":3,"date":"2019-12-26T17:22:02","date_gmt":"2019-12-26T17:22:02","guid":{"rendered":"https:\/\/energyclub.com.tr\/supplement\/?page_id=3"},"modified":"2020-01-10T19:40:03","modified_gmt":"2020-01-10T16:40:03","slug":"gizlilik-politikasi","status":"publish","type":"page","link":"https:\/\/energyclub.com.tr\/supplement\/gizlilik-politikasi\/","title":{"rendered":"Gizlilik Politikas\u0131"},"content":{"rendered":"\n<p><strong>1. Genel<\/strong><\/p>\n\n\n\n<p>www.e-supplement.com.tr Bundan b\u00f6yle \u201ce-Supplement\u201d olarak an\u0131lacak, web sitesini ziyaret edenlerin gizlili\u011fini korumay\u0131 ilke olarak benimsemi\u015ftir. Bu nedenle, i\u015fbu gizlilik beyan\u0131&nbsp;(\u201cGizlilik Politikas\u0131\u201d), web sitemizi kullan\u0131rken kullan\u0131c\u0131lara ili\u015fkin ne t\u00fcr bilgilerin e-Supplement taraf\u0131ndan al\u0131nd\u0131\u011f\u0131n\u0131, bunlar\u0131n nas\u0131l kullan\u0131ld\u0131\u011f\u0131n\u0131 ve korundu\u011funu a\u00e7\u0131klamaktad\u0131r. Ayr\u0131ca i\u015fbu Gizlilik Politikas\u0131 \u00e7er\u00e7evesinde bu bilgilerin do\u011frulu\u011funun sizin taraf\u0131n\u0131zdan nas\u0131l denetlenebilece\u011fi ve istedi\u011finizde e-Supplement\u00b4e ba\u015fvurarak bu bilgilerin silinmesini nas\u0131l sa\u011flayabilece\u011finiz belirtilmektedir. S\u00f6z konusu bilgilerin, mevcut ve ge\u00e7erli olan veri koruma d\u00fczenlemelerine uygun olarak i\u015flenmesi ve kullan\u0131lmas\u0131 i\u00e7in gerekli olan her t\u00fcrl\u00fc i\u015flem e-Supplement taraf\u0131ndan yerine getirilecektir.<\/p>\n\n\n\n<p>\u0130\u015fbu Gizlilik Politikas\u0131, www.e-supplement.com.tr sitesinden link verilmi\u015f ba\u015fka siteler&nbsp;(hyperlinked web siteleri) i\u00e7in ge\u00e7erli de\u011fildir.<\/p>\n\n\n\n<p><strong>2. Ki\u015fisel bilgilerin toplanmas\u0131, kullan\u0131m\u0131 ve i\u015flenmesi<\/strong><\/p>\n\n\n\n<p>Belirli bir ki\u015fiye ait kullan\u0131lacak ve i\u015flenecek bilgiler, yaln\u0131zca bu ki\u015finin kendi istemiyle veri girmesi ya da bu hususta a\u00e7\u0131k\u00e7a muvafakat vermesi halinde m\u00fcmk\u00fcnd\u00fcr. Veri girilmesi veya bu hususta a\u00e7\u0131k\u00e7a muvafakat verilmesi, ki\u015finin a\u015fa\u011f\u0131da belirtilen \u015fartlar ile mutab\u0131k oldu\u011funun g\u00f6stergesidir.<\/p>\n\n\n\n<p>Sitemizi ziyaret etti\u011finizde, sistem y\u00f6netimi, istatistik ve \u201cback up\u201d uygulamalar\u0131n\u0131n gerektirdi\u011fi baz\u0131 bilgiler sunucular\u0131m\u0131zda otomatik olarak depolanacakt\u0131r. Bu verilerin aras\u0131nda Internet servis sa\u011flay\u0131c\u0131n\u0131z\u0131n ismi, baz\u0131 durumlarda IP adresiniz, web gezgini yaz\u0131l\u0131m\u0131n\u0131z\u0131n versiyonu, eri\u015fim sa\u011flanan bilgisayar\u0131n i\u015fletim sistemi, bize y\u00f6nlendiren websitesi, sitemizdeyken ziyaret etti\u011finiz di\u011fer siteler ve sitemizi bulmak i\u00e7in kulland\u0131\u011f\u0131n\u0131z arama s\u00f6zc\u00fckleri bulunmaktad\u0131r. Duruma ba\u011fl\u0131 olarak bu t\u00fcr veriler, site ziyaret\u00e7isi hakk\u0131nda baz\u0131 sonu\u00e7lar \u00e7\u0131kar\u0131lmas\u0131n\u0131 sa\u011flar. Ancak hi\u00e7bir ki\u015fisel bilgi bu \u00e7er\u00e7evede kullan\u0131lmayacakt\u0131r. Bu t\u00fcr ki\u015fiye \u00f6zel veriler sadece anonimle\u015ftirilerek kullan\u0131labilir. e-Supplement\u00b4in bu verileri d\u0131\u015far\u0131dan bir hizmet sa\u011flay\u0131c\u0131s\u0131na y\u00f6nlendirmesi durumunda, verilerin, veri g\u00fcvenli\u011fine ili\u015fkin mevcut yasal d\u00fczenlemeler \u00e7er\u00e7evesinde aktar\u0131lmas\u0131 i\u00e7in gerekli teknik ve organizasyonel i\u015flemler ger\u00e7ekle\u015ftirilecektir.<\/p>\n\n\n\n<p>Kendi iste\u011finizle ki\u015fisel bilgilerinizin verilmesi halinde, e-Supplement, bu bilgileri yasada \u00f6ng\u00f6r\u00fclen veya ziyaret\u00e7inin muvafakat beyannamesinde belirtilen s\u0131n\u0131rlamalar dahilinde kullanaca\u011f\u0131n\u0131, i\u015fleme tabi tutulaca\u011f\u0131n\u0131 veya aktar\u0131laca\u011f\u0131n\u0131 taahh\u00fct eder. S\u00f6z konusu ki\u015fisel bilgilerinin \u00fc\u00e7\u00fcnc\u00fc ki\u015filere aktar\u0131m\u0131, sadece adli ya da idari mercilerce \u00f6ng\u00f6r\u00fclmesi halinde s\u00f6z konusu olacakt\u0131r.<\/p>\n\n\n\n<p>\u0130\u015fbu Gizlilik Politikas\u0131\u00b4na ili\u015fkin olas\u0131 de\u011fi\u015fiklikler bu sayfada yay\u0131mlanacakt\u0131r. Bu \u00e7er\u00e7evede, size ait hangi bilgilerin sakland\u0131\u011f\u0131na ve bu bilgilerin nas\u0131l kullan\u0131ld\u0131\u011f\u0131na dair g\u00fcncel olarak bilgi alman\u0131za olanak sa\u011flanacakt\u0131r.<\/p>\n\n\n\n<p><strong>3. G\u00fcvenlik<\/strong><\/p>\n\n\n\n<p>e-Supplement, size ait bilgileri g\u00fcvenli bi\u00e7imde saklamaktad\u0131r; dolay\u0131s\u0131yla s\u00f6z konusu bilgilerin herhangi bir kay\u0131ba, suistimale ya da de\u011fi\u015fikli\u011fe kar\u015f\u0131 korunmas\u0131 i\u00e7in gerekli t\u00fcm \u00f6nlemleri almaktad\u0131r. e-Supplement\u00b4in, gerekli hizmeti size ula\u015ft\u0131rmak i\u00e7in bilgilerinize eri\u015fimi olan s\u00f6zle\u015fmesel ortaklar\u0131, s\u00f6zle\u015fmesel y\u00fck\u00fcml\u00fcl\u00fckleri \u00e7er\u00e7evesinde bu bilgileri gizli tutmak ve ba\u015fka hi\u00e7bir ama\u00e7la kullanmamakla y\u00fck\u00fcml\u00fcd\u00fcr. Baz\u0131 durumlarda ki\u015fisel bilgilerinizin e-Supplement&#8217;e ba\u011fl\u0131 \u015firketleriyle payla\u015f\u0131lmas\u0131 gerekecektir. Bu durumlarda da bilgileriniz gizli adledilecektir.<\/p>\n\n\n\n<p><strong>4. \u00c7ocuklara ait, ki\u015fiye dair bilgiler<\/strong><\/p>\n\n\n\n<p>www.e-supplement.com.tr web sitesinin yeti\u015fkinler taraf\u0131ndan kullan\u0131lmas\u0131 \u00f6ng\u00f6r\u00fclm\u00fc\u015f olup, www.e-supplement.com.tr web sitesi \u00e7o\u00e7uklara y\u00f6nelik de\u011fildir. e-Supplement, 14 ya\u015f\u0131ndan k\u00fc\u00e7\u00fck \u00e7o\u00e7uklara ili\u015fkin bilgilerle ilgilenmemektedir. e-Supplement, s\u00f6z konusu \u00e7o\u00e7uklara, herhangi bir ki\u015fiye ait bilgileri g\u00f6ndermemeleri konusunda sitede uygun bir yerde a\u00e7\u0131k y\u00f6nlendirmelerde bulunacakt\u0131r. Ebeveynlerin ya da yasal velinin, g\u00f6zetimleri alt\u0131ndaki \u00e7ocuklar\u0131n herhangi bir ki\u015fiye ili\u015fkin bilgileri e-Supplement&#8217;e ula\u015ft\u0131r\u0131ld\u0131\u011f\u0131na dair \u015f\u00fcpheleri olmas\u0131 halinde, e\u011fer s\u00f6z konusu bilgilerin silinmesi isteniyorsa, destek@energyclub.com.tr \u00fczerinden derhal bizimle irtibata ge\u00e7melerini rica ederiz. B\u00f6yle bir durumda, s\u00f6z konusu bilgiler hi\u00e7 vakit kaybetmeden silinecektir.<\/p>\n\n\n\n<p><strong>&nbsp;5. \u0130stekleriniz ve sorular\u0131n\u0131z<\/strong><\/p>\n\n\n\n<p>Depolanan bilgiler, yasal veya s\u00f6zle\u015fmesel dosyalama s\u00fcresi sona erdi\u011finde veya e-Supplement\u00b4in art\u0131k gereksinimi kalmamas\u0131 halinde e-Supplement taraf\u0131ndan silinecektir. Ancak, elbette siz istedi\u011finiz zaman size ait bilgilerin silinmesini talep edebilirsiniz. Ayr\u0131ca gelecekte, istedi\u011finiz zaman ki\u015fisel bilgilerinizin kullan\u0131m ya da i\u015fleme tabi tutulmas\u0131na dair muvakatinizi geri \u00e7ekebilirsiniz. Bu t\u00fcr durumlarda ya da ki\u015fisel bilgilerinize ait di\u011fer t\u00fcm sorular\u0131n\u0131z konusunda elektronik posta yoluyla veri koruma sorumlusuna dan\u0131\u015fabilirsiniz. Size ait bilgilerin saklan\u0131p ve bu bilgilerin kullan\u0131m alanlar\u0131na ili\u015fkin sorular\u0131n\u0131z i\u00e7in bizimle yine ayn\u0131 y\u00f6ntemle temasa ge\u00e7ebilirsiniz. Dileklerinize an\u0131nda yan\u0131t vermek i\u00e7in elimizden gelen t\u00fcm \u00e7abay\u0131 g\u00f6sterece\u011fimizden emin olabilirsiniz.<\/p>\n","protected":false},"excerpt":{"rendered":"<p>1. Genel www.e-supplement.com.tr Bundan b\u00f6yle \u201ce-Supplement\u201d olarak an\u0131lacak, web sitesini ziyaret edenlerin gizlili\u011fini korumay\u0131 ilke olarak benimsemi\u015ftir. Bu nedenle, i\u015fbu gizlilik beyan\u0131&nbsp;(\u201cGizlilik Politikas\u0131\u201d), web sitemizi kullan\u0131rken kullan\u0131c\u0131lara ili\u015fkin ne t\u00fcr<\/p>\n","protected":false},"author":1,"featured_media":0,"parent":0,"menu_order":0,"comment_status":"closed","ping_status":"open","template":"","meta":{"footnotes":""},"yst_prominent_words":[],"class_list":["post-3","page","type-page","status-publish","hentry"],"_links":{"self":[{"href":"https:\/\/energyclub.com.tr\/supplement\/wp-json\/wp\/v2\/pages\/3","targetHints":{"allow":["GET"]}}],"collection":[{"href":"https:\/\/energyclub.com.tr\/supplement\/wp-json\/wp\/v2\/pages"}],"about":[{"href":"https:\/\/energyclub.com.tr\/supplement\/wp-json\/wp\/v2\/types\/page"}],"author":[{"embeddable":true,"href":"https:\/\/energyclub.com.tr\/supplement\/wp-json\/wp\/v2\/users\/1"}],"replies":[{"embeddable":true,"href":"https:\/\/energyclub.com.tr\/supplement\/wp-json\/wp\/v2\/comments?post=3"}],"version-history":[{"count":0,"href":"https:\/\/energyclub.com.tr\/supplement\/wp-json\/wp\/v2\/pages\/3\/revisions"}],"wp:attachment":[{"href":"https:\/\/energyclub.com.tr\/supplement\/wp-json\/wp\/v2\/media?parent=3"}],"wp:term":[{"taxonomy":"yst_prominent_words","embeddable":true,"href":"https:\/\/energyclub.com.tr\/supplement\/wp-json\/wp\/v2\/yst_prominent_words?post=3"}],"curies":[{"name":"wp","href":"https:\/\/api.w.org\/{rel}","templated":true}]}}