{"id":3785,"date":"2020-01-10T19:00:28","date_gmt":"2020-01-10T16:00:28","guid":{"rendered":"https:\/\/energyclub.com.tr\/supplement\/?page_id=3785"},"modified":"2020-03-04T20:23:40","modified_gmt":"2020-03-04T17:23:40","slug":"mesafeli-satis-sozlesmesi","status":"publish","type":"page","link":"https:\/\/energyclub.com.tr\/supplement\/mesafeli-satis-sozlesmesi\/","title":{"rendered":"Mesafeli Sat\u0131\u015f S\u00f6zle\u015fmesi"},"content":{"rendered":"\n<p><strong>1.1. Sat\u0131c\u0131<\/strong><\/p>\n\n\n\n<p>Ad\u0131 :&nbsp;<a href=\"https:\/\/energyclub.com.tr\/supplement\/\">www.e-supplement.com.tr<\/a>&nbsp; \/ BARI\u015e VEHB\u0130<\/p>\n\n\n\n<p>Adresi&nbsp;: \u0130hsaniye Mh. \u0130lknur Sk. No: 1 B\/13 N\u0130L\u00dcFER\/BURSA<\/p>\n\n\n\n<p>Telefon: 0 850 840 53 40\u00a0 \u00a0 \u00a0<\/p>\n\n\n\n<p>E-Posta:&nbsp;<a href=\"mailto:satis@energyclub.com.tr\">satis@energyclub.com.tr<\/a><\/p>\n\n\n\n<p><strong><em>1.2. Al\u0131c\u0131<\/em><\/strong><\/p>\n\n\n\n<p><strong><em><br><\/em><\/strong><em>Ad\u0131 \u2013 soyad\u0131\/TC.No<\/em><\/p>\n\n\n\n<p><em>Adresi&nbsp;<\/em><\/p>\n\n\n\n<p><em>Telefon<\/em><\/p>\n\n\n\n<p><em>E-Posta<\/em><\/p>\n\n\n\n<p><strong>Madde 2- Konu<\/strong><\/p>\n\n\n\n<p>\u0130\u015fbu s\u00f6zle\u015fmenin konusu, ALICI\u2019n\u0131n SATICI\u2019ya ait&nbsp;https:\/\/energyclub.com.tr\/supplement&nbsp;&nbsp; internet sitesinden elektronik ortamda sipari\u015fini yapt\u0131\u011f\u0131 a\u015fa\u011f\u0131da nitelikleri ve sat\u0131\u015f \u00fccreti belirtilen \u00fcr\u00fcn\u00fcn sat\u0131\u015f\u0131 ve teslimi ile ilgili olarak 4077 say\u0131l\u0131 T\u00fcketicilerin Korunmas\u0131 Hakk\u0131ndaki Kanun ve Mesafeli S\u00f6zle\u015fmelere Dair Y\u00f6netmelik h\u00fck\u00fcmleri gere\u011fince taraflar\u0131n hak ve y\u00fck\u00fcml\u00fcl\u00fcklerinin saptanmas\u0131d\u0131r.<\/p>\n\n\n\n<p>Al\u0131c\u0131, sat\u0131c\u0131n\u0131n isim, unvan, a\u00e7\u0131k adres, telefon ve di\u011fer eri\u015fim bilgileri , sat\u0131\u015fa konu mal\u0131n temel nitelikleri, vergiler dahil olmak \u00fczere sat\u0131\u015f fiyat\u0131 , \u00f6deme sekli, teslimat ko\u015fullar\u0131 ve masraflar\u0131 vs. sat\u0131\u015fa konu mal ile ilgili t\u00fcm \u00f6n bilgiler ve \u201ccayma\u201d hakk\u0131n\u0131n kullan\u0131lmas\u0131 ve bu hakk\u0131n nas\u0131l kullan\u0131laca\u011f\u0131 , \u015fikayet ve itirazlar\u0131n\u0131 iletebilecekleri resmi makamlar vs. konusunda a\u00e7\u0131k , anla\u015f\u0131l\u0131r ve internet ortam\u0131na uygun \u015fekilde sat\u0131c\u0131 taraf\u0131ndan bilgilendirildi\u011fini , bu \u00f6n bilgileri elektronik ortamda teyit etti\u011fini ve sonras\u0131nda mal sipari\u015f verdi\u011fini is bu s\u00f6zle\u015fme h\u00fck\u00fcmlerince kabul ve beyan eder.<\/p>\n\n\n\n<p>https:\/\/energyclub.com.tr\/supplement&nbsp;&nbsp; sitesinde yer alan \u00f6n bilgilendirme ve al\u0131c\u0131 taraf\u0131ndan verilen sipari\u015f \u00fczerine d\u00fczenlenen fatura is bu s\u00f6zle\u015fmenin ayr\u0131lmaz par\u00e7alar\u0131d\u0131r.<\/p>\n\n\n\n<p><strong>Madde 3- S\u00f6zle\u015fme Konusu \u00dcr\u00fcn\/\u00d6deme\/Teslimat Bilgileri<\/strong><\/p>\n\n\n\n<p>Elektronik ortamda al\u0131nan \u00fcr\u00fcn\/\u00fcr\u00fcnlerin cinsi ve t\u00fcr\u00fc, miktar\u0131, marka\/modeli, sat\u0131\u015f bedeli, \u00f6deme \u015fekli, teslim alacak ki\u015fi, teslimat adresi, fatura bilgileri, kargo \u00fccreti a\u015fa\u011f\u0131da belirtildi\u011fi gibidir.Fatura edilecek ki\u015fi ile s\u00f6zle\u015fmeyi yapan ki\u015fi ayn\u0131 olmak zorundad\u0131r.A\u015fa\u011f\u0131da yer alan bilgiler do\u011fru ve eksiksiz olmal\u0131d\u0131r. Bu bilgilerin do\u011fru olmad\u0131\u011f\u0131 veya noksan oldu\u011fu durumlardan do\u011facak zararlar\u0131 tamam\u0131yla kar\u015f\u0131lamay\u0131 al\u0131c\u0131 kabul eder ve ayr\u0131ca bu durumdan olu\u015fabilecek her t\u00fcrl\u00fc sorumlulu\u011fu al\u0131c\u0131 kabul eder.<\/p>\n\n\n\n<p>SATICI gerekli g\u00f6rd\u00fc\u011f\u00fc durumlarda, ALICI\u2019n\u0131n vermi\u015f oldu\u011fu bilgiler ger\u00e7ekle \u00f6rt\u00fc\u015fmedi\u011finde, sipari\u015fi durdurma hakk\u0131n\u0131 sakl\u0131 tutar. SATICI sipari\u015fte sorun tespit etti\u011fi durumlarda ALICI\u2019n\u0131n vermi\u015f oldu\u011fu telefon, e-posta ve posta adreslerinden ALICI\u2019ya ula\u015famad\u0131\u011f\u0131 takdirde sipari\u015fin y\u00fcr\u00fcrl\u00fc\u011fe koyulmas\u0131n\u0131 15 (onbe\u015f) g\u00fcn s\u00fcreyle dondurur. ALICI\u2019n\u0131n bu s\u00fcre zarf\u0131nda SATICI ile konuyla ilgili olarak ileti\u015fime ge\u00e7mesi beklenir. Bu s\u00fcre i\u00e7erisinde ALICI\u2019dan herhangi bir cevap al\u0131namazsa SATICI, her iki taraf\u0131n da zarar g\u00f6rmemesi i\u00e7in sipari\u015fi iptal eder.<\/p>\n\n\n\n<p>Al\u0131nan \u00dcr\u00fcn \/\u00dcr\u00fcnler<br>Ad\u0131 , kodu : ; \u2026 adet<br>Toplam Sat\u0131\u015f Bedeli : \u2026. -TL<br>\u00d6deme \u015eekli : Kredi Kart\u0131\/Banka Havalesi (EFT)<br>Teslim Edilecek Ki\u015fi :<br>Telefon numaras\u0131 :<br>Teslim Edilecek Adres :<br>Fatura Edilecek Ki\u015fi\/Kurum :<br>Fatura Adresi :<br>Vergi Dairesi :<br>Vergi Sicil Numaras\u0131 :<br>Kargo \u00dccreti : \u2026 -TL<\/p>\n\n\n\n<p><strong>Madde 4- S\u00f6zle\u015fme Tarihi ve M\u00fccbir Nedenler<br><\/strong><br>S\u00f6zle\u015fme tarihi, al\u0131c\u0131 taraf\u0131ndan sipari\u015fin verildi\u011fi tarih olan ..\/..\/\u2026. tarihidir.<\/p>\n\n\n\n<p>S\u00f6zle\u015fmenin imzaland\u0131\u011f\u0131 tarihte mevcut olmayan veya \u00f6ng\u00f6r\u00fclmeyen, taraflar\u0131n kontrolleri d\u0131\u015f\u0131nda geli\u015fen, ortaya \u00e7\u0131kmas\u0131yla taraflardan birinin ya da her ikisinin de s\u00f6zle\u015fme ile y\u00fcklendikleri bor\u00e7 ve sorumluluklar\u0131n\u0131 k\u0131smen ya da tamamen yerine getirmelerini ya da bunlar\u0131 zaman\u0131nda yerine getirmelerini olanaks\u0131zla\u015ft\u0131ran durumlar, m\u00fccbir sebep (Do\u011fal afet, sava\u015f, ter\u00f6r, ayaklanma, de\u011fi\u015fen mevzuat h\u00fck\u00fcmleri, el koyma veya grev, lokavt, \u00fcretim ve ileti\u015fim tesislerinde \u00f6nemli \u00f6l\u00e7\u00fcde ar\u0131za vb.) olarak kabul edilecektir. M\u00fccbir sebep \u015fahs\u0131nda ger\u00e7ekle\u015fen taraf, di\u011fer tarafa durumu derhal ve yaz\u0131l\u0131 olarak bildirecektir.<\/p>\n\n\n\n<p>M\u00fccbir sebebin devam\u0131 esnas\u0131nda taraflar\u0131n edimlerini yerine getirememelerinden dolay\u0131 herhangi bir sorumluluklar\u0131 do\u011fmayacakt\u0131r. \u0130\u015fbu m\u00fccbir sebep durumu 30 (otuz ) g\u00fcn s\u00fcreyle devam ederse, taraflardan her birinin, tek tarafl\u0131 olarak fesih hakk\u0131 do\u011fmu\u015f olacakt\u0131r.<\/p>\n\n\n\n<p><strong>Madde 5- Sat\u0131c\u0131n\u0131n Hak ve Y\u00fck\u00fcml\u00fcl\u00fckleri<\/strong><\/p>\n\n\n\n<p><strong>5.1<\/strong>. Sat\u0131c\u0131, 4077 say\u0131l\u0131 T\u00fcketicilerin Korunmas\u0131 Hakk\u0131ndaki Kanun ve Mesafeli S\u00f6zle\u015fmelere Dair Y\u00f6netmelik h\u00fck\u00fcmleri uyar\u0131nca s\u00f6zle\u015fmede kendisine y\u00fcklenen edimleri m\u00fccbir haller d\u0131\u015f\u0131nda eksiksiz yerine getirmeyi kabul ve taahh\u00fct eder.<\/p>\n\n\n\n<p><strong>5.2.<\/strong>&nbsp;18 (on sekiz) ya\u015f\u0131ndan k\u00fc\u00e7\u00fck ki\u015filer&nbsp;<a href=\"https:\/\/energyclub.com.tr\/supplement\/\">www.e-supplement.com.tr<\/a>\u2019den al\u0131\u015fveri\u015f yapamaz. Sat\u0131c\u0131, al\u0131c\u0131n\u0131n s\u00f6zle\u015fmede belirtti\u011fi ya\u015f\u0131n\u0131n do\u011fru oldu\u011funu esas alacakt\u0131r. Ancak al\u0131c\u0131n\u0131n ya\u015f\u0131n\u0131 yanl\u0131\u015f yazmas\u0131ndan dolay\u0131 sat\u0131c\u0131ya hi\u00e7bir \u015fekilde sorumluluk y\u00fcklenemeyecektir.<\/p>\n\n\n\n<p><strong>5.2.<\/strong>&nbsp;Sistem hatalar\u0131ndan meydana gelen fiyat yanl\u0131\u015fl\u0131klar\u0131ndan https:\/\/energyclub.com.tr\/supplement&nbsp;sorumlu de\u011fildir. Buna istinaden sat\u0131c\u0131, internet sitesindeki sistemden, dizayndan veya yasad\u0131\u015f\u0131 yollarla internet sitesine yap\u0131labilecek m\u00fcdahaleler sebebiyle ortaya \u00e7\u0131kabilecek tan\u0131t\u0131m, fiyat hatalar\u0131ndan sorumlu de\u011fildir. Sistem hatalar\u0131na dayal\u0131 olarak al\u0131c\u0131 sat\u0131c\u0131dan hak iddias\u0131nda bulunamaz.<\/p>\n\n\n\n<p><strong>5.3.<\/strong>&nbsp;https:\/\/energyclub.com.tr\/supplement&#8217;den kredi kart\u0131 (Visa, MasterCard , vs. ) ya da banka havalesi ile al\u0131\u015fveri\u015f yap\u0131labilir. Sipari\u015f tarihinden itibaren bir hafta i\u00e7inde havalesi yap\u0131lmayan sipari\u015fler iptal edilir. Sipari\u015flerin i\u015fleme al\u0131nma zaman\u0131, sipari\u015fin verildi\u011fi an de\u011fil, kredi kart\u0131 hesab\u0131ndan gerekli tahsilat\u0131n yap\u0131ld\u0131\u011f\u0131 ya da havalenin (EFT\u2019nin) banka hesaplar\u0131na ula\u015ft\u0131\u011f\u0131 belirlenen and\u0131r. \u00d6demeli g\u00f6nderi ya da posta \u00e7eki gibi m\u00fc\u015fteri hizmetleri ile g\u00f6r\u00fc\u015f\u00fclmeden ger\u00e7ekle\u015ftirilen \u00f6deme y\u00f6ntemleri kabul edilmez.<\/p>\n\n\n\n<p><strong>Madde 6- Al\u0131c\u0131n\u0131n Hak ve Y\u00fck\u00fcml\u00fcl\u00fckleri<br><\/strong><br><strong>6.1.<\/strong>&nbsp;Al\u0131c\u0131, s\u00f6zle\u015fmede kendisine y\u00fcklenen edimleri m\u00fccbir sebepler d\u0131\u015f\u0131nda eksiksiz yerine getirmeyi kabul ve taahh\u00fct eder.<\/p>\n\n\n\n<p><strong>6.2.<\/strong>&nbsp;Al\u0131c\u0131, sipari\u015f vermekle birlikte i\u015f s\u00f6zle\u015fme h\u00fck\u00fcmlerini kabul etmi\u015f say\u0131ld\u0131\u011f\u0131n\u0131 ve s\u00f6zle\u015fmede belirtilen \u00f6deme \u015fekline uygun \u00f6demeyi yapaca\u011f\u0131n\u0131 kabul ve taahh\u00fct eder.<\/p>\n\n\n\n<p><strong>6.3.<\/strong>&nbsp;Al\u0131c\u0131,&nbsp;https:\/\/energyclub.com.tr\/supplement internet sitesinden sat\u0131c\u0131n\u0131n isim, unvan, a\u00e7\u0131k adres, telefon ve di\u011fer eri\u015fim bilgileri , sat\u0131\u015fa konu mal\u0131n temel nitelikleri, vergiler dahil olmak \u00fczere sat\u0131\u015f fiyat\u0131 , \u00f6deme sekli, teslimat ko\u015fullar\u0131 ve masraflar\u0131 vs. sat\u0131\u015fa konu mal ile ilgili t\u00fcm \u00f6n bilgiler ve \u201ccayma\u201d hakk\u0131n\u0131n kullan\u0131lmas\u0131 ve bu hakk\u0131n nas\u0131l kullan\u0131laca\u011f\u0131 , \u015fikayet ve itirazlar\u0131n\u0131 iletebilecekleri resmi makamlar vs. konusunda a\u00e7\u0131k , anla\u015f\u0131l\u0131r ve internet ortam\u0131na uygun \u015fekilde bilgi sahibi oldu\u011funu bu \u00f6n bilgileri elektronik ortamda teyit etti\u011fini kabul ve beyan eder.<\/p>\n\n\n\n<p><strong>6.4.<\/strong>&nbsp;Bir \u00f6nceki maddeye ba\u011fl\u0131 olarak Al\u0131c\u0131, \u00fcr\u00fcn sipari\u015f ve \u00f6deme ko\u015fullar\u0131n\u0131n, \u00fcr\u00fcn kullan\u0131m talimatlar\u0131n\u0131n , olas\u0131 durumlara kar\u015f\u0131 al\u0131nan tedbirlerin ve yap\u0131lan uyar\u0131lar\u0131n oldu\u011fu&nbsp;&nbsp; www.e-supplement.com.tr&nbsp;sipari\u015f\/\u00f6deme\/kullan\u0131m &nbsp;prosed\u00fcr\u00fc bilgilerini okuyup bilgi sahibi oldu\u011funu ve elektronik ortamda gerekli teyidi verdi\u011fini beyan eder.<\/p>\n\n\n\n<p><strong>6.5.<\/strong>&nbsp;Al\u0131c\u0131, ald\u0131\u011f\u0131 \u00fcr\u00fcn\u00fc iade etmek istemesi durumunda ne surette olursa olsun \u00fcr\u00fcne ve ambalaj\u0131na zarar vermemeyi, iade an\u0131nda fatura asl\u0131n\u0131 ve irsaliyesini iade etmeyi kabul ve taahh\u00fct eder.<\/p>\n\n\n\n<p><strong>Madde 7- Sipari\u015f\/\u00d6deme Prosed\u00fcr\u00fc<br><\/strong><br><strong>Sipari\u015f:<\/strong><\/p>\n\n\n\n<p>Al\u0131\u015fveri\u015f sepetine eklenen \u00fcr\u00fcnlerin KDV dahil TL tutar\u0131 (Taksitli i\u015flemlerde toplam taksit tutarlar\u0131) al\u0131c\u0131 taraf\u0131ndan onayland\u0131ktan sonra, ilgili banka kart\u0131n\u0131n posu \u00fczerinden i\u015fleme al\u0131n\u0131r. Bu nedenle sipari\u015fler, sevk edilmeden<br>\u00f6nce m\u00fc\u015fteriye sipari\u015f onay maili g\u00f6nderilir. Sipari\u015f Onay maili g\u00f6nderilmeden sevkiyat yap\u0131lmaz.<\/p>\n\n\n\n<p>S\u00fcre\u00e7teki herhangi bir aksama durumu ya da kredi kart\u0131 ile ilgili ortaya \u00e7\u0131kabilecek problemler al\u0131c\u0131ya s\u00f6zle\u015fmede belirtti\u011fi telefon\/faks\/e-mail yollar\u0131ndan biri veya bir ka\u00e7\u0131 kullan\u0131lmak sureti ile bildirilir. Gerekirse al\u0131c\u0131dan bankas\u0131 ile g\u00f6r\u00fc\u015fmesi istenebilir. Sipari\u015flerin i\u015fleme al\u0131nma zaman\u0131, sipari\u015fin verildi\u011fi an de\u011fil, kredi kart\u0131 hesab\u0131ndan gerekli tahsilat\u0131n yap\u0131ld\u0131\u011f\u0131 ya da havalenin (EFT\u2019 nin) sat\u0131c\u0131 hesaplar\u0131na ula\u015ft\u0131\u011f\u0131n\u0131n belirlendi\u011fi and\u0131r.<\/p>\n\n\n\n<p>\u0130stisnai olarak hakl\u0131 bir nedenle s\u00f6zle\u015fme konusu mal\u0131n tedarik edilemeyece\u011finin anla\u015f\u0131lmas\u0131 ve\/veya stok problemi ile kar\u015f\u0131la\u015f\u0131lmas\u0131 durumunda al\u0131c\u0131 hemen a\u00e7\u0131k ve anla\u015f\u0131l\u0131r bir \u015fekilde bilgilendirilip onay vermesi durumunda al\u0131c\u0131ya e\u015fit kalitede ve fiyatta ba\u015fka bir mal g\u00f6nderilebilir ya da al\u0131c\u0131n\u0131n arzusu ve se\u00e7imi do\u011frultusunda ; yeni ba\u015fka bir \u00fcr\u00fcn g\u00f6nderilebilir, \u00fcr\u00fcn\u00fcn stoklara girmesi ya da teslime engel di\u011fer engelin ortadan kalkmas\u0131 beklenebilir ve\/veya sipari\u015f iptal edilebilir.<\/p>\n\n\n\n<p>S\u00f6zle\u015fme konusu mal\u0131n teslim y\u00fck\u00fcml\u00fcl\u00fc\u011f\u00fcn\u00fcn yerine getirilmesinin imk\u00e2ns\u0131zla\u015ft\u0131\u011f\u0131 h\u00e2llerde al\u0131c\u0131 bu durumdan haberdar edilerek \u00f6demi\u015f oldu\u011fu toplam bedel ve varsa onu bor\u00e7 alt\u0131na sokan her t\u00fcrl\u00fc belge en ge\u00e7 on g\u00fcn i\u00e7inde kendisine iade edilerek s\u00f6zle\u015fme iptal edilir. B\u00f6yle bir durumda al\u0131c\u0131n\u0131n sat\u0131c\u0131dan ilave herhangi bir maddi ve manevi zarar talebi olmayacakt\u0131r.<\/p>\n\n\n\n<p><strong>\u00d6deme:<\/strong><\/p>\n\n\n\n<p>https:\/\/energyclub.com.tr\/supplement\u2018de, internet ortam\u0131nda kredi kart\u0131 bilgilerini kullanmak istemeyen al\u0131c\u0131lara nakit havale ile sipari\u015f imkanlar\u0131 sunulmu\u015ftur. Havale ile \u00f6demede al\u0131c\u0131 kendisine en uygun bankay\u0131 se\u00e7ip havalesini yapabilir. E\u011fer EFT yap\u0131lm\u0131\u015fsa hesaba ge\u00e7me tarihi dikkate al\u0131nacakt\u0131r. Havale ve\/veya EFT yaparken \u201cG\u00f6nderen Bilgileri\u201dnin Fatura Bilgileri ile ayn\u0131 olmas\u0131 ve sipari\u015f numaras\u0131n\u0131n yaz\u0131lmas\u0131 gereklidir.<\/p>\n\n\n\n<p>\u00dcr\u00fcn\u00fcn tesliminden sonra Al\u0131c\u0131\u2019ya ait kredi kart\u0131n\u0131n Al\u0131c\u0131\u2019n\u0131n kusurundan kaynaklanmayan bir \u015fekilde yetkisiz ki\u015filerce haks\u0131z veya hukuka ayk\u0131r\u0131 olarak kullan\u0131lmas\u0131 nedeni ile ilgili banka veya finans kurulu\u015fun \u00fcr\u00fcn bedelini Sat\u0131c\u0131\u2019ya \u00f6dememesi halinde, Al\u0131c\u0131\u2019n\u0131n kendisine teslim edilmi\u015f \u00fcr\u00fcn\u00fc 10 g\u00fcn i\u00e7inde Sat\u0131c\u0131\u2019ya g\u00f6ndermesi zorunludur. Bu t\u00fcr durumlarda nakliye giderleri Al\u0131c\u0131\u2019ya aittir.<\/p>\n\n\n\n<p>Al\u0131c\u0131 kredi kart\u0131 ile \u00f6deme yapmay\u0131 tercih etmi\u015f ise ALICI, ilgili faiz oranlar\u0131n\u0131 ve temerr\u00fct faizi ile ilgili bilgileri bankas\u0131ndan ayr\u0131ca teyit edece\u011fini, y\u00fcr\u00fcrl\u00fckte bulunan mevzuat h\u00fck\u00fcmleri gere\u011fince faiz ve temerr\u00fct faizi ile ilgili h\u00fck\u00fcmlerin Banka ve ALICI aras\u0131ndaki \u201cKredi Kart\u0131 S\u00f6zle\u015fmesi\u201d kapsam\u0131nda uygulanaca\u011f\u0131n\u0131 kabul, beyan ve taahh\u00fct eder.<\/p>\n\n\n\n<p><strong>Madde 8- Sevkiyat\/Teslimat Prosed\u00fcr\u00fc<\/strong><\/p>\n\n\n\n<p>Sevkiyat:<\/p>\n\n\n\n<p>Sipari\u015f onay\u0131 mailinin g\u00f6nderilmesiyle birlikte, \u00fcr\u00fcn\/\u00fcr\u00fcnler sat\u0131c\u0131n\u0131n anla\u015fmal\u0131 oldu\u011fu kargo \u015eirketine verilir.<\/p>\n","protected":false},"excerpt":{"rendered":"<p>1.1. Sat\u0131c\u0131 Ad\u0131 :&nbsp;www.e-supplement.com.tr&nbsp; \/ BARI\u015e VEHB\u0130 Adresi&nbsp;: \u0130hsaniye Mh. \u0130lknur Sk. No: 1 B\/13 N\u0130L\u00dcFER\/BURSA Telefon: 0 850 840 53 40\u00a0 \u00a0 \u00a0 E-Posta:&nbsp;satis@energyclub.com.tr 1.2. Al\u0131c\u0131 Ad\u0131 \u2013 soyad\u0131\/TC.No<\/p>\n","protected":false},"author":1,"featured_media":0,"parent":0,"menu_order":0,"comment_status":"closed","ping_status":"open","template":"","meta":{"footnotes":""},"yst_prominent_words":[],"class_list":["post-3785","page","type-page","status-publish","hentry"],"_links":{"self":[{"href":"https:\/\/energyclub.com.tr\/supplement\/wp-json\/wp\/v2\/pages\/3785","targetHints":{"allow":["GET"]}}],"collection":[{"href":"https:\/\/energyclub.com.tr\/supplement\/wp-json\/wp\/v2\/pages"}],"about":[{"href":"https:\/\/energyclub.com.tr\/supplement\/wp-json\/wp\/v2\/types\/page"}],"author":[{"embeddable":true,"href":"https:\/\/energyclub.com.tr\/supplement\/wp-json\/wp\/v2\/users\/1"}],"replies":[{"embeddable":true,"href":"https:\/\/energyclub.com.tr\/supplement\/wp-json\/wp\/v2\/comments?post=3785"}],"version-history":[{"count":0,"href":"https:\/\/energyclub.com.tr\/supplement\/wp-json\/wp\/v2\/pages\/3785\/revisions"}],"wp:attachment":[{"href":"https:\/\/energyclub.com.tr\/supplement\/wp-json\/wp\/v2\/media?parent=3785"}],"wp:term":[{"taxonomy":"yst_prominent_words","embeddable":true,"href":"https:\/\/energyclub.com.tr\/supplement\/wp-json\/wp\/v2\/yst_prominent_words?post=3785"}],"curies":[{"name":"wp","href":"https:\/\/api.w.org\/{rel}","templated":true}]}}