{"id":4894,"date":"2020-01-30T21:48:02","date_gmt":"2020-01-30T18:48:02","guid":{"rendered":"https:\/\/energyclub.com.tr\/supplement\/?page_id=4894"},"modified":"2020-01-30T22:10:05","modified_gmt":"2020-01-30T19:10:05","slug":"indirimdeki-urunler","status":"publish","type":"page","link":"https:\/\/energyclub.com.tr\/supplement\/indirimdeki-urunler\/","title":{"rendered":"\u0130ndirimdeki \u00dcr\u00fcnler"},"content":{"rendered":"<section class=\"kc-elm kc-css-39164 kc_row\"><div class=\"kc-row-container  kc-container\"><div class=\"kc-wrap-columns\"><div class=\"kc-elm kc-css-938987 kc_col-sm-12 kc_column kc_col-sm-12\"><div class=\"kc-col-container\"><section id=\"section-products-with-image-6a0364aa50593\" class=\"hide-title\" >\n\t<header class=\"section-header\">\n\t\t<div class=\"col-full\">\n\t\t\t<div class=\"row\">\n\t\t\t\t<div class=\"product-info\">\n\t\t\t\t\t\t\t\t\t\t\t\t\t\t<\/div>\n\t\t\t\t<div class=\"product-image\">\n\t\t\t\t\t\t\t\t\t<\/div>\n\t\t\t<\/div>\n\t\t<\/div>\n\t<\/header>\n\t<div class=\"woocommerce columns-5 \"><div class=\"products\"><div class=\"product type-product post-6603 status-publish first instock product_cat-fitness-aksesuarlari has-post-thumbnail sale shipping-taxable purchasable product-type-variable has-default-attributes\">\n\t<div class=\"product-inner\">\n<div\n\tclass=\"yith-wcwl-add-to-wishlist add-to-wishlist-6603 yith-wcwl-add-to-wishlist--link-style wishlist-fragment on-first-load\"\n\tdata-fragment-ref=\"6603\"\n\tdata-fragment-options=\"{&quot;base_url&quot;:&quot;&quot;,&quot;product_id&quot;:6603,&quot;parent_product_id&quot;:0,&quot;product_type&quot;:&quot;variable&quot;,&quot;is_single&quot;:false,&quot;in_default_wishlist&quot;:false,&quot;show_view&quot;:false,&quot;browse_wishlist_text&quot;:&quot;\\u0130stek listemi g\\u00f6r\\u00fcnt\\u00fcle!&quot;,&quot;already_in_wishslist_text&quot;:&quot;\\u00dcr\\u00fcn zaten istek listenizde bulunuyor.&quot;,&quot;product_added_text&quot;:&quot;\\u00dcr\\u00fcn eklendi!&quot;,&quot;available_multi_wishlist&quot;:false,&quot;disable_wishlist&quot;:false,&quot;show_count&quot;:false,&quot;ajax_loading&quot;:false,&quot;loop_position&quot;:&quot;after_add_to_cart&quot;,&quot;item&quot;:&quot;add_to_wishlist&quot;}\"\n>\n\t\t\t\n\t\t\t<!-- ADD TO WISHLIST -->\n\t\t\t\n<div class=\"yith-wcwl-add-button\">\n\t\t<a\n\t\thref=\"?add_to_wishlist=6603&#038;_wpnonce=ec175bbf64\"\n\t\tclass=\"add_to_wishlist single_add_to_wishlist\"\n\t\tdata-product-id=\"6603\"\n\t\tdata-product-type=\"variable\"\n\t\tdata-original-product-id=\"0\"\n\t\tdata-title=\"\u0130stek listeme ekle!\"\n\t\trel=\"nofollow\"\n\t>\n\t\t<svg id=\"yith-wcwl-icon-heart-outline\" class=\"yith-wcwl-icon-svg\" fill=\"none\" stroke-width=\"1.5\" stroke=\"currentColor\" viewBox=\"0 0 24 24\" xmlns=\"http:\/\/www.w3.org\/2000\/svg\">\n  <path stroke-linecap=\"round\" stroke-linejoin=\"round\" d=\"M21 8.25c0-2.485-2.099-4.5-4.688-4.5-1.935 0-3.597 1.126-4.312 2.733-.715-1.607-2.377-2.733-4.313-2.733C5.1 3.75 3 5.765 3 8.25c0 7.22 9 12 9 12s9-4.78 9-12Z\"><\/path>\n<\/svg>\t\t<span>\u0130stek listeme ekle!<\/span>\n\t<\/a>\n<\/div>\n\n\t\t\t<!-- COUNT TEXT -->\n\t\t\t\n\t\t\t<\/div>\n<a href=\"https:\/\/energyclub.com.tr\/supplement\/urun\/fitness-aksesuarlari\/harbinger-leather-dip-belt-kemer\/\" class=\"woocommerce-LoopProduct-link woocommerce-loop-product__link\">\n\t<span class=\"onsale\">-<span class=\"woocommerce-Price-amount amount\"><bdi>15,00<span class=\"woocommerce-Price-currencySymbol\">&#8378;<\/span><\/bdi><\/span><\/span>\n\t<img loading=\"lazy\" decoding=\"async\" width=\"300\" height=\"300\" src=\"https:\/\/energyclub.com.tr\/supplement\/wp-content\/uploads\/2020\/03\/harbinger_leather_dip_belt_deri_dips_kemeri_26306-300x300.jpeg\" class=\"attachment-woocommerce_thumbnail size-woocommerce_thumbnail\" alt=\"Harbinger Leather Dip Belt Kemer\" srcset=\"https:\/\/energyclub.com.tr\/supplement\/wp-content\/uploads\/2020\/03\/harbinger_leather_dip_belt_deri_dips_kemeri_26306-300x300.jpeg 300w, https:\/\/energyclub.com.tr\/supplement\/wp-content\/uploads\/2020\/03\/harbinger_leather_dip_belt_deri_dips_kemeri_26306-700x700.jpeg 700w, https:\/\/energyclub.com.tr\/supplement\/wp-content\/uploads\/2020\/03\/harbinger_leather_dip_belt_deri_dips_kemeri_26306-150x150.jpeg 150w, https:\/\/energyclub.com.tr\/supplement\/wp-content\/uploads\/2020\/03\/harbinger_leather_dip_belt_deri_dips_kemeri_26306-768x768.jpeg 768w, https:\/\/energyclub.com.tr\/supplement\/wp-content\/uploads\/2020\/03\/harbinger_leather_dip_belt_deri_dips_kemeri_26306-320x320.jpeg 320w, https:\/\/energyclub.com.tr\/supplement\/wp-content\/uploads\/2020\/03\/harbinger_leather_dip_belt_deri_dips_kemeri_26306-640x640.jpeg 640w, https:\/\/energyclub.com.tr\/supplement\/wp-content\/uploads\/2020\/03\/harbinger_leather_dip_belt_deri_dips_kemeri_26306-360x360.jpeg 360w, https:\/\/energyclub.com.tr\/supplement\/wp-content\/uploads\/2020\/03\/harbinger_leather_dip_belt_deri_dips_kemeri_26306-720x720.jpeg 720w, https:\/\/energyclub.com.tr\/supplement\/wp-content\/uploads\/2020\/03\/harbinger_leather_dip_belt_deri_dips_kemeri_26306-600x600.jpeg 600w, https:\/\/energyclub.com.tr\/supplement\/wp-content\/uploads\/2020\/03\/harbinger_leather_dip_belt_deri_dips_kemeri_26306-100x100.jpeg 100w, https:\/\/energyclub.com.tr\/supplement\/wp-content\/uploads\/2020\/03\/harbinger_leather_dip_belt_deri_dips_kemeri_26306.jpeg 800w\" sizes=\"auto, (max-width: 300px) 100vw, 300px\" \/>\n\t<span class=\"price\"><ins><span class=\"woocommerce-Price-amount amount\"><bdi>415,00<span class=\"woocommerce-Price-currencySymbol\">&#8378;<\/span><\/bdi><\/span><\/ins> <del><span class=\"woocommerce-Price-amount amount\"><bdi>430,00<span class=\"woocommerce-Price-currencySymbol\">&#8378;<\/span><\/bdi><\/span><\/del><\/span>\n<h2 class=\"woocommerce-loop-product__title\">Harbinger Leather Dip Belt Kemer<\/h2><\/a><div class=\"hover-area\">\t<span id=\"woocommerce_loop_add_to_cart_link_describedby_6603\" class=\"screen-reader-text\">\n\t\tBu \u00fcr\u00fcn\u00fcn birden fazla varyasyonu var. Se\u00e7enekler \u00fcr\u00fcn sayfas\u0131ndan se\u00e7ilebilir\t<\/span>\n<a href=\"https:\/\/energyclub.com.tr\/supplement?action=yith-woocompare-add-product&id=6603\" class=\"add-to-compare-link\" data-product_id=\"6603\">Kar\u015f\u0131la\u015ft\u0131r<\/a><\/div><\/div><!-- \/.product-inner --><\/div>\n<div class=\"product type-product post-6599 status-publish instock product_cat-fitness-aksesuarlari has-post-thumbnail sale shipping-taxable purchasable product-type-variable\">\n\t<div class=\"product-inner\">\n<div\n\tclass=\"yith-wcwl-add-to-wishlist add-to-wishlist-6599 yith-wcwl-add-to-wishlist--link-style wishlist-fragment on-first-load\"\n\tdata-fragment-ref=\"6599\"\n\tdata-fragment-options=\"{&quot;base_url&quot;:&quot;&quot;,&quot;product_id&quot;:6599,&quot;parent_product_id&quot;:0,&quot;product_type&quot;:&quot;variable&quot;,&quot;is_single&quot;:false,&quot;in_default_wishlist&quot;:false,&quot;show_view&quot;:false,&quot;browse_wishlist_text&quot;:&quot;\\u0130stek listemi g\\u00f6r\\u00fcnt\\u00fcle!&quot;,&quot;already_in_wishslist_text&quot;:&quot;\\u00dcr\\u00fcn zaten istek listenizde bulunuyor.&quot;,&quot;product_added_text&quot;:&quot;\\u00dcr\\u00fcn eklendi!&quot;,&quot;available_multi_wishlist&quot;:false,&quot;disable_wishlist&quot;:false,&quot;show_count&quot;:false,&quot;ajax_loading&quot;:false,&quot;loop_position&quot;:&quot;after_add_to_cart&quot;,&quot;item&quot;:&quot;add_to_wishlist&quot;}\"\n>\n\t\t\t\n\t\t\t<!-- ADD TO WISHLIST -->\n\t\t\t\n<div class=\"yith-wcwl-add-button\">\n\t\t<a\n\t\thref=\"?add_to_wishlist=6599&#038;_wpnonce=ec175bbf64\"\n\t\tclass=\"add_to_wishlist single_add_to_wishlist\"\n\t\tdata-product-id=\"6599\"\n\t\tdata-product-type=\"variable\"\n\t\tdata-original-product-id=\"0\"\n\t\tdata-title=\"\u0130stek listeme ekle!\"\n\t\trel=\"nofollow\"\n\t>\n\t\t<svg id=\"yith-wcwl-icon-heart-outline\" class=\"yith-wcwl-icon-svg\" fill=\"none\" stroke-width=\"1.5\" stroke=\"currentColor\" viewBox=\"0 0 24 24\" xmlns=\"http:\/\/www.w3.org\/2000\/svg\">\n  <path stroke-linecap=\"round\" stroke-linejoin=\"round\" d=\"M21 8.25c0-2.485-2.099-4.5-4.688-4.5-1.935 0-3.597 1.126-4.312 2.733-.715-1.607-2.377-2.733-4.313-2.733C5.1 3.75 3 5.765 3 8.25c0 7.22 9 12 9 12s9-4.78 9-12Z\"><\/path>\n<\/svg>\t\t<span>\u0130stek listeme ekle!<\/span>\n\t<\/a>\n<\/div>\n\n\t\t\t<!-- COUNT TEXT -->\n\t\t\t\n\t\t\t<\/div>\n<a href=\"https:\/\/energyclub.com.tr\/supplement\/urun\/fitness-aksesuarlari\/harbinger-bioflex-eldiven\/\" class=\"woocommerce-LoopProduct-link woocommerce-loop-product__link\">\n\t<span class=\"onsale\">-<span class=\"woocommerce-Price-amount amount\"><bdi>39,00<span class=\"woocommerce-Price-currencySymbol\">&#8378;<\/span><\/bdi><\/span><\/span>\n\t<img loading=\"lazy\" decoding=\"async\" width=\"300\" height=\"300\" src=\"https:\/\/energyclub.com.tr\/supplement\/wp-content\/uploads\/2020\/03\/harbinger_bioflex_eldiven_gri_26302-300x300.jpeg\" class=\"attachment-woocommerce_thumbnail size-woocommerce_thumbnail\" alt=\"Harbinger Bioflex Eldiven\" srcset=\"https:\/\/energyclub.com.tr\/supplement\/wp-content\/uploads\/2020\/03\/harbinger_bioflex_eldiven_gri_26302-300x300.jpeg 300w, https:\/\/energyclub.com.tr\/supplement\/wp-content\/uploads\/2020\/03\/harbinger_bioflex_eldiven_gri_26302-700x700.jpeg 700w, https:\/\/energyclub.com.tr\/supplement\/wp-content\/uploads\/2020\/03\/harbinger_bioflex_eldiven_gri_26302-150x150.jpeg 150w, https:\/\/energyclub.com.tr\/supplement\/wp-content\/uploads\/2020\/03\/harbinger_bioflex_eldiven_gri_26302-768x768.jpeg 768w, https:\/\/energyclub.com.tr\/supplement\/wp-content\/uploads\/2020\/03\/harbinger_bioflex_eldiven_gri_26302-320x320.jpeg 320w, https:\/\/energyclub.com.tr\/supplement\/wp-content\/uploads\/2020\/03\/harbinger_bioflex_eldiven_gri_26302-640x640.jpeg 640w, https:\/\/energyclub.com.tr\/supplement\/wp-content\/uploads\/2020\/03\/harbinger_bioflex_eldiven_gri_26302-360x360.jpeg 360w, https:\/\/energyclub.com.tr\/supplement\/wp-content\/uploads\/2020\/03\/harbinger_bioflex_eldiven_gri_26302-720x720.jpeg 720w, https:\/\/energyclub.com.tr\/supplement\/wp-content\/uploads\/2020\/03\/harbinger_bioflex_eldiven_gri_26302-600x600.jpeg 600w, https:\/\/energyclub.com.tr\/supplement\/wp-content\/uploads\/2020\/03\/harbinger_bioflex_eldiven_gri_26302-100x100.jpeg 100w, https:\/\/energyclub.com.tr\/supplement\/wp-content\/uploads\/2020\/03\/harbinger_bioflex_eldiven_gri_26302.jpeg 800w\" sizes=\"auto, (max-width: 300px) 100vw, 300px\" \/>\n\t<span class=\"price\"><ins><span class=\"woocommerce-Price-amount amount\"><bdi>330,00<span class=\"woocommerce-Price-currencySymbol\">&#8378;<\/span><\/bdi><\/span><\/ins> <del><span class=\"woocommerce-Price-amount amount\"><bdi>369,00<span class=\"woocommerce-Price-currencySymbol\">&#8378;<\/span><\/bdi><\/span><\/del><\/span>\n<h2 class=\"woocommerce-loop-product__title\">Harbinger Bioflex Eldiven<\/h2><\/a><div class=\"hover-area\">\t<span id=\"woocommerce_loop_add_to_cart_link_describedby_6599\" class=\"screen-reader-text\">\n\t\tBu \u00fcr\u00fcn\u00fcn birden fazla varyasyonu var. Se\u00e7enekler \u00fcr\u00fcn sayfas\u0131ndan se\u00e7ilebilir\t<\/span>\n<a href=\"https:\/\/energyclub.com.tr\/supplement?action=yith-woocompare-add-product&id=6599\" class=\"add-to-compare-link\" data-product_id=\"6599\">Kar\u015f\u0131la\u015ft\u0131r<\/a><\/div><\/div><!-- \/.product-inner --><\/div>\n<div class=\"product type-product post-3340 status-publish outofstock product_cat-whey-protein has-post-thumbnail sale shipping-taxable purchasable product-type-variable\">\n\t<div class=\"product-inner\">\n<div\n\tclass=\"yith-wcwl-add-to-wishlist add-to-wishlist-3340 yith-wcwl-add-to-wishlist--link-style wishlist-fragment on-first-load\"\n\tdata-fragment-ref=\"3340\"\n\tdata-fragment-options=\"{&quot;base_url&quot;:&quot;&quot;,&quot;product_id&quot;:3340,&quot;parent_product_id&quot;:0,&quot;product_type&quot;:&quot;variable&quot;,&quot;is_single&quot;:false,&quot;in_default_wishlist&quot;:false,&quot;show_view&quot;:false,&quot;browse_wishlist_text&quot;:&quot;\\u0130stek listemi g\\u00f6r\\u00fcnt\\u00fcle!&quot;,&quot;already_in_wishslist_text&quot;:&quot;\\u00dcr\\u00fcn zaten istek listenizde bulunuyor.&quot;,&quot;product_added_text&quot;:&quot;\\u00dcr\\u00fcn eklendi!&quot;,&quot;available_multi_wishlist&quot;:false,&quot;disable_wishlist&quot;:false,&quot;show_count&quot;:false,&quot;ajax_loading&quot;:false,&quot;loop_position&quot;:&quot;after_add_to_cart&quot;,&quot;item&quot;:&quot;add_to_wishlist&quot;}\"\n>\n\t\t\t\n\t\t\t<!-- ADD TO WISHLIST -->\n\t\t\t\n<div class=\"yith-wcwl-add-button\">\n\t\t<a\n\t\thref=\"?add_to_wishlist=3340&#038;_wpnonce=ec175bbf64\"\n\t\tclass=\"add_to_wishlist single_add_to_wishlist\"\n\t\tdata-product-id=\"3340\"\n\t\tdata-product-type=\"variable\"\n\t\tdata-original-product-id=\"0\"\n\t\tdata-title=\"\u0130stek listeme ekle!\"\n\t\trel=\"nofollow\"\n\t>\n\t\t<svg id=\"yith-wcwl-icon-heart-outline\" class=\"yith-wcwl-icon-svg\" fill=\"none\" stroke-width=\"1.5\" stroke=\"currentColor\" viewBox=\"0 0 24 24\" xmlns=\"http:\/\/www.w3.org\/2000\/svg\">\n  <path stroke-linecap=\"round\" stroke-linejoin=\"round\" d=\"M21 8.25c0-2.485-2.099-4.5-4.688-4.5-1.935 0-3.597 1.126-4.312 2.733-.715-1.607-2.377-2.733-4.313-2.733C5.1 3.75 3 5.765 3 8.25c0 7.22 9 12 9 12s9-4.78 9-12Z\"><\/path>\n<\/svg>\t\t<span>\u0130stek listeme ekle!<\/span>\n\t<\/a>\n<\/div>\n\n\t\t\t<!-- COUNT TEXT -->\n\t\t\t\n\t\t\t<\/div>\n<a href=\"https:\/\/energyclub.com.tr\/supplement\/urun\/protein-tozu\/whey-protein\/sci-mx-ultra-whey-protein-908-gr\/\" class=\"woocommerce-LoopProduct-link woocommerce-loop-product__link\">\n\t<span class=\"onsale\">-<span class=\"woocommerce-Price-amount amount\"><bdi>40,00<span class=\"woocommerce-Price-currencySymbol\">&#8378;<\/span><\/bdi><\/span><\/span>\n\t<img loading=\"lazy\" decoding=\"async\" width=\"300\" height=\"300\" src=\"https:\/\/energyclub.com.tr\/supplement\/wp-content\/uploads\/2020\/01\/sci_mx_ultra_whey_protein_908_gr-300x300.png\" class=\"attachment-woocommerce_thumbnail size-woocommerce_thumbnail\" alt=\"Sci-Mx Ultra Whey Protein 908 Gr.\" srcset=\"https:\/\/energyclub.com.tr\/supplement\/wp-content\/uploads\/2020\/01\/sci_mx_ultra_whey_protein_908_gr-300x300.png 300w, https:\/\/energyclub.com.tr\/supplement\/wp-content\/uploads\/2020\/01\/sci_mx_ultra_whey_protein_908_gr-100x100.png 100w, https:\/\/energyclub.com.tr\/supplement\/wp-content\/uploads\/2020\/01\/sci_mx_ultra_whey_protein_908_gr-150x150.png 150w, https:\/\/energyclub.com.tr\/supplement\/wp-content\/uploads\/2020\/01\/sci_mx_ultra_whey_protein_908_gr.png 400w\" sizes=\"auto, (max-width: 300px) 100vw, 300px\" \/>\n\t<span class=\"price\"><ins><span class=\"woocommerce-Price-amount amount\"><bdi>169,00<span class=\"woocommerce-Price-currencySymbol\">&#8378;<\/span><\/bdi><\/span><\/ins> <del><span class=\"woocommerce-Price-amount amount\"><bdi>209,00<span class=\"woocommerce-Price-currencySymbol\">&#8378;<\/span><\/bdi><\/span><\/del><\/span>\n<h2 class=\"woocommerce-loop-product__title\">Sci-Mx Ultra Whey Protein 908 Gr.<\/h2><\/a><div class=\"hover-area\">\t<span id=\"woocommerce_loop_add_to_cart_link_describedby_3340\" class=\"screen-reader-text\">\n\t\tBu \u00fcr\u00fcn\u00fcn birden fazla varyasyonu var. Se\u00e7enekler \u00fcr\u00fcn sayfas\u0131ndan se\u00e7ilebilir\t<\/span>\n<a href=\"https:\/\/energyclub.com.tr\/supplement?action=yith-woocompare-add-product&id=3340\" class=\"add-to-compare-link\" data-product_id=\"3340\">Kar\u015f\u0131la\u015ft\u0131r<\/a><\/div><\/div><!-- \/.product-inner --><\/div>\n<div class=\"product type-product post-3325 status-publish outofstock product_cat-whey-protein has-post-thumbnail sale shipping-taxable purchasable product-type-variable\">\n\t<div class=\"product-inner\">\n<div\n\tclass=\"yith-wcwl-add-to-wishlist add-to-wishlist-3325 yith-wcwl-add-to-wishlist--link-style wishlist-fragment on-first-load\"\n\tdata-fragment-ref=\"3325\"\n\tdata-fragment-options=\"{&quot;base_url&quot;:&quot;&quot;,&quot;product_id&quot;:3325,&quot;parent_product_id&quot;:0,&quot;product_type&quot;:&quot;variable&quot;,&quot;is_single&quot;:false,&quot;in_default_wishlist&quot;:false,&quot;show_view&quot;:false,&quot;browse_wishlist_text&quot;:&quot;\\u0130stek listemi g\\u00f6r\\u00fcnt\\u00fcle!&quot;,&quot;already_in_wishslist_text&quot;:&quot;\\u00dcr\\u00fcn zaten istek listenizde bulunuyor.&quot;,&quot;product_added_text&quot;:&quot;\\u00dcr\\u00fcn eklendi!&quot;,&quot;available_multi_wishlist&quot;:false,&quot;disable_wishlist&quot;:false,&quot;show_count&quot;:false,&quot;ajax_loading&quot;:false,&quot;loop_position&quot;:&quot;after_add_to_cart&quot;,&quot;item&quot;:&quot;add_to_wishlist&quot;}\"\n>\n\t\t\t\n\t\t\t<!-- ADD TO WISHLIST -->\n\t\t\t\n<div class=\"yith-wcwl-add-button\">\n\t\t<a\n\t\thref=\"?add_to_wishlist=3325&#038;_wpnonce=ec175bbf64\"\n\t\tclass=\"add_to_wishlist single_add_to_wishlist\"\n\t\tdata-product-id=\"3325\"\n\t\tdata-product-type=\"variable\"\n\t\tdata-original-product-id=\"0\"\n\t\tdata-title=\"\u0130stek listeme ekle!\"\n\t\trel=\"nofollow\"\n\t>\n\t\t<svg id=\"yith-wcwl-icon-heart-outline\" class=\"yith-wcwl-icon-svg\" fill=\"none\" stroke-width=\"1.5\" stroke=\"currentColor\" viewBox=\"0 0 24 24\" xmlns=\"http:\/\/www.w3.org\/2000\/svg\">\n  <path stroke-linecap=\"round\" stroke-linejoin=\"round\" d=\"M21 8.25c0-2.485-2.099-4.5-4.688-4.5-1.935 0-3.597 1.126-4.312 2.733-.715-1.607-2.377-2.733-4.313-2.733C5.1 3.75 3 5.765 3 8.25c0 7.22 9 12 9 12s9-4.78 9-12Z\"><\/path>\n<\/svg>\t\t<span>\u0130stek listeme ekle!<\/span>\n\t<\/a>\n<\/div>\n\n\t\t\t<!-- COUNT TEXT -->\n\t\t\t\n\t\t\t<\/div>\n<a href=\"https:\/\/energyclub.com.tr\/supplement\/urun\/protein-tozu\/whey-protein\/optimum-gold-standard-whey-protein-tozu-2273-gr\/\" class=\"woocommerce-LoopProduct-link woocommerce-loop-product__link\">\n\t<span class=\"onsale\">-<span class=\"woocommerce-Price-amount amount\"><bdi>10,00<span class=\"woocommerce-Price-currencySymbol\">&#8378;<\/span><\/bdi><\/span><\/span>\n\t<img loading=\"lazy\" decoding=\"async\" width=\"300\" height=\"300\" src=\"https:\/\/energyclub.com.tr\/supplement\/wp-content\/uploads\/2020\/01\/optimum_gold_standard_whey_protein_tozu_2273_gr-300x300.jpeg\" class=\"attachment-woocommerce_thumbnail size-woocommerce_thumbnail\" alt=\"Optimum Gold Standard Whey Protein Tozu 2273 Gr.\" srcset=\"https:\/\/energyclub.com.tr\/supplement\/wp-content\/uploads\/2020\/01\/optimum_gold_standard_whey_protein_tozu_2273_gr-300x300.jpeg 300w, https:\/\/energyclub.com.tr\/supplement\/wp-content\/uploads\/2020\/01\/optimum_gold_standard_whey_protein_tozu_2273_gr-100x100.jpeg 100w, https:\/\/energyclub.com.tr\/supplement\/wp-content\/uploads\/2020\/01\/optimum_gold_standard_whey_protein_tozu_2273_gr-600x600.jpeg 600w, https:\/\/energyclub.com.tr\/supplement\/wp-content\/uploads\/2020\/01\/optimum_gold_standard_whey_protein_tozu_2273_gr-700x700.jpeg 700w, https:\/\/energyclub.com.tr\/supplement\/wp-content\/uploads\/2020\/01\/optimum_gold_standard_whey_protein_tozu_2273_gr-150x150.jpeg 150w, https:\/\/energyclub.com.tr\/supplement\/wp-content\/uploads\/2020\/01\/optimum_gold_standard_whey_protein_tozu_2273_gr-768x768.jpeg 768w, https:\/\/energyclub.com.tr\/supplement\/wp-content\/uploads\/2020\/01\/optimum_gold_standard_whey_protein_tozu_2273_gr.jpeg 800w\" sizes=\"auto, (max-width: 300px) 100vw, 300px\" \/>\n\t<span class=\"price\"><ins><span class=\"woocommerce-Price-amount amount\"><bdi>339,00<span class=\"woocommerce-Price-currencySymbol\">&#8378;<\/span><\/bdi><\/span><\/ins> <del><span class=\"woocommerce-Price-amount amount\"><bdi>349,00<span class=\"woocommerce-Price-currencySymbol\">&#8378;<\/span><\/bdi><\/span><\/del><\/span>\n<h2 class=\"woocommerce-loop-product__title\">Optimum Gold Standard Whey Protein Tozu 2273 Gr.<\/h2><\/a><div class=\"hover-area\">\t<span id=\"woocommerce_loop_add_to_cart_link_describedby_3325\" class=\"screen-reader-text\">\n\t\tBu \u00fcr\u00fcn\u00fcn birden fazla varyasyonu var. Se\u00e7enekler \u00fcr\u00fcn sayfas\u0131ndan se\u00e7ilebilir\t<\/span>\n<a href=\"https:\/\/energyclub.com.tr\/supplement?action=yith-woocompare-add-product&id=3325\" class=\"add-to-compare-link\" data-product_id=\"3325\">Kar\u015f\u0131la\u015ft\u0131r<\/a><\/div><\/div><!-- \/.product-inner --><\/div>\n<\/div>\n<\/div>\t<\/section><\/div><\/div><\/div><\/div><\/section>\n","protected":false},"excerpt":{"rendered":"","protected":false},"author":1,"featured_media":0,"parent":0,"menu_order":0,"comment_status":"closed","ping_status":"closed","template":"","meta":{"footnotes":""},"yst_prominent_words":[],"class_list":["post-4894","page","type-page","status-publish","hentry"],"_links":{"self":[{"href":"https:\/\/energyclub.com.tr\/supplement\/wp-json\/wp\/v2\/pages\/4894","targetHints":{"allow":["GET"]}}],"collection":[{"href":"https:\/\/energyclub.com.tr\/supplement\/wp-json\/wp\/v2\/pages"}],"about":[{"href":"https:\/\/energyclub.com.tr\/supplement\/wp-json\/wp\/v2\/types\/page"}],"author":[{"embeddable":true,"href":"https:\/\/energyclub.com.tr\/supplement\/wp-json\/wp\/v2\/users\/1"}],"replies":[{"embeddable":true,"href":"https:\/\/energyclub.com.tr\/supplement\/wp-json\/wp\/v2\/comments?post=4894"}],"version-history":[{"count":0,"href":"https:\/\/energyclub.com.tr\/supplement\/wp-json\/wp\/v2\/pages\/4894\/revisions"}],"wp:attachment":[{"href":"https:\/\/energyclub.com.tr\/supplement\/wp-json\/wp\/v2\/media?parent=4894"}],"wp:term":[{"taxonomy":"yst_prominent_words","embeddable":true,"href":"https:\/\/energyclub.com.tr\/supplement\/wp-json\/wp\/v2\/yst_prominent_words?post=4894"}],"curies":[{"name":"wp","href":"https:\/\/api.w.org\/{rel}","templated":true}]}}