{"id":3290,"date":"2020-01-02T16:32:50","date_gmt":"2020-01-02T16:32:50","guid":{"rendered":"https:\/\/energyclub.com.tr\/supplement\/?post_type=product&#038;p=3290"},"modified":"2020-12-17T21:59:27","modified_gmt":"2020-12-17T18:59:27","slug":"big-joy-big-whey-classic-whey-protein-933-gr","status":"publish","type":"product","link":"https:\/\/energyclub.com.tr\/supplement\/urun\/protein-tozu\/whey-protein\/big-joy-big-whey-classic-whey-protein-933-gr\/","title":{"rendered":"Big Joy Big Whey Classic Whey Protein 933 Gr."},"content":{"rendered":"<h2>Big Joy Big Whey Classic Whey Protein nedir?<\/h2>\n<p>Big Joy Big Whey Classic Whey Protein, al\u0131\u015fk\u0131n oldu\u011fumuz &#8220;klasik&#8221; kova \u015fi\u015fe formunda paketlenmi\u015f bir whey proteinidir. %77,7 oran\u0131nda whey potein i\u00e7eri\u011fine sahip olan Big Joy Big Whey Classic, servis ba\u015f\u0131na 24 g protein sunar.<\/p>\n<p>30 servislik protein deste\u011fi sa\u011flayan bu \u00fcr\u00fcn, her porsiyonda 5,3 g BCAA ve 3,8 g glutamin \u00f6nc\u00fcleri amino asitleri i\u00e7erir.\u00a0\u0130\u00e7erdi\u011fi y\u00fcksek orandaki protein, kas k\u00fctlesinin art\u0131\u015f\u0131na ve korunmas\u0131na katk\u0131da bulunur.<\/p>\n<h2>Big Joy Big Whey Classic Whey Protein&#8217;in dikkat \u00e7eken \u00f6zellikleri:<\/h2>\n<p>&#8211; Konsantre ve izole whey proteini kar\u0131\u015f\u0131m\u0131ndan sa\u011flanan %77,7 oran\u0131nda protein<\/p>\n<p>&#8211; 1 serviste 24 gram protein<\/p>\n<p>&#8211; 1 serviste 5,3 gram BCAA<\/p>\n<p>&#8211; 1 serviste 3,8 gram glutamin \u00f6nc\u00fcleri<\/p>\n","protected":false},"excerpt":{"rendered":"<ul class=\"pp-first-list\">\n<li><span class=\"pp-sm-title\">Marka<\/span>:<span class=\"pp-sm-desc\">Big Joy<\/span><\/li>\n<li><span class=\"pp-sm-title pp-sm-title\">Servis Say\u0131s\u0131<\/span>:<span class=\"pp-sm-desc spec-service-size\">30<\/span><\/li>\n<li><span class=\"pp-sm-title\">Servis Miktar\u0131<\/span>:<span class=\"pp-sm-desc spec-service-amount\">1 \u00d6l\u00e7ek (31,10 g)<\/span><\/li>\n<li><span class=\"pp-sm-title\">Servis Ba\u015f\u0131 Fiyat<\/span>:<span class=\"pp-sm-desc spec-one-service-price\">4,63 TL<\/span><\/li>\n<li><span class=\"pp-sm-title\">Protein Oran\u0131<\/span>:<span class=\"pp-sm-desc\">%77,7<\/span><\/li>\n<li><span class=\"pp-sm-title\">Karbonhidrat Oran\u0131<\/span>:<span class=\"pp-sm-desc\">%5,5<\/span><\/li>\n<li><span class=\"pp-sm-title\">\u015eeker Oran\u0131<\/span>:<span class=\"pp-sm-desc\">%3,9<\/span><\/li>\n<li><span class=\"pp-sm-title\">Ya\u011f Oran\u0131<\/span>:<span class=\"pp-sm-desc\">%5,8<\/span><\/li>\n<li><span class=\"pp-sm-title\">Arjinin Oran\u0131<\/span>:<span class=\"pp-sm-desc\">%2,9<\/span><\/li>\n<\/ul>\n","protected":false},"featured_media":3291,"comment_status":"open","ping_status":"closed","template":"","meta":[],"product_brand":[],"product_cat":[120],"product_tag":[],"yst_prominent_words":[],"class_list":{"0":"post-3290","1":"product","2":"type-product","3":"status-publish","4":"has-post-thumbnail","6":"product_cat-whey-protein","7":"pa_brand-bigjoy-supplement","9":"first","10":"outofstock","11":"shipping-taxable","12":"purchasable","13":"product-type-variable"},"_links":{"self":[{"href":"https:\/\/energyclub.com.tr\/supplement\/wp-json\/wp\/v2\/product\/3290","targetHints":{"allow":["GET"]}}],"collection":[{"href":"https:\/\/energyclub.com.tr\/supplement\/wp-json\/wp\/v2\/product"}],"about":[{"href":"https:\/\/energyclub.com.tr\/supplement\/wp-json\/wp\/v2\/types\/product"}],"replies":[{"embeddable":true,"href":"https:\/\/energyclub.com.tr\/supplement\/wp-json\/wp\/v2\/comments?post=3290"}],"wp:featuredmedia":[{"embeddable":true,"href":"https:\/\/energyclub.com.tr\/supplement\/wp-json\/wp\/v2\/media\/3291"}],"wp:attachment":[{"href":"https:\/\/energyclub.com.tr\/supplement\/wp-json\/wp\/v2\/media?parent=3290"}],"wp:term":[{"taxonomy":"product_brand","embeddable":true,"href":"https:\/\/energyclub.com.tr\/supplement\/wp-json\/wp\/v2\/product_brand?post=3290"},{"taxonomy":"product_cat","embeddable":true,"href":"https:\/\/energyclub.com.tr\/supplement\/wp-json\/wp\/v2\/product_cat?post=3290"},{"taxonomy":"product_tag","embeddable":true,"href":"https:\/\/energyclub.com.tr\/supplement\/wp-json\/wp\/v2\/product_tag?post=3290"},{"taxonomy":"yst_prominent_words","embeddable":true,"href":"https:\/\/energyclub.com.tr\/supplement\/wp-json\/wp\/v2\/yst_prominent_words?post=3290"}],"curies":[{"name":"wp","href":"https:\/\/api.w.org\/{rel}","templated":true}]}}