{"id":3296,"date":"2020-01-02T16:41:43","date_gmt":"2020-01-02T16:41:43","guid":{"rendered":"https:\/\/energyclub.com.tr\/supplement\/?post_type=product&#038;p=3296"},"modified":"2021-03-01T17:38:11","modified_gmt":"2021-03-01T14:38:11","slug":"hardline-whey-3-matrix-4000-gr","status":"publish","type":"product","link":"https:\/\/energyclub.com.tr\/supplement\/urun\/protein-tozu\/kompleks-protein\/hardline-whey-3-matrix-4000-gr\/","title":{"rendered":"Hardline Whey 3 Matrix 4000 Gr."},"content":{"rendered":"<h1>Hardline Whey 3 Matrix 4000 Gr.<\/h1>\n<p><b>Hardline Whey 3 Matrix Nedir?<\/b><\/p>\n<p>Hardline Whey 3Matrix son d\u00f6nemin en ba\u015far\u0131l\u0131 whey protein \u00fcr\u00fcnlerinden birisidir. 3Matrix ad\u0131, i\u00e7eri\u011finde bulunan\u00a03 farkli whey\u00a0proteininden gelmektedir.\u00a0\u00a0<b>Hidrolize, Izole\u00a0<\/b>ve<b>\u00a0Konsantre<\/b> whey proteini i\u00e7eren <strong>Hardline Whey<\/strong>\u00a0antrenman \u00f6ncesi ve sonras\u0131 i\u00e7in uygun bir \u00fcr\u00fcnd\u00fcr.<\/p>\n<p>En h\u0131zl\u0131 emilime sahip olan Hidrolize ve \u0130zole Whey protein i\u00e7eri\u011fi ile di\u011fer protein t\u00fcrlerine g\u00f6re kaslar\u0131n protein ihtiyac\u0131n\u0131 normalden daha h\u0131zl\u0131 bir \u015fekilde kar\u015f\u0131lamaya yard\u0131mc\u0131 olabilir.<\/p>\n<p><strong>Hardline Whey 3 Matrix 4000 Gr. <\/strong>\u0131n yenilenen form\u00fcl\u00fc <a title=\"B6 vitaminleri\" href=\"https:\/\/www.vitaminler.com\/c\/b-vitaminleri-77?specs=877\" target=\"_blank\" rel=\"noopener noreferrer\">B6 vitamini<\/a>\u00a0ile desteklenmi\u015ftir. B6 vitamini normal protein ve glikojen metabolizmas\u0131na katk\u0131da bulunur.<\/p>\n<p>Hardline Whey 3Matrix&#8217;in dikkat \u00e7eken \u00f6zellikleri:<\/p>\n<p>&#8211; %80 protein oran\u0131:<\/p>\n<ul>\n<li>\u00c7ikolata : 24,1 g<\/li>\n<li>\u00c7ilek : 24,6 g<\/li>\n<\/ul>\n<p>&#8211; %22,3 BCAA oran\u0131:<\/p>\n<ul>\n<li>\u00c7ikolata : 5,37 g<\/li>\n<li>\u00c7ilek : 5,48 g<\/li>\n<\/ul>\n<div>&#8211; %14,2 Glutamik Asit \u00f6nc\u00fcleri oran\u0131:<\/div>\n<ul>\n<li>\u00c7ikolata : 3,43 g<\/li>\n<li>\u00c7ilek : 3,50 g<\/li>\n<\/ul>\n<p>&#8211; 3 fark\u0131 Whey protein \u00e7e\u015fidi: Hidrolize, \u0130zole ve Konsantre Whey proteinleri<\/p>\n<p>&#8211; B6 vitamini ile desteklenmi\u015f yeni form\u00fcl<\/p>\n<p>&#8211; Saf formda 2000mg\u00a0<a title=\"Kreatin Monohidrat \u00fcr\u00fcnleri\" href=\"https:\/\/www.supplementler.com\/c\/kreatin-monohidrat-27\" target=\"_blank\" rel=\"noopener noreferrer\">Kreatin Monohidrat<\/a><\/p>\n<p>&#8211; Yenilenen \u00f6l\u00e7ek boyu artan servis miktar\u0131<\/p>\n<p>&#8211; Aspartam tatland\u0131r\u0131c\u0131s\u0131 i\u00e7ermez.<\/p>\n<p><strong><a href=\"https:\/\/energyclub.com.tr\/supplement\/brand\/hardline\/\">T\u00dcM HARDLINE \u00dcR\u00dcNLER\u0130N\u0130 \u0130NCELEY\u0130N\u0130Z.<\/a><\/strong><\/p>\n<p>&nbsp;<\/p>\n<p>e-Supplement fark\u0131yla m\u00fc\u015fterilerimize en kaliteli supplement \u00fcr\u00fcnlerini sunuyoruz. <strong>Protein Tozu<\/strong>, <strong>Amino Asit<\/strong>, <strong>Kilo ve Hacim \u00dcr\u00fcnleri<\/strong>,<strong> L-Karnitin ve CLA<\/strong>, <strong>Performans ve G\u00fc\u00e7 \u00dcr\u00fcnleri<\/strong>, <strong>Sporcu Vitaminleri<\/strong>, <strong>Sa\u011fl\u0131kl\u0131 At\u0131\u015ft\u0131rmal\u0131klar<\/strong> ve <strong>Fitness Aksesuarlar\u0131<\/strong>n\u0131n sat\u0131\u015f\u0131n\u0131\u00a0 en uygun ve en kaliteli \u015fekilde sat\u0131\u015f\u0131n\u0131 yapmaktay\u0131z. <strong>Ayn\u0131 G\u00fcn Kargo<\/strong> avantaj\u0131yla \u00fcr\u00fcnleriniz en ge\u00e7 2. g\u00fcn sizlere ula\u015fm\u0131\u015f olacakt\u0131r. Ayr\u0131ca websitemizde bulunan <strong>Blog<\/strong>&#8216;ta sporcular ve v\u00fccut geli\u015ftiren m\u00fc\u015fterilerimiz i\u00e7in; uzman v\u00fccut geli\u015ftirme \u015fampiyonunun \u00f6nerilerine bir\u00e7ok faydal\u0131 bilgiye ula\u015fabilirsiniz.<\/p>\n","protected":false},"excerpt":{"rendered":"<ul class=\"pp-first-list\">\n<li><span class=\"pp-sm-title\">Marka<\/span>:<span class=\"pp-sm-desc\">Hardline<\/span><\/li>\n<li><span class=\"pp-sm-title pp-sm-title\">Servis Say\u0131s\u0131<\/span>:<span class=\"pp-sm-desc spec-service-size\">133<\/span><\/li>\n<li><span class=\"pp-sm-title\">Servis Miktar\u0131<\/span>:<span class=\"pp-sm-desc spec-service-amount\">1 \u00d6l\u00e7ek (30 g)<\/span><\/li>\n<li><span class=\"pp-sm-title\">Servis Ba\u015f\u0131 Fiyat<\/span>:<span class=\"pp-sm-desc spec-one-service-price\">3,38 TL<\/span><\/li>\n<li><span class=\"pp-sm-title\">Protein Oran\u0131<\/span>:<span class=\"pp-sm-desc\">%80,3<\/span><\/li>\n<li><span class=\"pp-sm-title\">Karbonhidrat Oran\u0131<\/span>:<span class=\"pp-sm-desc\">%4,7<\/span><\/li>\n<li><span class=\"pp-sm-title\">\u015eeker Oran\u0131<\/span>:<span class=\"pp-sm-desc\">%4,7<\/span><\/li>\n<li><span class=\"pp-sm-title\">Ya\u011f Oran\u0131<\/span>:<span class=\"pp-sm-desc\">%6,3<\/span><\/li>\n<li><span class=\"pp-sm-title\">Arjinin Oran\u0131<\/span>:<span class=\"pp-sm-desc\">%2,4<\/span><\/li>\n<\/ul>\n<p><strong><a href=\"https:\/\/energyclub.com.tr\/supplement\/brand\/hardline\/\">D\u0130\u011eER HARDLINE \u00dcR\u00dcNLER\u0130N\u0130 \u0130NCELEY\u0130N!<\/a><\/strong><\/p>\n","protected":false},"featured_media":3297,"comment_status":"open","ping_status":"closed","template":"","meta":[],"product_brand":[],"product_cat":[123,120],"product_tag":[619,618,622,621,620],"yst_prominent_words":[],"class_list":{"0":"post-3296","1":"product","2":"type-product","3":"status-publish","4":"has-post-thumbnail","6":"product_cat-kompleks-protein","7":"product_cat-whey-protein","8":"product_tag-hardline-whey","9":"product_tag-hardline-whey-3-matrix-4000-gr","10":"product_tag-protein-tozu","11":"product_tag-supplement-satin-al","12":"product_tag-whey-protein","13":"pa_brand-hardline","15":"first","16":"outofstock","17":"shipping-taxable","18":"purchasable","19":"product-type-variable"},"_links":{"self":[{"href":"https:\/\/energyclub.com.tr\/supplement\/wp-json\/wp\/v2\/product\/3296","targetHints":{"allow":["GET"]}}],"collection":[{"href":"https:\/\/energyclub.com.tr\/supplement\/wp-json\/wp\/v2\/product"}],"about":[{"href":"https:\/\/energyclub.com.tr\/supplement\/wp-json\/wp\/v2\/types\/product"}],"replies":[{"embeddable":true,"href":"https:\/\/energyclub.com.tr\/supplement\/wp-json\/wp\/v2\/comments?post=3296"}],"wp:featuredmedia":[{"embeddable":true,"href":"https:\/\/energyclub.com.tr\/supplement\/wp-json\/wp\/v2\/media\/3297"}],"wp:attachment":[{"href":"https:\/\/energyclub.com.tr\/supplement\/wp-json\/wp\/v2\/media?parent=3296"}],"wp:term":[{"taxonomy":"product_brand","embeddable":true,"href":"https:\/\/energyclub.com.tr\/supplement\/wp-json\/wp\/v2\/product_brand?post=3296"},{"taxonomy":"product_cat","embeddable":true,"href":"https:\/\/energyclub.com.tr\/supplement\/wp-json\/wp\/v2\/product_cat?post=3296"},{"taxonomy":"product_tag","embeddable":true,"href":"https:\/\/energyclub.com.tr\/supplement\/wp-json\/wp\/v2\/product_tag?post=3296"},{"taxonomy":"yst_prominent_words","embeddable":true,"href":"https:\/\/energyclub.com.tr\/supplement\/wp-json\/wp\/v2\/yst_prominent_words?post=3296"}],"curies":[{"name":"wp","href":"https:\/\/api.w.org\/{rel}","templated":true}]}}