{"id":3303,"date":"2020-01-02T16:51:03","date_gmt":"2020-01-02T16:51:03","guid":{"rendered":"https:\/\/energyclub.com.tr\/supplement\/?post_type=product&#038;p=3303"},"modified":"2021-03-01T17:38:12","modified_gmt":"2021-03-01T14:38:12","slug":"hardline-whey-3-matrix-454-gr","status":"publish","type":"product","link":"https:\/\/energyclub.com.tr\/supplement\/urun\/protein-tozu\/whey-protein\/hardline-whey-3-matrix-454-gr\/","title":{"rendered":"Hardline Whey 3 Matrix 454 Gr."},"content":{"rendered":"<p><b>Hardline Whey 3Matrix Nedir?<\/b><\/p>\n<p>Hardline Whey 3Matrix son d\u00f6nemin en ba\u015far\u0131l\u0131 Whey protein \u00fcr\u00fcnlerinden birisidir. 3Matrix ad\u0131 i\u00e7eri\u011finde bulunan\u00a03 farkli Whey\u00a0proteininden gelmektedir.\u00a0\u00a0<b>Hidrolize, Izole ve Konsantre<\/b>\u00a0Whey proteini i\u00e7eren 3Matrix antrenman \u00f6ncesi ve sonras\u0131 i\u00e7in uygun bir \u00fcr\u00fcnd\u00fcr.<\/p>\n<p>En h\u0131zl\u0131 emilime sahip olan Hidrolize ve \u0130zole Whey protein i\u00e7eri\u011fi ile di\u011fer protein t\u00fcrlerine g\u00f6re kaslar\u0131n protein ihtiyac\u0131n\u0131 normalden daha h\u0131zl\u0131 bir \u015fekilde kar\u015f\u0131lamaya yard\u0131mc\u0131 olabilir.<\/p>\n<p>Hardline Whey 3Matrix\u00a0form\u00fcl\u00fc B6 vitamini ile desteklenmi\u015ftir. B6 vitamini normal protein ve glikojen metabolizmas\u0131na katk\u0131da bulunur.<\/p>\n<p>Hardline Whey 3Matrix&#8217;in dikkat \u00e7eken \u00f6zellikleri:<\/p>\n<p>&#8211; %80 protein oran\u0131:<\/p>\n<ul>\n<li>\u00c7ikolata : 24,1 g<\/li>\n<li>\u00c7ilek : 24,6 g<\/li>\n<\/ul>\n<p>&#8211; %22,3 BCAA oran\u0131:<\/p>\n<ul>\n<li>\u00c7ikolata : 5,37 g<\/li>\n<li>\u00c7ilek : 5,48 g<\/li>\n<\/ul>\n<p>&#8211; %14,2 Glutamik Asit \u00f6nc\u00fcleri oran\u0131:<\/p>\n<ul>\n<li>\u00c7ikolata : 3,43 g<\/li>\n<li>\u00c7ilek : 3,50 g<\/li>\n<\/ul>\n<p>&#8211; 3 fark\u0131 Whey protein \u00e7e\u015fidi: Hidrolize, \u0130zole ve Konsantre Whey proteinleri<\/p>\n<p>&#8211; B6 vitamini ilaveli<\/p>\n<p>&#8211; Saf formda 2000mg Kreatin Monohidrat<\/p>\n<p>&#8211; Aspartam tatland\u0131r\u0131c\u0131s\u0131 i\u00e7ermez<\/p>\n<p><em>Not:\u00a0\u00dcr\u00fcn i\u00e7eri\u011fi tablosu \u00c7ikolata aromal\u0131 \u00fcr\u00fcne aittir.<\/em><\/p>\n","protected":false},"excerpt":{"rendered":"<ul class=\"pp-first-list\">\n<li><span class=\"pp-sm-title\">Marka<\/span>:<span class=\"pp-sm-desc\">Hardline<\/span><\/li>\n<li><span class=\"pp-sm-title pp-sm-title\">Servis Say\u0131s\u0131<\/span>:<span class=\"pp-sm-desc spec-service-size\">15<\/span><\/li>\n<li><span class=\"pp-sm-title\">Servis Miktar\u0131<\/span>:<span class=\"pp-sm-desc spec-service-amount\">1 \u00d6l\u00e7ek (30 g)<\/span><\/li>\n<li><span class=\"pp-sm-title\">Servis Ba\u015f\u0131 Fiyat<\/span>:<span class=\"pp-sm-desc spec-one-service-price\">4,97 TL<\/span><\/li>\n<li><span class=\"pp-sm-title\">Protein Oran\u0131<\/span>:<span class=\"pp-sm-desc\">%80,3<\/span><\/li>\n<li><span class=\"pp-sm-title\">Karbonhidrat Oran\u0131<\/span>:<span class=\"pp-sm-desc\">%4,7<\/span><\/li>\n<li><span class=\"pp-sm-title\">\u015eeker Oran\u0131<\/span>:<span class=\"pp-sm-desc\">%4,7<\/span><\/li>\n<li><span class=\"pp-sm-title\">Ya\u011f Oran\u0131<\/span>:<span class=\"pp-sm-desc\">%6,3<\/span><\/li>\n<li><span class=\"pp-sm-title\">Arjinin Oran\u0131<\/span>:<span class=\"pp-sm-desc\">%2,4<\/span><\/li>\n<\/ul>\n","protected":false},"featured_media":3304,"comment_status":"open","ping_status":"closed","template":"","meta":[],"product_brand":[],"product_cat":[120],"product_tag":[],"yst_prominent_words":[],"class_list":{"0":"post-3303","1":"product","2":"type-product","3":"status-publish","4":"has-post-thumbnail","6":"product_cat-whey-protein","7":"pa_brand-hardline","9":"first","10":"instock","11":"shipping-taxable","12":"purchasable","13":"product-type-variable"},"_links":{"self":[{"href":"https:\/\/energyclub.com.tr\/supplement\/wp-json\/wp\/v2\/product\/3303","targetHints":{"allow":["GET"]}}],"collection":[{"href":"https:\/\/energyclub.com.tr\/supplement\/wp-json\/wp\/v2\/product"}],"about":[{"href":"https:\/\/energyclub.com.tr\/supplement\/wp-json\/wp\/v2\/types\/product"}],"replies":[{"embeddable":true,"href":"https:\/\/energyclub.com.tr\/supplement\/wp-json\/wp\/v2\/comments?post=3303"}],"wp:featuredmedia":[{"embeddable":true,"href":"https:\/\/energyclub.com.tr\/supplement\/wp-json\/wp\/v2\/media\/3304"}],"wp:attachment":[{"href":"https:\/\/energyclub.com.tr\/supplement\/wp-json\/wp\/v2\/media?parent=3303"}],"wp:term":[{"taxonomy":"product_brand","embeddable":true,"href":"https:\/\/energyclub.com.tr\/supplement\/wp-json\/wp\/v2\/product_brand?post=3303"},{"taxonomy":"product_cat","embeddable":true,"href":"https:\/\/energyclub.com.tr\/supplement\/wp-json\/wp\/v2\/product_cat?post=3303"},{"taxonomy":"product_tag","embeddable":true,"href":"https:\/\/energyclub.com.tr\/supplement\/wp-json\/wp\/v2\/product_tag?post=3303"},{"taxonomy":"yst_prominent_words","embeddable":true,"href":"https:\/\/energyclub.com.tr\/supplement\/wp-json\/wp\/v2\/yst_prominent_words?post=3303"}],"curies":[{"name":"wp","href":"https:\/\/api.w.org\/{rel}","templated":true}]}}