{"id":3311,"date":"2020-01-02T16:59:38","date_gmt":"2020-01-02T16:59:38","guid":{"rendered":"https:\/\/energyclub.com.tr\/supplement\/?post_type=product&#038;p=3311"},"modified":"2020-12-17T21:42:25","modified_gmt":"2020-12-17T18:42:25","slug":"multipower-0-pure-whey-protein-2000-gr","status":"publish","type":"product","link":"https:\/\/energyclub.com.tr\/supplement\/urun\/protein-tozu\/whey-protein\/multipower-0-pure-whey-protein-2000-gr\/","title":{"rendered":"Multipower %100 Pure Whey Protein 2000 Gr."},"content":{"rendered":"<h2><strong>Multipower %100 Pure Whey Protein Nedir?<\/strong><\/h2>\n<p>Multipower %100 Pure Whey Protein toz formda olan bir whey protein \u00fcr\u00fcn\u00fcd\u00fcr.<\/p>\n<p>Yenilenen ambalaj ve i\u00e7eri\u011fi ile Multipower %100 Pure Whey Protein hem daha y\u00fcksek protein oran\u0131na ve daha etkili bir amino asit profiline sahiptir.<\/p>\n<p>\u00d6zellikle spor sonras\u0131 kullan\u0131m i\u00e7in uygun olan Multipower %100 Pure Whey Protein spor yapan ve protein ihtiyac\u0131 duyan herkesin rahatl\u0131kla kullanabilece\u011fi bir whey protein tozudur.<\/p>\n<p><strong><a href=\"https:\/\/energyclub.com.tr\/supplement\/brand\/multipower\/\">D\u0130\u011eER MULTIPOWER \u00dcR\u00dcNLER\u0130N\u0130 \u0130NCELEY\u0130N!<\/a><\/strong><\/p>\n<p>Multipower %100 Pure Whey Protein&#8217;in dikkat \u00e7eken \u00f6zellikleri:<\/p>\n<ul>\n<li>3 farkl\u0131 Whey protein i\u00e7eri\u011fi: Hidrolize\/\u0130zole\/Konsantre<\/li>\n<li>%80 oran\u0131nda Whey protein i\u00e7eri\u011fi<\/li>\n<li>Her 1 servisinde 5.700mg BCAA amino asit i\u00e7eri\u011fi<\/li>\n<li>D\u00fc\u015f\u00fck karbonhidrat ve \u015feker oran\u0131<\/li>\n<li>Protein sentezini desteklemeye yard\u0131mc\u0131 ek B6 Vitamin i\u00e7eri\u011fi<\/li>\n<\/ul>\n<p>Bu \u00fcr\u00fcnde Orijinal \u00dcr\u00fcn Do\u011frulama Sistemi (\u00dcDS) uygulanmaktad\u0131r.<\/p>\n<p><b>\u00dcDS nedir?<\/b><\/p>\n<ul>\n<li>Sa\u011fl\u0131kl\u0131 ve g\u00fcvenilir g\u0131da t\u00fcketmek i\u00e7in,<\/li>\n<li>Kim taraf\u0131ndan \u00fcretildi\u011fini bilmek i\u00e7in<\/li>\n<li>Hangi ithalat\u00e7\u0131 firma taraf\u0131ndan ithal edildi\u011fini g\u00f6rmek i\u00e7in<\/li>\n<li>\u00dclkeye yasal yollardan girip girmedi\u011fini bilmek i\u00e7in<\/li>\n<li>G\u0131da Tar\u0131m ve Hayvanc\u0131l\u0131k Bakanl\u0131\u011f\u0131 mevzuat\u0131na\u00a0 uygunlu\u011fu i\u00e7in<\/li>\n<\/ul>\n<p>&nbsp;<\/p>\n<p>e-Supplement fark\u0131yla m\u00fc\u015fterilerimize en kaliteli supplement \u00fcr\u00fcnlerini sunuyoruz. <strong>Protein Tozu<\/strong>, <strong>Amino Asit<\/strong>, <strong>Kilo ve Hacim \u00dcr\u00fcnleri<\/strong>,<strong> L-Karnitin ve CLA<\/strong>, <strong>Performans ve G\u00fc\u00e7 \u00dcr\u00fcnleri<\/strong>, <strong>Sporcu Vitaminleri<\/strong>, <strong>Sa\u011fl\u0131kl\u0131 At\u0131\u015ft\u0131rmal\u0131klar<\/strong> ve <strong>Fitness Aksesuarlar\u0131<\/strong>n\u0131n sat\u0131\u015f\u0131n\u0131\u00a0 en uygun ve en kaliteli \u015fekilde sat\u0131\u015f\u0131n\u0131 yapmaktay\u0131z. <strong>Ayn\u0131 G\u00fcn Kargo<\/strong> avantaj\u0131yla \u00fcr\u00fcnleriniz en ge\u00e7 2. g\u00fcn sizlere ula\u015fm\u0131\u015f olacakt\u0131r. Ayr\u0131ca websitemizde bulunan <strong>Blog<\/strong>&#8216;ta sporcular ve v\u00fccut geli\u015ftiren m\u00fc\u015fterilerimiz i\u00e7in; uzman v\u00fccut geli\u015ftirme \u015fampiyonunun \u00f6nerilerine bir\u00e7ok faydal\u0131 bilgiye ula\u015fabilirsiniz.<\/p>\n","protected":false},"excerpt":{"rendered":"<ul class=\"pp-first-list\">\n<li><span class=\"pp-sm-title\">Marka <\/span>: <span class=\"pp-sm-desc\">Multipower<\/span><\/li>\n<li><span class=\"pp-sm-title pp-sm-title\">Servis Say\u0131s\u0131 <\/span>: <span class=\"pp-sm-desc spec-service-size\">67<\/span><\/li>\n<li><span class=\"pp-sm-title\">Servis Miktar\u0131 <\/span>: <span class=\"pp-sm-desc spec-service-amount\">3 \u00d6l\u00e7ek (30 g)<\/span><\/li>\n<li><span class=\"pp-sm-title\">Servis Ba\u015f\u0131 Fiyat <\/span>: <span class=\"pp-sm-desc spec-one-service-price\">5,15 TL<\/span><\/li>\n<li><span class=\"pp-sm-title\">Protein Oran\u0131 <\/span>: <span class=\"pp-sm-desc\">%80,0<\/span><\/li>\n<li><span class=\"pp-sm-title\">Karbonhidrat Oran\u0131 <\/span>: <span class=\"pp-sm-desc\">%4,7<\/span><\/li>\n<li><span class=\"pp-sm-title\">\u015eeker Oran\u0131\u00a0 <\/span>: <span class=\"pp-sm-desc\">%3,3<\/span><\/li>\n<li><span class=\"pp-sm-title\">Ya\u011f Oran\u0131 <\/span>: <span class=\"pp-sm-desc\">%4,3<\/span><\/li>\n<\/ul>\n<p><strong>\u00a0 \u00a0 \u00a0 \u00a0 \u00a0<a href=\"https:\/\/energyclub.com.tr\/supplement\/brand\/multipower\/\">D\u0130\u011eER MULTIPOWER \u00dcR\u00dcNLER\u0130N\u0130 \u0130NCELEY\u0130N!<\/a><\/strong><\/p>\n","protected":false},"featured_media":3312,"comment_status":"open","ping_status":"closed","template":"","meta":[],"product_brand":[],"product_cat":[120],"product_tag":[629,628,622,631,630],"yst_prominent_words":[],"class_list":{"0":"post-3311","1":"product","2":"type-product","3":"status-publish","4":"has-post-thumbnail","6":"product_cat-whey-protein","7":"product_tag-e-supplement","8":"product_tag-multipower-whey","9":"product_tag-protein-tozu","10":"product_tag-sporcu-gidaalari","11":"product_tag-supplementler","12":"pa_brand-multipower","14":"first","15":"instock","16":"shipping-taxable","17":"purchasable","18":"product-type-variable"},"_links":{"self":[{"href":"https:\/\/energyclub.com.tr\/supplement\/wp-json\/wp\/v2\/product\/3311","targetHints":{"allow":["GET"]}}],"collection":[{"href":"https:\/\/energyclub.com.tr\/supplement\/wp-json\/wp\/v2\/product"}],"about":[{"href":"https:\/\/energyclub.com.tr\/supplement\/wp-json\/wp\/v2\/types\/product"}],"replies":[{"embeddable":true,"href":"https:\/\/energyclub.com.tr\/supplement\/wp-json\/wp\/v2\/comments?post=3311"}],"wp:featuredmedia":[{"embeddable":true,"href":"https:\/\/energyclub.com.tr\/supplement\/wp-json\/wp\/v2\/media\/3312"}],"wp:attachment":[{"href":"https:\/\/energyclub.com.tr\/supplement\/wp-json\/wp\/v2\/media?parent=3311"}],"wp:term":[{"taxonomy":"product_brand","embeddable":true,"href":"https:\/\/energyclub.com.tr\/supplement\/wp-json\/wp\/v2\/product_brand?post=3311"},{"taxonomy":"product_cat","embeddable":true,"href":"https:\/\/energyclub.com.tr\/supplement\/wp-json\/wp\/v2\/product_cat?post=3311"},{"taxonomy":"product_tag","embeddable":true,"href":"https:\/\/energyclub.com.tr\/supplement\/wp-json\/wp\/v2\/product_tag?post=3311"},{"taxonomy":"yst_prominent_words","embeddable":true,"href":"https:\/\/energyclub.com.tr\/supplement\/wp-json\/wp\/v2\/yst_prominent_words?post=3311"}],"curies":[{"name":"wp","href":"https:\/\/api.w.org\/{rel}","templated":true}]}}