{"id":3317,"date":"2020-01-02T17:10:40","date_gmt":"2020-01-02T17:10:40","guid":{"rendered":"https:\/\/energyclub.com.tr\/supplement\/?post_type=product&#038;p=3317"},"modified":"2020-12-17T21:37:26","modified_gmt":"2020-12-17T18:37:26","slug":"nutrend-0-whey-protein-900-gr","status":"publish","type":"product","link":"https:\/\/energyclub.com.tr\/supplement\/urun\/protein-tozu\/whey-protein\/nutrend-0-whey-protein-900-gr\/","title":{"rendered":"Nutrend %100 Whey Protein 900 Gr."},"content":{"rendered":"<p><strong>Nutrend %100 Whey Protein nedir?<\/strong><\/p>\n<p>Yeni \u00fcretim teknolojisi ile en iyi peynir alt\u0131 suyu t\u00fcrlerinin dengeli kombinasyonunu sunan bir whey proteini \u00fcr\u00fcn\u00fcd\u00fcr.\u00a0%100 Whey Protein, CFM teknolojisi ile \u00fcretilen y\u00fcksek kaliteli ultra-filitre whey konsantresi (WPC) ve en safla\u015ft\u0131r\u0131lm\u0131\u015f formu olan izole whey proteini (WPI) bile\u015fenlerinden olu\u015fmaktad\u0131r.<\/p>\n<p>CFM y\u00f6ntemi ile elde edilen whey protein t\u00fcrleri, do\u011fall\u0131\u011f\u0131n\u0131 korur y\u00fcksek biyoyararlan\u0131ma sahiptir.\u00a0Ayr\u0131ca daha d\u00fc\u015f\u00fck ya\u011f ve laktoz i\u00e7erir. Bu sayede protein v\u00fccutta daha kolay sindirilir ve h\u0131zla emilim sa\u011flayarak k\u0131sa s\u00fcrede kaslara ula\u015f\u0131r.<\/p>\n<p>Nutrend %100 Whey Protein,\u00a0bir serviste 23 gr protein i\u00e7erir. Bunun yan\u0131s\u0131ra whey proteinden gelen 5 gr BCAA ve 3,9 gr glutamin \u00f6nc\u00fcs\u00fcne sahiptir.\u00a0Y\u00fcksek protein i\u00e7eren bu \u00fcr\u00fcn kas k\u00fctlesinin korunmas\u0131 ve art\u0131\u015f\u0131na katk\u0131da bulunur.<\/p>\n<p>Nutrend %100 Whey Protein&#8217;in dikkat \u00e7eken \u00f6zellikleri:<\/p>\n<p>&#8211; Her serviste(30 g)\u00a023 gr protein*<\/p>\n<p>&#8211; Her serviste 5000 mg BCAA<\/p>\n<p>&#8211; CFM teknolojiisi ile \u00fcretilen whey proteini konsantresi (WPC,WPI)<\/p>\n<p>&#8211; Ek renklendirici i\u00e7ermez<\/p>\n<p>&#8211; Kolay kar\u0131\u015fabilme<\/p>\n<p>*Besin de\u011ferleri tablosu bisk\u00fcvi aromal\u0131 \u00fcr\u00fcne aittir.<\/p>\n<p>\u00c7ikolata aromal\u0131 \u00fcr\u00fcn\u00fcn net protein miktar\u0131 22,2 gr&#8217;d\u0131r.<\/p>\n","protected":false},"excerpt":{"rendered":"<ul class=\"pp-first-list\">\n<li><span class=\"pp-sm-title\">Marka<\/span>:<span class=\"pp-sm-desc\">Nutrend<\/span><\/li>\n<li><span class=\"pp-sm-title pp-sm-title\">Servis Say\u0131s\u0131<\/span>:<span class=\"pp-sm-desc spec-service-size\">30<\/span><\/li>\n<li><span class=\"pp-sm-title\">Servis Miktar\u0131<\/span>:<span class=\"pp-sm-desc spec-service-amount\">2 \u00d6l\u00e7ek (30 g)<\/span><\/li>\n<li><span class=\"pp-sm-title\">Servis Ba\u015f\u0131 Fiyat<\/span>:<span class=\"pp-sm-desc spec-one-service-price\">4,83 TL<\/span><\/li>\n<li><span class=\"pp-sm-title\">Protein Oran\u0131<\/span>:<span class=\"pp-sm-desc\">%75,7<\/span><\/li>\n<li><span class=\"pp-sm-title\">Karbonhidrat Oran\u0131<\/span>:<span class=\"pp-sm-desc\">%7,3<\/span><\/li>\n<li><span class=\"pp-sm-title\">\u015eeker Oran\u0131<\/span>:<span class=\"pp-sm-desc\">%5,3<\/span><\/li>\n<li><span class=\"pp-sm-title\">Ya\u011f Oran\u0131<\/span>:<span class=\"pp-sm-desc\">%4,3<\/span><\/li>\n<li><span class=\"pp-sm-title\">Arjinin Oran\u0131<\/span>:<span class=\"pp-sm-desc\">%2,0<\/span><\/li>\n<\/ul>\n","protected":false},"featured_media":3318,"comment_status":"open","ping_status":"closed","template":"","meta":[],"product_brand":[],"product_cat":[120],"product_tag":[],"yst_prominent_words":[],"class_list":{"0":"post-3317","1":"product","2":"type-product","3":"status-publish","4":"has-post-thumbnail","6":"product_cat-whey-protein","7":"pa_brand-nutrend","9":"first","10":"instock","11":"shipping-taxable","12":"purchasable","13":"product-type-variable"},"_links":{"self":[{"href":"https:\/\/energyclub.com.tr\/supplement\/wp-json\/wp\/v2\/product\/3317","targetHints":{"allow":["GET"]}}],"collection":[{"href":"https:\/\/energyclub.com.tr\/supplement\/wp-json\/wp\/v2\/product"}],"about":[{"href":"https:\/\/energyclub.com.tr\/supplement\/wp-json\/wp\/v2\/types\/product"}],"replies":[{"embeddable":true,"href":"https:\/\/energyclub.com.tr\/supplement\/wp-json\/wp\/v2\/comments?post=3317"}],"wp:featuredmedia":[{"embeddable":true,"href":"https:\/\/energyclub.com.tr\/supplement\/wp-json\/wp\/v2\/media\/3318"}],"wp:attachment":[{"href":"https:\/\/energyclub.com.tr\/supplement\/wp-json\/wp\/v2\/media?parent=3317"}],"wp:term":[{"taxonomy":"product_brand","embeddable":true,"href":"https:\/\/energyclub.com.tr\/supplement\/wp-json\/wp\/v2\/product_brand?post=3317"},{"taxonomy":"product_cat","embeddable":true,"href":"https:\/\/energyclub.com.tr\/supplement\/wp-json\/wp\/v2\/product_cat?post=3317"},{"taxonomy":"product_tag","embeddable":true,"href":"https:\/\/energyclub.com.tr\/supplement\/wp-json\/wp\/v2\/product_tag?post=3317"},{"taxonomy":"yst_prominent_words","embeddable":true,"href":"https:\/\/energyclub.com.tr\/supplement\/wp-json\/wp\/v2\/yst_prominent_words?post=3317"}],"curies":[{"name":"wp","href":"https:\/\/api.w.org\/{rel}","templated":true}]}}