{"id":3319,"date":"2020-01-02T17:13:11","date_gmt":"2020-01-02T17:13:11","guid":{"rendered":"https:\/\/energyclub.com.tr\/supplement\/?post_type=product&#038;p=3319"},"modified":"2020-03-22T20:48:00","modified_gmt":"2020-03-22T17:48:00","slug":"nutrever-whey-protein-2000-gr","status":"publish","type":"product","link":"https:\/\/energyclub.com.tr\/supplement\/urun\/protein-tozu\/whey-protein\/nutrever-whey-protein-2000-gr\/","title":{"rendered":"Nutrever Whey Protein 2000 Gr."},"content":{"rendered":"<p><b>Nutrever Whey Protein nedir?<\/b><\/p>\n<p>Nutrever Whey Protein \u00fc\u00e7 farkl\u0131 whey proteini kar\u0131\u015f\u0131m\u0131ndan olu\u015fur. Y\u00fcksek kalitede konsantre whey proteini (WPC), CFM teknolojisi ile \u00fcretilmi\u015f izole proteini (WPI) ve\u00a0hidrolize whey proteini \u00e7e\u015fitlerini birada sunar.<\/p>\n<p>En h\u0131zl\u0131 emilime sahip olan Hidrolize whey ve\u00a0CFM filtreleme \u00f6zelli\u011fi ile \u00fcretilmi\u015f \u0130zole Whey\u00a0protein i\u00e7eri\u011fi ile h\u0131zl\u0131 bir \u015fekilde emilirek kaslara ula\u015f\u0131r. Bu sayede \u00f6zellikle antrenman sonras\u0131 t\u00fcketildi\u011finde, gereken protein ihtiyac\u0131n\u0131 h\u0131zl\u0131 bir \u015fekilde kar\u015f\u0131layabilir. CFM teknolojisi ile elde edilen izole protein, y\u00fcksek biyoyararlan\u0131ma sahip kaliteli bir ham maddedir.<\/p>\n<p>Nutrever Whey Protein&#8217;in dikkat \u00e7eken \u00f6zellikleri:<\/p>\n<p>&#8211; Bir serviste 23 gram proteini<br \/>\n&#8211; %23 BCAA oran\u0131<br \/>\n&#8211; 3 farkl\u0131 Whey protein i\u00e7eri\u011fi: Konsantre\/Hidrolize\/\u0130zole<br \/>\n&#8211; CFM teknolojisi ile \u00fcretin izole whey proteini (WPI)<br \/>\n&#8211; 67 servis<\/p>\n","protected":false},"excerpt":{"rendered":"<ul class=\"pp-first-list\">\n<li><span class=\"pp-sm-title\">Marka<\/span>:<span class=\"pp-sm-desc\">Nutrever<\/span><\/li>\n<li><span class=\"pp-sm-title pp-sm-title\">Servis Say\u0131s\u0131<\/span>:<span class=\"pp-sm-desc spec-service-size\">67<\/span><\/li>\n<li><span class=\"pp-sm-title\">Servis Miktar\u0131<\/span>:<span class=\"pp-sm-desc spec-service-amount\">1 \u00d6l\u00e7ek (30 g)<\/span><\/li>\n<li><span class=\"pp-sm-title\">Servis Ba\u015f\u0131 Fiyat<\/span>:<span class=\"pp-sm-desc spec-one-service-price\">5,36 TL<\/span><\/li>\n<li><span class=\"pp-sm-title\">Protein Oran\u0131<\/span>:<span class=\"pp-sm-desc\">%76,7<\/span><\/li>\n<li><span class=\"pp-sm-title\">Karbonhidrat Oran\u0131<\/span>:<span class=\"pp-sm-desc\">%6,7<\/span><\/li>\n<li><span class=\"pp-sm-title\">\u015eeker Oran\u0131<\/span>:<span class=\"pp-sm-desc\">%6,3<\/span><\/li>\n<li><span class=\"pp-sm-title\">Ya\u011f Oran\u0131<\/span>:<span class=\"pp-sm-desc\">%6,7<\/span><\/li>\n<li><span class=\"pp-sm-title\">Arjinin Oran\u0131<\/span>:<span class=\"pp-sm-desc\">%2,3<\/span><\/li>\n<\/ul>\n","protected":false},"featured_media":3320,"comment_status":"open","ping_status":"closed","template":"","meta":[],"product_brand":[],"product_cat":[120],"product_tag":[],"yst_prominent_words":[],"class_list":{"0":"post-3319","1":"product","2":"type-product","3":"status-publish","4":"has-post-thumbnail","6":"product_cat-whey-protein","7":"pa_brand-nutrever","9":"first","10":"instock","11":"shipping-taxable","12":"purchasable","13":"product-type-variable"},"_links":{"self":[{"href":"https:\/\/energyclub.com.tr\/supplement\/wp-json\/wp\/v2\/product\/3319","targetHints":{"allow":["GET"]}}],"collection":[{"href":"https:\/\/energyclub.com.tr\/supplement\/wp-json\/wp\/v2\/product"}],"about":[{"href":"https:\/\/energyclub.com.tr\/supplement\/wp-json\/wp\/v2\/types\/product"}],"replies":[{"embeddable":true,"href":"https:\/\/energyclub.com.tr\/supplement\/wp-json\/wp\/v2\/comments?post=3319"}],"wp:featuredmedia":[{"embeddable":true,"href":"https:\/\/energyclub.com.tr\/supplement\/wp-json\/wp\/v2\/media\/3320"}],"wp:attachment":[{"href":"https:\/\/energyclub.com.tr\/supplement\/wp-json\/wp\/v2\/media?parent=3319"}],"wp:term":[{"taxonomy":"product_brand","embeddable":true,"href":"https:\/\/energyclub.com.tr\/supplement\/wp-json\/wp\/v2\/product_brand?post=3319"},{"taxonomy":"product_cat","embeddable":true,"href":"https:\/\/energyclub.com.tr\/supplement\/wp-json\/wp\/v2\/product_cat?post=3319"},{"taxonomy":"product_tag","embeddable":true,"href":"https:\/\/energyclub.com.tr\/supplement\/wp-json\/wp\/v2\/product_tag?post=3319"},{"taxonomy":"yst_prominent_words","embeddable":true,"href":"https:\/\/energyclub.com.tr\/supplement\/wp-json\/wp\/v2\/yst_prominent_words?post=3319"}],"curies":[{"name":"wp","href":"https:\/\/api.w.org\/{rel}","templated":true}]}}