{"id":3321,"date":"2020-01-02T17:15:28","date_gmt":"2020-01-02T17:15:28","guid":{"rendered":"https:\/\/energyclub.com.tr\/supplement\/?post_type=product&#038;p=3321"},"modified":"2020-12-17T21:35:25","modified_gmt":"2020-12-17T18:35:25","slug":"olimp-whey-protein-700-gr","status":"publish","type":"product","link":"https:\/\/energyclub.com.tr\/supplement\/urun\/protein-tozu\/whey-protein\/olimp-whey-protein-700-gr\/","title":{"rendered":"Olimp Whey Protein 700 Gr"},"content":{"rendered":"<p><strong>Olimp Whey Protein Nedir?<\/strong><\/p>\n<p>CFM teknolojisi ile geli\u015ftirilmi\u015f olan Olimp Whey Protein y\u00fcksek miktarda Whey Proteini (%75) i\u00e7ermektedir.<\/p>\n<p>Spor sonras\u0131 kullan\u0131m a\u00e7\u0131s\u0131ndan uygun olan Olimp Whey Protein, CFM filtreleme \u00f6zelli\u011fi sayesinde emilim h\u0131z\u0131 a\u00e7\u0131s\u0131ndan \u00fcst\u00fcn bir \u00fcr\u00fcnd\u00fcr.<\/p>\n<p>Olimp Whey Protein&#8217;in dikkat \u00e7eken \u00f6zellikleri:<\/p>\n<p>&#8211; %75 Whey Protein i\u00e7eri\u011fi<\/p>\n<p>&#8211; \u0130zole ve Konsantre Whey Protein i\u00e7eri\u011fi<\/p>\n<p>&#8211; CFM teknolojisinin kullan\u0131lm\u0131\u015f olmas\u0131<\/p>\n<p>&#8211; Ham madde kalitesi<\/p>\n<p>&#8211; D\u00fc\u015f\u00fck ya\u011f ve karbonhidrat oran\u0131<\/p>\n<p>&#8211; 5035mg BCAA amino asitleri<\/p>\n<p>&#8211; 4470mg Glutamin \u00f6nc\u00fcleri<\/p>\n<p>&#8211; Kolayca ta\u015f\u0131nabilir paket formu<\/p>\n","protected":false},"excerpt":{"rendered":"<ul class=\"pp-first-list\">\n<li><span class=\"pp-sm-title\">Marka<\/span>:<span class=\"pp-sm-desc\">Olimp<\/span><\/li>\n<li><span class=\"pp-sm-title pp-sm-title\">Servis Say\u0131s\u0131<\/span>:<span class=\"pp-sm-desc spec-service-size\">20<\/span><\/li>\n<li><span class=\"pp-sm-title\">Servis Miktar\u0131<\/span>:<span class=\"pp-sm-desc spec-service-amount\">1 \u00d6l\u00e7ek (35 g)<\/span><\/li>\n<li><span class=\"pp-sm-title\">Servis Ba\u015f\u0131 Fiyat<\/span>:<span class=\"pp-sm-desc spec-one-service-price\">6,75 TL<\/span><\/li>\n<li><span class=\"pp-sm-title\">Protein Oran\u0131<\/span>:<span class=\"pp-sm-desc\">%75,7<\/span><\/li>\n<li><span class=\"pp-sm-title\">Karbonhidrat Oran\u0131<\/span>:<span class=\"pp-sm-desc\">%7,7<\/span><\/li>\n<li><span class=\"pp-sm-title\">\u015eeker Oran\u0131<\/span>:<span class=\"pp-sm-desc\">%6,0<\/span><\/li>\n<li><span class=\"pp-sm-title\">Ya\u011f Oran\u0131<\/span>:<span class=\"pp-sm-desc\">%6,6<\/span><\/li>\n<li><span class=\"pp-sm-title\">Arjinin Oran\u0131<\/span>:<span class=\"pp-sm-desc\">%1,7<\/span><\/li>\n<\/ul>\n","protected":false},"featured_media":3322,"comment_status":"open","ping_status":"closed","template":"","meta":[],"product_brand":[],"product_cat":[120],"product_tag":[],"yst_prominent_words":[],"class_list":{"0":"post-3321","1":"product","2":"type-product","3":"status-publish","4":"has-post-thumbnail","6":"product_cat-whey-protein","7":"pa_brand-olimp","9":"first","10":"instock","11":"shipping-taxable","12":"purchasable","13":"product-type-variable"},"_links":{"self":[{"href":"https:\/\/energyclub.com.tr\/supplement\/wp-json\/wp\/v2\/product\/3321","targetHints":{"allow":["GET"]}}],"collection":[{"href":"https:\/\/energyclub.com.tr\/supplement\/wp-json\/wp\/v2\/product"}],"about":[{"href":"https:\/\/energyclub.com.tr\/supplement\/wp-json\/wp\/v2\/types\/product"}],"replies":[{"embeddable":true,"href":"https:\/\/energyclub.com.tr\/supplement\/wp-json\/wp\/v2\/comments?post=3321"}],"wp:featuredmedia":[{"embeddable":true,"href":"https:\/\/energyclub.com.tr\/supplement\/wp-json\/wp\/v2\/media\/3322"}],"wp:attachment":[{"href":"https:\/\/energyclub.com.tr\/supplement\/wp-json\/wp\/v2\/media?parent=3321"}],"wp:term":[{"taxonomy":"product_brand","embeddable":true,"href":"https:\/\/energyclub.com.tr\/supplement\/wp-json\/wp\/v2\/product_brand?post=3321"},{"taxonomy":"product_cat","embeddable":true,"href":"https:\/\/energyclub.com.tr\/supplement\/wp-json\/wp\/v2\/product_cat?post=3321"},{"taxonomy":"product_tag","embeddable":true,"href":"https:\/\/energyclub.com.tr\/supplement\/wp-json\/wp\/v2\/product_tag?post=3321"},{"taxonomy":"yst_prominent_words","embeddable":true,"href":"https:\/\/energyclub.com.tr\/supplement\/wp-json\/wp\/v2\/yst_prominent_words?post=3321"}],"curies":[{"name":"wp","href":"https:\/\/api.w.org\/{rel}","templated":true}]}}