{"id":3325,"date":"2020-01-02T17:21:12","date_gmt":"2020-01-02T17:21:12","guid":{"rendered":"https:\/\/energyclub.com.tr\/supplement\/?post_type=product&#038;p=3325"},"modified":"2020-12-17T21:32:36","modified_gmt":"2020-12-17T18:32:36","slug":"optimum-gold-standard-whey-protein-tozu-2273-gr","status":"publish","type":"product","link":"https:\/\/energyclub.com.tr\/supplement\/urun\/protein-tozu\/whey-protein\/optimum-gold-standard-whey-protein-tozu-2273-gr\/","title":{"rendered":"Optimum Gold Standard Whey Protein Tozu 2273 Gr."},"content":{"rendered":"<h2><b>Optimum Nutrition Gold Standard Whey Protein Tozu Nedir?<\/b><\/h2>\n<p>Optimum Nutrition Gold Standard Whey Protein Tozu Amerika Birle\u015fik Devletleri&#8217;nin\u00a0pop\u00fcler protein tozlar\u0131ndan biri olarak bilinmektedir.<\/p>\n<p>\u00dc\u00e7\u00fcnc\u00fc nesil yeni form\u00fcl\u00fc\u00a0Mikrofiltre edilmi\u015f Konsantre Whey proteini ve Iyon-degi\u015fim Whey protein izolesi&#8217;den olu\u015fmaktad\u0131r, bu kombinasyon sayesinde proteinlerin kana kar\u0131\u015f\u0131m h\u0131z\u0131 normal Whey protein \u00fcr\u00fcnlerine g\u00f6re daha fazlad\u0131r.<\/p>\n<p>Optimum Gold Standard Whey Protein Tozu&#8217;nun dikkat \u00e7eken \u00f6zellikleri:<\/p>\n<p>&#8211; 1 servisinde 24gram Whey Proteini<\/p>\n<p>&#8211; \u0130yon de\u011fi\u015fim \u0130zole Whey ve Konsantre Whey protein i\u00e7eri\u011fi<\/p>\n<p>&#8211; 5.5gram BCAA amino asit i\u00e7eri\u011fi<\/p>\n<p>&#8211; 4gram Glutamin ve \u00f6nc\u00fcleri bulunduruyor<\/p>\n<p>Optimum Gold Standard Whey Protein Tozu \u00fcr\u00fcn\u00fcnde topaklanmay\u0131 engelleyici suni bile\u015fenler bulunmad\u0131\u011f\u0131ndan, mevsimsel sebeplerden dolay\u0131 \u00fcr\u00fcn i\u00e7eri\u011finde topaklanma olabilmektedir. Bu durum \u00fcr\u00fcn\u00fcn i\u00e7eri\u011fini hi\u00e7bir \u015fekilde etkilememektedir. Optimum Gold Standard Whey&#8217;in 1 \u00f6l\u00e7e\u011fini su ya da s\u00fcte kar\u0131\u015ft\u0131rd\u0131ktan sonra normal bir \u015fekilde kar\u0131\u015facakt\u0131r.<\/p>\n","protected":false},"excerpt":{"rendered":"<ul class=\"pp-first-list\">\n<li><span class=\"pp-sm-title\">Marka<\/span>:<span class=\"pp-sm-desc\">Optimum Nutrition<\/span><\/li>\n<li><span class=\"pp-sm-title pp-sm-title\">Servis Say\u0131s\u0131<\/span>:<span class=\"pp-sm-desc spec-service-size\">73<\/span><\/li>\n<li><span class=\"pp-sm-title\">Servis Miktar\u0131<\/span>:<span class=\"pp-sm-desc spec-service-amount\">1 \u00d6l\u00e7ek (30,4 g)<\/span><\/li>\n<li><span class=\"pp-sm-title\">Servis Ba\u015f\u0131 Fiyat<\/span>:<span class=\"pp-sm-desc spec-one-service-price\">4,78 TL<\/span><\/li>\n<li><span class=\"pp-sm-title\">Protein Oran\u0131<\/span>:<span class=\"pp-sm-desc\">%77,1<\/span><\/li>\n<li><span class=\"pp-sm-title\">Karbonhidrat Oran\u0131<\/span>:<span class=\"pp-sm-desc\">%5,8<\/span><\/li>\n<li><span class=\"pp-sm-title\">\u015eeker Oran\u0131<\/span>:<span class=\"pp-sm-desc\">%3,9<\/span><\/li>\n<li><span class=\"pp-sm-title\">Ya\u011f Oran\u0131<\/span>:<span class=\"pp-sm-desc\">%3,5<\/span><\/li>\n<li><span class=\"pp-sm-title\">Arjinin Oran\u0131<\/span>:<span class=\"pp-sm-desc\">%1,6<\/span><\/li>\n<\/ul>\n","protected":false},"featured_media":3326,"comment_status":"open","ping_status":"closed","template":"","meta":[],"product_brand":[],"product_cat":[120],"product_tag":[],"yst_prominent_words":[],"class_list":{"0":"post-3325","1":"product","2":"type-product","3":"status-publish","4":"has-post-thumbnail","6":"product_cat-whey-protein","7":"pa_brand-optimum","9":"first","10":"outofstock","11":"sale","12":"shipping-taxable","13":"purchasable","14":"product-type-variable"},"_links":{"self":[{"href":"https:\/\/energyclub.com.tr\/supplement\/wp-json\/wp\/v2\/product\/3325","targetHints":{"allow":["GET"]}}],"collection":[{"href":"https:\/\/energyclub.com.tr\/supplement\/wp-json\/wp\/v2\/product"}],"about":[{"href":"https:\/\/energyclub.com.tr\/supplement\/wp-json\/wp\/v2\/types\/product"}],"replies":[{"embeddable":true,"href":"https:\/\/energyclub.com.tr\/supplement\/wp-json\/wp\/v2\/comments?post=3325"}],"wp:featuredmedia":[{"embeddable":true,"href":"https:\/\/energyclub.com.tr\/supplement\/wp-json\/wp\/v2\/media\/3326"}],"wp:attachment":[{"href":"https:\/\/energyclub.com.tr\/supplement\/wp-json\/wp\/v2\/media?parent=3325"}],"wp:term":[{"taxonomy":"product_brand","embeddable":true,"href":"https:\/\/energyclub.com.tr\/supplement\/wp-json\/wp\/v2\/product_brand?post=3325"},{"taxonomy":"product_cat","embeddable":true,"href":"https:\/\/energyclub.com.tr\/supplement\/wp-json\/wp\/v2\/product_cat?post=3325"},{"taxonomy":"product_tag","embeddable":true,"href":"https:\/\/energyclub.com.tr\/supplement\/wp-json\/wp\/v2\/product_tag?post=3325"},{"taxonomy":"yst_prominent_words","embeddable":true,"href":"https:\/\/energyclub.com.tr\/supplement\/wp-json\/wp\/v2\/yst_prominent_words?post=3325"}],"curies":[{"name":"wp","href":"https:\/\/api.w.org\/{rel}","templated":true}]}}