{"id":3327,"date":"2020-01-02T17:23:34","date_gmt":"2020-01-02T17:23:34","guid":{"rendered":"https:\/\/energyclub.com.tr\/supplement\/?post_type=product&#038;p=3327"},"modified":"2020-12-17T21:29:41","modified_gmt":"2020-12-17T18:29:41","slug":"optimum-gold-standard-whey-protein-tozu-908-gr","status":"publish","type":"product","link":"https:\/\/energyclub.com.tr\/supplement\/urun\/protein-tozu\/whey-protein\/optimum-gold-standard-whey-protein-tozu-908-gr\/","title":{"rendered":"Optimum Gold Standard Whey Protein Tozu 908 Gr."},"content":{"rendered":"<h2><b>Optimum Nutrition Gold Standard Whey Nedir?<\/b><\/h2>\n<p><b>Optimum Nutrition Gold Standard Whey\u00a0<\/b>Amerika Birle\u015fik Devlet\u2019lerinde\u00a0son y\u0131llar\u0131n en pop\u00fcler\u00a0protein tozu olarak bilinmektedir.<\/p>\n<p>\u00dc\u00e7\u00fcnc\u00fc nesil yeni form\u00fcl\u00fc\u00a0Mikrofiltre edilmi\u015f Whey proteini, Iyon-degi\u015fim Whey protein izolesi ve Hidrolize Whey proteininden\u00a0olu\u015fmaktad\u0131r, bu kombinasyon sayesinde proteinlerin kana kar\u0131\u015f\u0131m h\u0131z\u0131 normal Whey protein \u00fcr\u00fcnlerine g\u00f6re daha fazlad\u0131r.<\/p>\n<p><b>1 servisinde 24gram protein, 5.5gram BCAA ve 4gram Glutamin ve \u00f6nc\u00fclerini<\/b>\u00a0bulundurmaktad\u0131r.<\/p>\n<p><strong>NOT:\u00a0<\/strong><\/p>\n<p>Optimum Gold Standard Whey Protein Tozu\u00a0\u00fcr\u00fcn\u00fcn\u00fcn aroma detay bilgileri ve servis miktarlar\u0131 a\u015fa\u011f\u0131daki gibidir:<\/p>\n<table border=\"1\" cellspacing=\"1\" cellpadding=\"2\" align=\"center\">\n<colgroup>\n<col span=\"2\" width=\"180\" \/>\n<col span=\"2\" width=\"214\" \/><\/colgroup>\n<tbody>\n<tr>\n<td class=\"xl63\" width=\"180\" height=\"20\"><strong>Aroma Ad\u0131<\/strong><\/td>\n<td class=\"xl63\" width=\"180\"><strong>\u0130ngilizce Aroma Ad\u0131<\/strong><\/td>\n<td class=\"xl63\" width=\"214\"><strong>Aroma Detay\u0131<\/strong><\/td>\n<td class=\"xl63\" width=\"214\"><strong>Servis Miktar\u0131<\/strong><\/td>\n<\/tr>\n<tr>\n<td class=\"xl65\" height=\"20\">\u00a0 \u00c7\u0130KOLATA<\/td>\n<td class=\"xl64\">\u00a0 Double Rich Chocolate<\/td>\n<td class=\"xl65\">\u00a0 \u00c7ikolata Aromas\u0131<\/td>\n<td class=\"xl65\">\u00a0 29 Servis<\/td>\n<\/tr>\n<tr>\n<td class=\"xl65\" height=\"20\">\u00a0 \u00c7\u0130LEK<\/td>\n<td class=\"xl64\">\u00a0 Delicious Strawberry<\/td>\n<td class=\"xl65\">\u00a0 \u00c7ilek Aromas\u0131<\/td>\n<td class=\"xl65\">\u00a0 30 Servis<\/td>\n<\/tr>\n<tr>\n<td class=\"xl65\" height=\"20\">\u00a0 MUZ<\/td>\n<td class=\"xl64\">\u00a0 Banana Cream<\/td>\n<td class=\"xl65\">\u00a0 Muz ve Krema Aromas\u0131<\/td>\n<td class=\"xl65\">\u00a0 29 Servis<\/td>\n<\/tr>\n<tr>\n<td class=\"xl65\" height=\"20\">\u00a0 BEYAZ \u00c7\u0130KOLATA AHUDUDU<\/td>\n<td class=\"xl64\">\u00a0 White Chocolate Raspberry<\/td>\n<td class=\"xl64\">\u00a0 Beyaz \u00c7ikolata Ahududu Aromas\u0131<\/td>\n<td class=\"xl65\">\u00a0 29 Servis<\/td>\n<\/tr>\n<tr>\n<td class=\"xl65\" height=\"20\">\u00a0 S\u00dcTL\u00dc \u00c7\u0130KOLATA<\/td>\n<td class=\"xl64\">\u00a0 Extreme Milk Chocolate<\/td>\n<td class=\"xl64\">\u00a0 S\u00fctl\u00fc \u00c7ikolata Aromas\u0131<\/td>\n<td class=\"xl65\">\u00a0 28 Servis<\/td>\n<\/tr>\n<tr>\n<td class=\"xl65\" height=\"20\">\u00a0 KURAB\u0130YE<\/td>\n<td class=\"xl64\">\u00a0 Cookies &amp; Cream<\/td>\n<td class=\"xl64\">\u00a0 Kurabiye Par\u00e7ac\u0131kl\u0131 Krema Aromas\u0131<\/td>\n<td class=\"xl65\">\u00a0 29 Servis<\/td>\n<\/tr>\n<tr>\n<td class=\"xl65\" height=\"20\">\u00a0 \u00c7\u0130KOLATA FINDIK<\/td>\n<td class=\"xl64\">\u00a0 Chocolate Hazelnut<\/td>\n<td class=\"xl64\">\u00a0 \u00c7ikolata F\u0131nd\u0131k Aromas\u0131<\/td>\n<td class=\"xl65\">\u00a0 28 Servis<\/td>\n<\/tr>\n<tr>\n<td class=\"xl65\" height=\"20\">\u00a0 \u00c7\u0130KOLATA YER FISTI\u011eI<\/td>\n<td class=\"xl64\">\u00a0 Chocolate Peaunut Butter<\/td>\n<td class=\"xl64\">\u00a0 \u00c7ikolata Yer F\u0131st\u0131\u011f\u0131 Aromas\u0131<\/td>\n<td class=\"xl65\">\u00a0 27 Servis<\/td>\n<\/tr>\n<\/tbody>\n<\/table>\n","protected":false},"excerpt":{"rendered":"<ul class=\"pp-first-list\">\n<li><span class=\"pp-sm-title\">Marka<\/span>:<span class=\"pp-sm-desc\">Optimum Nutrition<\/span><\/li>\n<li><span class=\"pp-sm-title pp-sm-title\">Servis Say\u0131s\u0131<\/span>:<span class=\"pp-sm-desc spec-service-size\">30<\/span><\/li>\n<li><span class=\"pp-sm-title\">Servis Miktar\u0131<\/span>:<span class=\"pp-sm-desc spec-service-amount\">1 \u00d6l\u00e7ek (29,4 g)<\/span><\/li>\n<li><span class=\"pp-sm-title\">Servis Ba\u015f\u0131 Fiyat<\/span>:<span class=\"pp-sm-desc spec-one-service-price\">5,63 TL<\/span><\/li>\n<li><span class=\"pp-sm-title\">Protein Oran\u0131<\/span>:<span class=\"pp-sm-desc\">%80,0<\/span><\/li>\n<li><span class=\"pp-sm-title\">Karbonhidrat Oran\u0131<\/span>:<span class=\"pp-sm-desc\">%5,3<\/span><\/li>\n<li><span class=\"pp-sm-title\">\u015eeker Oran\u0131<\/span>:<span class=\"pp-sm-desc\">%4,0<\/span><\/li>\n<li><span class=\"pp-sm-title\">Ya\u011f Oran\u0131<\/span>:<span class=\"pp-sm-desc\">%3,7<\/span><\/li>\n<li><span class=\"pp-sm-title\">Arjinin Oran\u0131<\/span>:<span class=\"pp-sm-desc\">%1,7<\/span><\/li>\n<\/ul>\n","protected":false},"featured_media":3328,"comment_status":"open","ping_status":"closed","template":"","meta":[],"product_brand":[],"product_cat":[120],"product_tag":[],"yst_prominent_words":[],"class_list":{"0":"post-3327","1":"product","2":"type-product","3":"status-publish","4":"has-post-thumbnail","6":"product_cat-whey-protein","7":"pa_brand-optimum","9":"first","10":"instock","11":"shipping-taxable","12":"purchasable","13":"product-type-variable"},"_links":{"self":[{"href":"https:\/\/energyclub.com.tr\/supplement\/wp-json\/wp\/v2\/product\/3327","targetHints":{"allow":["GET"]}}],"collection":[{"href":"https:\/\/energyclub.com.tr\/supplement\/wp-json\/wp\/v2\/product"}],"about":[{"href":"https:\/\/energyclub.com.tr\/supplement\/wp-json\/wp\/v2\/types\/product"}],"replies":[{"embeddable":true,"href":"https:\/\/energyclub.com.tr\/supplement\/wp-json\/wp\/v2\/comments?post=3327"}],"wp:featuredmedia":[{"embeddable":true,"href":"https:\/\/energyclub.com.tr\/supplement\/wp-json\/wp\/v2\/media\/3328"}],"wp:attachment":[{"href":"https:\/\/energyclub.com.tr\/supplement\/wp-json\/wp\/v2\/media?parent=3327"}],"wp:term":[{"taxonomy":"product_brand","embeddable":true,"href":"https:\/\/energyclub.com.tr\/supplement\/wp-json\/wp\/v2\/product_brand?post=3327"},{"taxonomy":"product_cat","embeddable":true,"href":"https:\/\/energyclub.com.tr\/supplement\/wp-json\/wp\/v2\/product_cat?post=3327"},{"taxonomy":"product_tag","embeddable":true,"href":"https:\/\/energyclub.com.tr\/supplement\/wp-json\/wp\/v2\/product_tag?post=3327"},{"taxonomy":"yst_prominent_words","embeddable":true,"href":"https:\/\/energyclub.com.tr\/supplement\/wp-json\/wp\/v2\/yst_prominent_words?post=3327"}],"curies":[{"name":"wp","href":"https:\/\/api.w.org\/{rel}","templated":true}]}}