{"id":3334,"date":"2020-01-02T17:29:54","date_gmt":"2020-01-02T17:29:54","guid":{"rendered":"https:\/\/energyclub.com.tr\/supplement\/?post_type=product&#038;p=3334"},"modified":"2020-03-22T20:47:49","modified_gmt":"2020-03-22T17:47:49","slug":"optimum-whey-green-line-protein-tozu-891-gr","status":"publish","type":"product","link":"https:\/\/energyclub.com.tr\/supplement\/urun\/protein-tozu\/whey-protein\/optimum-whey-green-line-protein-tozu-891-gr\/","title":{"rendered":"Optimum Whey Green Line Protein Tozu 891 Gr."},"content":{"rendered":"<h2>Optimum Whey Green Line nedir?<\/h2>\n<p>Servis ba\u015f\u0131na 20g konsantre ve izole whey proteinleri kar\u0131\u015f\u0131m\u0131ndan olu\u015fan protein sunar. Optimum Whey Green Line, %75 oran\u0131nda whey proteini oran\u0131yla g\u00fcnl\u00fck protein ihtiyac\u0131n\u0131z\u0131 kar\u015f\u0131lamaya destek olur.\u00a0Protein, kas k\u00fctlesinin art\u0131\u015f\u0131na ve korunmas\u0131na katk\u0131da bulunur. Ayn\u0131 zamanda protein, normal kemiklerin korunmas\u0131na yard\u0131mc\u0131 olur.<\/p>\n<p>D\u00fcnyan\u0131n en \u00e7ok satan protein tozu markas\u0131 Optimum Nutrition&#8217;un kolay kar\u0131\u015fabilen ve lezzetli aromaya sahip bu yeni \u00fcr\u00fcn\u00fc, kaliteden \u00f6d\u00fcn vermeyen t\u00fcketiciler i\u00e7in ekonomik bir se\u00e7enek olabilir.<\/p>\n<h2>Optimum Whey Green Line&#8217;nin dikkat \u00e7eken \u00f6zellikleri:<\/h2>\n<p>&#8211; %100 whey proteini<\/p>\n<p>&#8211; Servis ba\u015f\u0131na 20g protein<\/p>\n<p>&#8211; %75 protein oran\u0131<\/p>\n<p>&#8211; Konsantre (a\u011f\u0131rl\u0131kl\u0131) ve izole whey kaynaklar\u0131ndan sa\u011flanan kaliteli protein<\/p>\n<p>&#8211; Servis ba\u015f\u0131na sadece 0,9g \u015feker<\/p>\n","protected":false},"excerpt":{"rendered":"<ul class=\"pp-first-list\">\n<li><span class=\"pp-sm-title\">Marka<\/span>:<span class=\"pp-sm-desc\">Optimum Nutrition<\/span><\/li>\n<li><span class=\"pp-sm-title pp-sm-title\">Servis Say\u0131s\u0131<\/span>:<span class=\"pp-sm-desc spec-service-size\">33<\/span><\/li>\n<li><span class=\"pp-sm-title\">Servis Miktar\u0131<\/span>:<span class=\"pp-sm-desc spec-service-amount\">1 \u00d6l\u00e7ek (27 g)<\/span><\/li>\n<li><span class=\"pp-sm-title\">Servis Ba\u015f\u0131 Fiyat<\/span>:<span class=\"pp-sm-desc spec-one-service-price\">4,21 TL<\/span><\/li>\n<li><span class=\"pp-sm-title\">Protein Oran\u0131<\/span>:<span class=\"pp-sm-desc\">%74,1<\/span><\/li>\n<li><span class=\"pp-sm-title\">Karbonhidrat Oran\u0131<\/span>:<span class=\"pp-sm-desc\">%4,8<\/span><\/li>\n<li><span class=\"pp-sm-title\">\u015eeker Oran\u0131<\/span>:<span class=\"pp-sm-desc\">%3,3<\/span><\/li>\n<li><span class=\"pp-sm-title\">Ya\u011f Oran\u0131<\/span>:<span class=\"pp-sm-desc\">%5,2<\/span><\/li>\n<\/ul>\n","protected":false},"featured_media":3335,"comment_status":"open","ping_status":"closed","template":"","meta":[],"product_brand":[],"product_cat":[120],"product_tag":[],"yst_prominent_words":[],"class_list":{"0":"post-3334","1":"product","2":"type-product","3":"status-publish","4":"has-post-thumbnail","6":"product_cat-whey-protein","7":"pa_brand-optimum","9":"first","10":"outofstock","11":"shipping-taxable","12":"purchasable","13":"product-type-variable"},"_links":{"self":[{"href":"https:\/\/energyclub.com.tr\/supplement\/wp-json\/wp\/v2\/product\/3334","targetHints":{"allow":["GET"]}}],"collection":[{"href":"https:\/\/energyclub.com.tr\/supplement\/wp-json\/wp\/v2\/product"}],"about":[{"href":"https:\/\/energyclub.com.tr\/supplement\/wp-json\/wp\/v2\/types\/product"}],"replies":[{"embeddable":true,"href":"https:\/\/energyclub.com.tr\/supplement\/wp-json\/wp\/v2\/comments?post=3334"}],"wp:featuredmedia":[{"embeddable":true,"href":"https:\/\/energyclub.com.tr\/supplement\/wp-json\/wp\/v2\/media\/3335"}],"wp:attachment":[{"href":"https:\/\/energyclub.com.tr\/supplement\/wp-json\/wp\/v2\/media?parent=3334"}],"wp:term":[{"taxonomy":"product_brand","embeddable":true,"href":"https:\/\/energyclub.com.tr\/supplement\/wp-json\/wp\/v2\/product_brand?post=3334"},{"taxonomy":"product_cat","embeddable":true,"href":"https:\/\/energyclub.com.tr\/supplement\/wp-json\/wp\/v2\/product_cat?post=3334"},{"taxonomy":"product_tag","embeddable":true,"href":"https:\/\/energyclub.com.tr\/supplement\/wp-json\/wp\/v2\/product_tag?post=3334"},{"taxonomy":"yst_prominent_words","embeddable":true,"href":"https:\/\/energyclub.com.tr\/supplement\/wp-json\/wp\/v2\/yst_prominent_words?post=3334"}],"curies":[{"name":"wp","href":"https:\/\/api.w.org\/{rel}","templated":true}]}}