{"id":3344,"date":"2020-01-02T19:42:42","date_gmt":"2020-01-02T19:42:42","guid":{"rendered":"https:\/\/energyclub.com.tr\/supplement\/?post_type=product&#038;p=3344"},"modified":"2021-03-01T17:38:13","modified_gmt":"2021-03-01T14:38:13","slug":"hardline-hipro-isowhey-908-gr","status":"publish","type":"product","link":"https:\/\/energyclub.com.tr\/supplement\/urun\/protein-tozu\/izole-protein\/hardline-hipro-isowhey-908-gr\/","title":{"rendered":"Hardline Hipro IsoWhey 908 Gr."},"content":{"rendered":"<p><b>Hardline Hipro Nedir?<\/b><\/p>\n<p>Hardline Hipro d\u00fcnyaca \u00fcnl\u00fc\u00a0Davisco Foods\u00a0firmas\u0131n\u0131n patentli olarak \u00fcretmi\u015f oldugu\u00a0Gold Standart Protein\u00a0olarak bilinen proteininin Hardline markas\u0131 taraf\u0131ndan sunulmu\u015f halidir.<\/p>\n<p>%100 \u0130zole Whey protein oran\u0131na sahip olan Hipro,\u00a0laktoz i\u00e7ermeyen, 0 \u015feker, ya\u011f oran\u0131 %1,6 (Whey proteinde olabilecek en d\u00fc\u015f\u00fck oran) olan \u00a0ve olabilecek en y\u00fcksek Izole Whey proteinin oran\u0131na sahip Protein \u00fcr\u00fcn\u00fcd\u00fcr.<\/p>\n<p>\u0130\u00e7eri\u011finde\u00a0Laktoz\u00a0bulundurmad\u0131\u011f\u0131 i\u00e7in di\u011fer izole \u00fcr\u00fcnlere g\u00f6re \u00e7ok daha h\u0131zl\u0131 bir emilim sa\u011flamaktad\u0131r.\u00a0 Ion-exchange teknolojisi ile \u00fcretilmi\u015f olmas\u0131 nedeniyle, proteinin t\u00fcm fraksiyonlar\u0131 korunur ve biyoyararlan\u0131m\u0131 y\u00fcksektir.<\/p>\n<p>Hardline Hipro&#8217;nun dikkat \u00e7eken \u00f6zellikleri:<\/p>\n<p>&#8211; %100 \u0130zole Whey Proteini<\/p>\n<p>&#8211; %96 Protein oran\u0131\u00a0Plain (aromas\u0131z)<\/p>\n<p>&#8211;\u00a0% 91,6 Protein oran\u0131 \u00c7ikolata<\/p>\n<p>&#8211;\u00a05,52 g BCAA &#8211; Plain (aromas\u0131z)<\/p>\n<p>&#8211;\u00a0 5,26 g BCAA &#8211; \u00c7ikolata<\/p>\n<p>&#8211; Patentli Bipro ham madde<\/p>\n<p>&#8211; H\u0131zl\u0131 emilim, y\u00fcksek biyoyararlan\u0131m<\/p>\n<p>&#8211; 0 karbonhidrat ve \u015feker<\/p>\n<p>Not: \u00dcr\u00fcn i\u00e7eri\u011fi tablosu AROMASIZ \u00fcr\u00fcnden referans al\u0131narak olu\u015fturulmu\u015ftur.<\/p>\n","protected":false},"excerpt":{"rendered":"<ul class=\"pp-first-list\">\n<li><span class=\"pp-sm-title\">Marka<\/span>:<span class=\"pp-sm-desc\">Hardline<\/span><\/li>\n<li><span class=\"pp-sm-title pp-sm-title\">Servis Say\u0131s\u0131<\/span>:<span class=\"pp-sm-desc spec-service-size\">36<\/span><\/li>\n<li><span class=\"pp-sm-title\">Servis Miktar\u0131<\/span>:<span class=\"pp-sm-desc spec-service-amount\">1 \u00d6l\u00e7ek (25 g)<\/span><\/li>\n<li><span class=\"pp-sm-title\">Servis Ba\u015f\u0131 Fiyat<\/span>:<span class=\"pp-sm-desc spec-one-service-price\">6,08 TL<\/span><\/li>\n<li><span class=\"pp-sm-title\">Protein Oran\u0131<\/span>:<span class=\"pp-sm-desc\">%96,0<\/span><\/li>\n<li><span class=\"pp-sm-title\">Ya\u011f Oran\u0131<\/span>:<span class=\"pp-sm-desc\">%1,6<\/span><\/li>\n<li><span class=\"pp-sm-title\">Arjinin Oran\u0131<\/span>:<span class=\"pp-sm-desc\">%2,2<\/span><\/li>\n<\/ul>\n","protected":false},"featured_media":3345,"comment_status":"open","ping_status":"closed","template":"","meta":[],"product_brand":[],"product_cat":[121],"product_tag":[],"yst_prominent_words":[],"class_list":{"0":"post-3344","1":"product","2":"type-product","3":"status-publish","4":"has-post-thumbnail","6":"product_cat-izole-protein","7":"pa_brand-hardline","9":"first","10":"outofstock","11":"shipping-taxable","12":"purchasable","13":"product-type-variable"},"_links":{"self":[{"href":"https:\/\/energyclub.com.tr\/supplement\/wp-json\/wp\/v2\/product\/3344","targetHints":{"allow":["GET"]}}],"collection":[{"href":"https:\/\/energyclub.com.tr\/supplement\/wp-json\/wp\/v2\/product"}],"about":[{"href":"https:\/\/energyclub.com.tr\/supplement\/wp-json\/wp\/v2\/types\/product"}],"replies":[{"embeddable":true,"href":"https:\/\/energyclub.com.tr\/supplement\/wp-json\/wp\/v2\/comments?post=3344"}],"wp:featuredmedia":[{"embeddable":true,"href":"https:\/\/energyclub.com.tr\/supplement\/wp-json\/wp\/v2\/media\/3345"}],"wp:attachment":[{"href":"https:\/\/energyclub.com.tr\/supplement\/wp-json\/wp\/v2\/media?parent=3344"}],"wp:term":[{"taxonomy":"product_brand","embeddable":true,"href":"https:\/\/energyclub.com.tr\/supplement\/wp-json\/wp\/v2\/product_brand?post=3344"},{"taxonomy":"product_cat","embeddable":true,"href":"https:\/\/energyclub.com.tr\/supplement\/wp-json\/wp\/v2\/product_cat?post=3344"},{"taxonomy":"product_tag","embeddable":true,"href":"https:\/\/energyclub.com.tr\/supplement\/wp-json\/wp\/v2\/product_tag?post=3344"},{"taxonomy":"yst_prominent_words","embeddable":true,"href":"https:\/\/energyclub.com.tr\/supplement\/wp-json\/wp\/v2\/yst_prominent_words?post=3344"}],"curies":[{"name":"wp","href":"https:\/\/api.w.org\/{rel}","templated":true}]}}