{"id":3346,"date":"2020-01-02T19:44:56","date_gmt":"2020-01-02T19:44:56","guid":{"rendered":"https:\/\/energyclub.com.tr\/supplement\/?post_type=product&#038;p=3346"},"modified":"2020-12-17T21:13:16","modified_gmt":"2020-12-17T18:13:16","slug":"multipower-0-whey-isolate-protein-2000-gr","status":"publish","type":"product","link":"https:\/\/energyclub.com.tr\/supplement\/urun\/protein-tozu\/izole-protein\/multipower-0-whey-isolate-protein-2000-gr\/","title":{"rendered":"Multipower %100 Whey Isolate Protein 2000 Gr."},"content":{"rendered":"<p><strong>Multipower %100 Whey Isolate Protein Nedir?<\/strong><\/p>\n<p>Multipower %100 Whey Isolate Protein toz formda olan ve izole whey proteini i\u00e7eren bir protein tozu \u00fcr\u00fcn\u00fcd\u00fcr.<\/p>\n<p>\u0130zole yap\u0131s\u0131 sayesinde\u00a0Multipower %100 Whey Isolate Protein \u00f6zellikle diyet d\u00f6neminde olan ve kilo kontrol\u00fc yapan sporcular\u0131n tercih edebilece\u011fi bir protein tozu \u00fcr\u00fcn\u00fcd\u00fcr.<\/p>\n<p>Multipower %100 Whey Isolate Protein&#8217;in dikkat \u00e7eken \u00f6zellikleri:<\/p>\n<p>&#8211; 1 servisinde 6500mg BCAA<\/p>\n<p>&#8211; %86 protein oran\u0131<\/p>\n<p>&#8211; 0&#8217;a yak\u0131n \u015feker ve karbonhidrat<\/p>\n<p>Bu \u00fcr\u00fcnde Orijinal \u00dcr\u00fcn Do\u011frulama Sistemi (\u00dcDS) uygulanmaktad\u0131r.<\/p>\n<p><b>\u00dcDS nedir?<\/b><\/p>\n<ul>\n<li>Sa\u011fl\u0131kl\u0131 ve g\u00fcvenilir g\u0131da t\u00fcketmek i\u00e7in,<\/li>\n<li>Kim taraf\u0131ndan \u00fcretildi\u011fini bilmek i\u00e7in<\/li>\n<li>Hangi ithalat\u00e7\u0131 firma taraf\u0131ndan ithal edildi\u011fini g\u00f6rmek i\u00e7in<\/li>\n<li>\u00dclkeye yasal yollardan girip girmedi\u011fini bilmek i\u00e7in<\/li>\n<li>G\u0131da Tar\u0131m ve Hayvanc\u0131l\u0131k Bakanl\u0131\u011f\u0131 mevzuat\u0131na\u00a0 uygunlu\u011fu i\u00e7in,<\/li>\n<\/ul>\n<p>Bandrol \u00fczerinde bulunan QR kodun alt\u0131ndaki b\u00f6l\u00fcm\u00fc kaz\u0131y\u0131p, \u00e7\u0131kan kodu\u00a0<a href=\"http:\/\/www.yenielif.com.tr\/urundogrulama.php\" target=\"_blank\" rel=\"nofollow noopener noreferrer\">buraya<\/a>\u00a0t\u0131klayarak sorgulayabilirsiniz.\u00a0Ayr\u0131ca ak\u0131ll\u0131 telefonunuz ile Qr kodu okutarak y\u00f6nelecek olan sayfada sorgulama yapabilirsiniz.<\/p>\n","protected":false},"excerpt":{"rendered":"<ul class=\"pp-first-list\">\n<li><span class=\"pp-sm-title\">Marka<\/span>:<span class=\"pp-sm-desc\">Multipower<\/span><\/li>\n<li><span class=\"pp-sm-title pp-sm-title\">Servis Say\u0131s\u0131<\/span>:<span class=\"pp-sm-desc spec-service-size\">66<\/span><\/li>\n<li><span class=\"pp-sm-title\">Servis Miktar\u0131<\/span>:<span class=\"pp-sm-desc spec-service-amount\">3 \u00d6l\u00e7ek (30 g)<\/span><\/li>\n<li><span class=\"pp-sm-title\">Servis Ba\u015f\u0131 Fiyat<\/span>:<span class=\"pp-sm-desc spec-one-service-price\">6,95 TL<\/span><\/li>\n<li><span class=\"pp-sm-title\">Protein Oran\u0131<\/span>:<span class=\"pp-sm-desc\">%86,7<\/span><\/li>\n<li><span class=\"pp-sm-title\">Karbonhidrat Oran\u0131<\/span>:<span class=\"pp-sm-desc\">%2,7<\/span><\/li>\n<li><span class=\"pp-sm-title\">\u015eeker Oran\u0131<\/span>:<span class=\"pp-sm-desc\">%1,3<\/span><\/li>\n<li><span class=\"pp-sm-title\">Ya\u011f Oran\u0131<\/span>:<span class=\"pp-sm-desc\">%1,3<\/span><\/li>\n<li><span class=\"pp-sm-title\">Arjinin Oran\u0131<\/span>:<span class=\"pp-sm-desc\">%1,7<\/span><\/li>\n<\/ul>\n","protected":false},"featured_media":3347,"comment_status":"open","ping_status":"closed","template":"","meta":[],"product_brand":[],"product_cat":[121],"product_tag":[],"yst_prominent_words":[],"class_list":{"0":"post-3346","1":"product","2":"type-product","3":"status-publish","4":"has-post-thumbnail","6":"product_cat-izole-protein","7":"pa_brand-multipower","9":"first","10":"instock","11":"shipping-taxable","12":"purchasable","13":"product-type-variable"},"_links":{"self":[{"href":"https:\/\/energyclub.com.tr\/supplement\/wp-json\/wp\/v2\/product\/3346","targetHints":{"allow":["GET"]}}],"collection":[{"href":"https:\/\/energyclub.com.tr\/supplement\/wp-json\/wp\/v2\/product"}],"about":[{"href":"https:\/\/energyclub.com.tr\/supplement\/wp-json\/wp\/v2\/types\/product"}],"replies":[{"embeddable":true,"href":"https:\/\/energyclub.com.tr\/supplement\/wp-json\/wp\/v2\/comments?post=3346"}],"wp:featuredmedia":[{"embeddable":true,"href":"https:\/\/energyclub.com.tr\/supplement\/wp-json\/wp\/v2\/media\/3347"}],"wp:attachment":[{"href":"https:\/\/energyclub.com.tr\/supplement\/wp-json\/wp\/v2\/media?parent=3346"}],"wp:term":[{"taxonomy":"product_brand","embeddable":true,"href":"https:\/\/energyclub.com.tr\/supplement\/wp-json\/wp\/v2\/product_brand?post=3346"},{"taxonomy":"product_cat","embeddable":true,"href":"https:\/\/energyclub.com.tr\/supplement\/wp-json\/wp\/v2\/product_cat?post=3346"},{"taxonomy":"product_tag","embeddable":true,"href":"https:\/\/energyclub.com.tr\/supplement\/wp-json\/wp\/v2\/product_tag?post=3346"},{"taxonomy":"yst_prominent_words","embeddable":true,"href":"https:\/\/energyclub.com.tr\/supplement\/wp-json\/wp\/v2\/yst_prominent_words?post=3346"}],"curies":[{"name":"wp","href":"https:\/\/api.w.org\/{rel}","templated":true}]}}