{"id":3361,"date":"2020-01-02T19:59:29","date_gmt":"2020-01-02T19:59:29","guid":{"rendered":"https:\/\/energyclub.com.tr\/supplement\/?post_type=product&#038;p=3361"},"modified":"2020-12-17T20:54:40","modified_gmt":"2020-12-17T17:54:40","slug":"optimum-gold-standard-casein-1818-gr","status":"publish","type":"product","link":"https:\/\/energyclub.com.tr\/supplement\/urun\/protein-tozu\/kazein\/optimum-gold-standard-casein-1818-gr\/","title":{"rendered":"Optimum Gold Standard Casein 1818 Gr."},"content":{"rendered":"<h2><b>Optimum Gold Standard Casein<\/b>\u00a0<b>Nedir?<\/b><\/h2>\n<p>Optimum Gold Standard Casein \u00e7ok yava\u015f bir emilime sahip Micellar Casein proteinlerinden olu\u015fan bir Kazein protein tozudur.<\/p>\n<p>Whey proteinin aksine, s\u00fctten elde edilen Kazein proteini\u00a0\u00e7ok daha yava\u015f bir emilime sahip olan Casein uzun s\u00fcreli protein ihtiyac\u0131 olan ya da belli bir zaman aral\u0131\u011f\u0131nda proteinsiz kalan sporcular i\u00e7in protein kayna\u011f\u0131 olu\u015fturabilmektedir.<\/p>\n<p>Optimum Gold Standard Casein&#8217;in dikkat \u00e7eken \u00f6zellikleri:<\/p>\n<p>&#8211; 1 servisinde 24gram Kazein proteini<\/p>\n<p>&#8211; %75 Protein oran\u0131<\/p>\n<p>&#8211; 5gram\u0131n \u00fczerinde BCAA amino asit i\u00e7eri\u011fi<\/p>\n<p>&#8211; 5grama yak\u0131n GLutamin ve Glutamin \u00f6nc\u00fcleri amino asit i\u00e7eri\u011fi<\/p>\n<p>&#8211; D\u00fc\u015f\u00fck ya\u011f, \u015feker ve karbonhidrat i\u00e7eri\u011fi<\/p>\n<p>&#8211; Vitamin ve mineral i\u00e7eri\u011fi<\/p>\n<p>&#8211; 1 kutuda 55 servis<\/p>\n<p><strong>NOT:\u00a0<\/strong><\/p>\n<p>\u00dcr\u00fcn servis say\u0131lar\u0131 \u00fcr\u00fcn aromas\u0131na g\u00f6re a\u015fa\u011f\u0131da belirtilmi\u015f oldu\u011fu \u015fekli ile de\u011fi\u015fiklik g\u00f6stermektedir.<\/p>\n<ul>\n<li>Optimum Gold Standard Casein\u00a0Muz Aromas\u0131: 56 Servis<\/li>\n<\/ul>\n","protected":false},"excerpt":{"rendered":"<ul class=\"pp-first-list\">\n<li><span class=\"pp-sm-title\">Marka<\/span>:<span class=\"pp-sm-desc\">Optimum Nutrition<\/span><\/li>\n<li><span class=\"pp-sm-title pp-sm-title\">Servis Say\u0131s\u0131<\/span>:<span class=\"pp-sm-desc spec-service-size\">55<\/span><\/li>\n<li><span class=\"pp-sm-title\">Servis Miktar\u0131<\/span>:<span class=\"pp-sm-desc spec-service-amount\">1 \u00d6l\u00e7ek (33 g)<\/span><\/li>\n<li><span class=\"pp-sm-title\">Servis Ba\u015f\u0131 Fiyat<\/span>:<span class=\"pp-sm-desc spec-one-service-price\">9,07 TL<\/span><\/li>\n<li><span class=\"pp-sm-title\">Protein Oran\u0131<\/span>:<span class=\"pp-sm-desc\">%72,7<\/span><\/li>\n<li><span class=\"pp-sm-title\">Karbonhidrat Oran\u0131<\/span>:<span class=\"pp-sm-desc\">%10,6<\/span><\/li>\n<li><span class=\"pp-sm-title\">\u015eeker Oran\u0131<\/span>:<span class=\"pp-sm-desc\">%4,5<\/span><\/li>\n<li><span class=\"pp-sm-title\">Ya\u011f Oran\u0131<\/span>:<span class=\"pp-sm-desc\">%2,1<\/span><\/li>\n<li><span class=\"pp-sm-title\">Arjinin Oran\u0131<\/span>:<span class=\"pp-sm-desc\">%2,6<\/span><\/li>\n<\/ul>\n","protected":false},"featured_media":3362,"comment_status":"open","ping_status":"closed","template":"","meta":[],"product_brand":[],"product_cat":[122],"product_tag":[],"yst_prominent_words":[],"class_list":{"0":"post-3361","1":"product","2":"type-product","3":"status-publish","4":"has-post-thumbnail","6":"product_cat-kazein","7":"pa_brand-optimum","9":"first","10":"outofstock","11":"shipping-taxable","12":"purchasable","13":"product-type-variable"},"_links":{"self":[{"href":"https:\/\/energyclub.com.tr\/supplement\/wp-json\/wp\/v2\/product\/3361","targetHints":{"allow":["GET"]}}],"collection":[{"href":"https:\/\/energyclub.com.tr\/supplement\/wp-json\/wp\/v2\/product"}],"about":[{"href":"https:\/\/energyclub.com.tr\/supplement\/wp-json\/wp\/v2\/types\/product"}],"replies":[{"embeddable":true,"href":"https:\/\/energyclub.com.tr\/supplement\/wp-json\/wp\/v2\/comments?post=3361"}],"wp:featuredmedia":[{"embeddable":true,"href":"https:\/\/energyclub.com.tr\/supplement\/wp-json\/wp\/v2\/media\/3362"}],"wp:attachment":[{"href":"https:\/\/energyclub.com.tr\/supplement\/wp-json\/wp\/v2\/media?parent=3361"}],"wp:term":[{"taxonomy":"product_brand","embeddable":true,"href":"https:\/\/energyclub.com.tr\/supplement\/wp-json\/wp\/v2\/product_brand?post=3361"},{"taxonomy":"product_cat","embeddable":true,"href":"https:\/\/energyclub.com.tr\/supplement\/wp-json\/wp\/v2\/product_cat?post=3361"},{"taxonomy":"product_tag","embeddable":true,"href":"https:\/\/energyclub.com.tr\/supplement\/wp-json\/wp\/v2\/product_tag?post=3361"},{"taxonomy":"yst_prominent_words","embeddable":true,"href":"https:\/\/energyclub.com.tr\/supplement\/wp-json\/wp\/v2\/yst_prominent_words?post=3361"}],"curies":[{"name":"wp","href":"https:\/\/api.w.org\/{rel}","templated":true}]}}