{"id":3369,"date":"2020-01-02T20:12:43","date_gmt":"2020-01-02T20:12:43","guid":{"rendered":"https:\/\/energyclub.com.tr\/supplement\/?post_type=product&#038;p=3369"},"modified":"2020-03-02T22:55:54","modified_gmt":"2020-03-02T19:55:54","slug":"big-joy-big-whey-528-gr-15-sase-2","status":"publish","type":"product","link":"https:\/\/energyclub.com.tr\/supplement\/urun\/protein-tozu\/kompleks-protein\/big-joy-big-whey-528-gr-15-sase-2\/","title":{"rendered":"Big Joy Big Whey 528 Gr. 15 Sa\u015fe"},"content":{"rendered":"<p><b>Big Joy Big Whey Protein nedir?<\/b><\/p>\n<p>Y\u00fcksek protein i\u00e7eren \u00e7orba, ekmek ve makarna gibi sporcular\u0131n ihtiya\u00e7lar\u0131na y\u00f6nelik yenilik\u00e7i g\u0131da \u00fcr\u00fcnleriyle \u00f6ne \u00e7\u0131kan Big Joy markas\u0131n\u0131n yeni protein tozu \u00fcr\u00fcn\u00fcd\u00fcr.<\/p>\n<p>Big Joy Big Whey, kutu i\u00e7inde 15 adet tek kullan\u0131ml\u0131k sa\u015feler (po\u015fet) i\u00e7erir. Her sa\u015fede 25 gram whey protein i\u00e7erir. 7,9 gr BCAA ve 3,9 gr glutamin \u00f6nc\u00fcleri de\u011ferlerine sahip amino asit bile\u015fenleriyle dikkat \u00e7ekmektedir.<\/p>\n<p>Ultra filtreleme y\u00f6ntemiyle elde edilmi\u015f whey protein konsantresi ve izole protein i\u00e7eri\u011fiyle, protein ihtiyac\u0131n\u0131z\u0131 daha h\u0131zl\u0131 bir \u015fekilde kar\u015f\u0131lamaya yard\u0131mc\u0131 olabilir.<\/p>\n<p>Her porsiyon i\u00e7in tek kullan\u0131ml\u0131k sa\u015feler halinde paketlenen Big Joy Big Whey, d\u0131\u015far\u0131 \u00e7\u0131kt\u0131\u011f\u0131n\u0131zda protein tozunuzu yan\u0131n\u0131zda ta\u015f\u0131ma kolayl\u0131\u011f\u0131 sa\u011flar.<\/p>\n<p>Big Joy Big Whey Protein \u00f6zellikleri:<\/p>\n<p>&#8211; Kutu i\u00e7inde 15 adet tek kullan\u0131ml\u0131k sa\u015feler halinde paketleme<br \/>\n&#8211; Servis ba\u015f\u0131na 25 gr protein<br \/>\n&#8211; 7,9 gr BCAA<br \/>\n&#8211; 3,9 gr Glutamin \u00f6nc\u00fcleri<br \/>\n&#8211; Farkl\u0131 aroma se\u00e7enekleri<br \/>\n&#8211; Sa\u015fe formunda olmas\u0131 sayesinde pratik ve hijyenik kullan\u0131m<br \/>\n&#8211; Yan\u0131n\u0131zda kolayca ta\u015f\u0131ma imkan\u0131<br \/>\n&#8211; Hava ile temas etmedi\u011fi i\u00e7in son kullan\u0131m tarihine kadar tazeli\u011fini korur<\/p>\n<p><strong>Not:<\/strong><\/p>\n<p>&#8220;MIX 3&#8221; \u015fe\u00e7ene\u011finin kutu i\u00e7i aroma da\u011f\u0131l\u0131m\u0131:<\/p>\n<ul>\n<li>5 adet \u00e7ikolata<\/li>\n<li>5 adet muz<\/li>\n<li>5 adet \u00e7ilek<\/li>\n<\/ul>\n","protected":false},"excerpt":{"rendered":"<ul class=\"pp-first-list\">\n<li><span class=\"pp-sm-title\">Marka<\/span>:<span class=\"pp-sm-desc\">Big Joy<\/span><\/li>\n<li><span class=\"pp-sm-title pp-sm-title\">Servis Say\u0131s\u0131<\/span>:<span class=\"pp-sm-desc spec-service-size\">15<\/span><\/li>\n<li><span class=\"pp-sm-title\">Servis Miktar\u0131<\/span>:<span class=\"pp-sm-desc spec-service-amount\">1 Sa\u015fe (35,2 g)<\/span><\/li>\n<li><span class=\"pp-sm-title\">Servis Ba\u015f\u0131 Fiyat<\/span>:<span class=\"pp-sm-desc spec-one-service-price\">5,13 TL<\/span><\/li>\n<li><span class=\"pp-sm-title\">Protein Oran\u0131<\/span>:<span class=\"pp-sm-desc\">%71,4<\/span><\/li>\n<li><span class=\"pp-sm-title\">Karbonhidrat Oran\u0131<\/span>:<span class=\"pp-sm-desc\">%5,4<\/span><\/li>\n<li><span class=\"pp-sm-title\">\u015eeker Oran\u0131<\/span>:<span class=\"pp-sm-desc\">%2,9<\/span><\/li>\n<li><span class=\"pp-sm-title\">Ya\u011f Oran\u0131<\/span>:<span class=\"pp-sm-desc\">%6,9<\/span><\/li>\n<\/ul>\n","protected":false},"featured_media":3370,"comment_status":"open","ping_status":"closed","template":"","meta":[],"product_brand":[],"product_cat":[123],"product_tag":[],"yst_prominent_words":[],"class_list":{"0":"post-3369","1":"product","2":"type-product","3":"status-publish","4":"has-post-thumbnail","6":"product_cat-kompleks-protein","7":"pa_brand-bigjoy-supplement","9":"first","10":"outofstock","11":"shipping-taxable","12":"purchasable","13":"product-type-variable"},"_links":{"self":[{"href":"https:\/\/energyclub.com.tr\/supplement\/wp-json\/wp\/v2\/product\/3369","targetHints":{"allow":["GET"]}}],"collection":[{"href":"https:\/\/energyclub.com.tr\/supplement\/wp-json\/wp\/v2\/product"}],"about":[{"href":"https:\/\/energyclub.com.tr\/supplement\/wp-json\/wp\/v2\/types\/product"}],"replies":[{"embeddable":true,"href":"https:\/\/energyclub.com.tr\/supplement\/wp-json\/wp\/v2\/comments?post=3369"}],"wp:featuredmedia":[{"embeddable":true,"href":"https:\/\/energyclub.com.tr\/supplement\/wp-json\/wp\/v2\/media\/3370"}],"wp:attachment":[{"href":"https:\/\/energyclub.com.tr\/supplement\/wp-json\/wp\/v2\/media?parent=3369"}],"wp:term":[{"taxonomy":"product_brand","embeddable":true,"href":"https:\/\/energyclub.com.tr\/supplement\/wp-json\/wp\/v2\/product_brand?post=3369"},{"taxonomy":"product_cat","embeddable":true,"href":"https:\/\/energyclub.com.tr\/supplement\/wp-json\/wp\/v2\/product_cat?post=3369"},{"taxonomy":"product_tag","embeddable":true,"href":"https:\/\/energyclub.com.tr\/supplement\/wp-json\/wp\/v2\/product_tag?post=3369"},{"taxonomy":"yst_prominent_words","embeddable":true,"href":"https:\/\/energyclub.com.tr\/supplement\/wp-json\/wp\/v2\/yst_prominent_words?post=3369"}],"curies":[{"name":"wp","href":"https:\/\/api.w.org\/{rel}","templated":true}]}}