{"id":3392,"date":"2020-01-02T20:35:05","date_gmt":"2020-01-02T20:35:05","guid":{"rendered":"https:\/\/energyclub.com.tr\/supplement\/?post_type=product&#038;p=3392"},"modified":"2020-03-22T20:47:16","modified_gmt":"2020-03-22T17:47:16","slug":"sis-overnight-protein-1000-gr-2","status":"publish","type":"product","link":"https:\/\/energyclub.com.tr\/supplement\/urun\/protein-tozu\/kompleks-protein\/sis-overnight-protein-1000-gr-2\/","title":{"rendered":"SiS Overnight Protein 1000 Gr."},"content":{"rendered":"<p><b>SiS\u00a0Overnight Protein 1000 gr nedir?<\/b><\/p>\n<p>SiS\u00a0Overnight y\u00fcksek kaliteye sahip s\u00fct proteini ve izole whey proteini kar\u0131\u015f\u0131m\u0131ndan olu\u015fan bir \u00fcr\u00fcnd\u00fcr. S\u00fct proteini yap\u0131s\u0131nda yava\u015f sindirilen %80 kazein proteini ve h\u0131zl\u0131 sindirilen %20 peyniralt\u0131 suyu (whey) proteini i\u00e7erir. Servis ba\u015f\u0131na yava\u015f sindirilen 26 gram protein sunan bu \u00fcr\u00fcn, kaslar\u0131n\u0131z\u0131 gece boyunca besler. Protein, kas k\u00fctlesinin korunmas\u0131na ve art\u0131\u015f\u0131na yard\u0131mc\u0131 olur.<\/p>\n<p>SiS\u00a0Overnight Protein 1000 gr \u00f6zellikleri<\/p>\n<p>&#8211; Servis ba\u015f\u0131na 26 gram protein<br \/>\n&#8211; %50 S\u00fct proteini &#8211; %50 izole whey proteini<br \/>\n&#8211; H\u0131zl\u0131 ve yava\u015f sindirilen protein kar\u0131\u015f\u0131m\u0131<br \/>\n&#8211; 1992 y\u0131l\u0131ndan beri alt\u0131n madalya kazanan sporcular\u0131n tercihi<br \/>\n&#8211;\u00a0D\u00fc\u015f\u00fck \u015feker oran\u0131<br \/>\n&#8211; Vejetaryen kullan\u0131m\u0131na uygun<\/p>\n<p><em>Kullan\u0131m \u00f6nerisi:<\/em><\/p>\n<p>So\u011fuk ve s\u0131cak t\u00fcketime uygundur. S\u0131cak t\u00fcketim i\u00e7in 1 servis kar\u0131\u015f\u0131m\u0131 kupan\u0131za doldurun. Yakla\u015f\u0131k 70 saniye mikrodalga f\u0131r\u0131nda \u0131s\u0131t\u0131n. 1 dakika dinlendirdikten sonra kar\u0131\u015ft\u0131rarak t\u00fcketebilirsiniz.<\/p>\n","protected":false},"excerpt":{"rendered":"<ul class=\"pp-first-list\">\n<li><span class=\"pp-sm-title\">Marka<\/span>:<span class=\"pp-sm-desc\">SIS<\/span><\/li>\n<li><span class=\"pp-sm-title pp-sm-title\">Servis Say\u0131s\u0131<\/span>:<span class=\"pp-sm-desc spec-service-size\">28<\/span><\/li>\n<li><span class=\"pp-sm-title\">Servis Miktar\u0131<\/span>:<span class=\"pp-sm-desc spec-service-amount\">3,5 \u00d6l\u00e7ek (35 g)<\/span><\/li>\n<li><span class=\"pp-sm-title\">Servis Ba\u015f\u0131 Fiyat<\/span>:<span class=\"pp-sm-desc spec-one-service-price\">9,61 TL<\/span><\/li>\n<li><span class=\"pp-sm-title\">Protein Oran\u0131<\/span>:<span class=\"pp-sm-desc\">%72,2<\/span><\/li>\n<li><span class=\"pp-sm-title\">Karbonhidrat Oran\u0131<\/span>:<span class=\"pp-sm-desc\">%5,3<\/span><\/li>\n<li><span class=\"pp-sm-title\">\u015eeker Oran\u0131<\/span>:<span class=\"pp-sm-desc\">%1,9<\/span><\/li>\n<li><span class=\"pp-sm-title\">Ya\u011f Oran\u0131<\/span>:<span class=\"pp-sm-desc\">%5,6<\/span><\/li>\n<\/ul>\n","protected":false},"featured_media":3393,"comment_status":"open","ping_status":"closed","template":"","meta":[],"product_brand":[],"product_cat":[123],"product_tag":[],"yst_prominent_words":[],"class_list":{"0":"post-3392","1":"product","2":"type-product","3":"status-publish","4":"has-post-thumbnail","6":"product_cat-kompleks-protein","7":"pa_brand-sis","9":"first","10":"outofstock","11":"shipping-taxable","12":"purchasable","13":"product-type-variable"},"_links":{"self":[{"href":"https:\/\/energyclub.com.tr\/supplement\/wp-json\/wp\/v2\/product\/3392","targetHints":{"allow":["GET"]}}],"collection":[{"href":"https:\/\/energyclub.com.tr\/supplement\/wp-json\/wp\/v2\/product"}],"about":[{"href":"https:\/\/energyclub.com.tr\/supplement\/wp-json\/wp\/v2\/types\/product"}],"replies":[{"embeddable":true,"href":"https:\/\/energyclub.com.tr\/supplement\/wp-json\/wp\/v2\/comments?post=3392"}],"wp:featuredmedia":[{"embeddable":true,"href":"https:\/\/energyclub.com.tr\/supplement\/wp-json\/wp\/v2\/media\/3393"}],"wp:attachment":[{"href":"https:\/\/energyclub.com.tr\/supplement\/wp-json\/wp\/v2\/media?parent=3392"}],"wp:term":[{"taxonomy":"product_brand","embeddable":true,"href":"https:\/\/energyclub.com.tr\/supplement\/wp-json\/wp\/v2\/product_brand?post=3392"},{"taxonomy":"product_cat","embeddable":true,"href":"https:\/\/energyclub.com.tr\/supplement\/wp-json\/wp\/v2\/product_cat?post=3392"},{"taxonomy":"product_tag","embeddable":true,"href":"https:\/\/energyclub.com.tr\/supplement\/wp-json\/wp\/v2\/product_tag?post=3392"},{"taxonomy":"yst_prominent_words","embeddable":true,"href":"https:\/\/energyclub.com.tr\/supplement\/wp-json\/wp\/v2\/yst_prominent_words?post=3392"}],"curies":[{"name":"wp","href":"https:\/\/api.w.org\/{rel}","templated":true}]}}