{"id":3400,"date":"2020-01-03T12:48:52","date_gmt":"2020-01-03T12:48:52","guid":{"rendered":"https:\/\/energyclub.com.tr\/supplement\/?post_type=product&#038;p=3400"},"modified":"2020-12-17T20:05:58","modified_gmt":"2020-12-17T17:05:58","slug":"big-joy-bcaabig-589-gr","status":"publish","type":"product","link":"https:\/\/energyclub.com.tr\/supplement\/urun\/amino-asit\/bcaa\/big-joy-bcaabig-589-gr\/","title":{"rendered":"Big Joy BcaaBig 589 Gr."},"content":{"rendered":"<p><strong>Big Joy BcaaBig 589 Gr nedir?<\/strong><\/p>\n<p>2:1:1 oran\u0131nda BCAA, glutamin, taurin i\u00e7eren, ayr\u0131ca elektrolitler ile desteklenmi\u015f kompleks bir form\u00fcle sahip BCAA \u00fcr\u00fcn\u00fcd\u00fcr.\u00a0BigJoy BcaaBig servis ba\u015f\u0131na y\u00fcksek miktarda BCAA (10 g) ve glutamin (4 g) i\u00e7eri\u011fi ile dikkat \u00e7ekmektedir.<\/p>\n<p>Yo\u011fun ve uzun antrenmanlarda, ter ile eksilen elektrolit s\u0131v\u0131lar\u0131 geri kazanabilmek i\u00e7in elektrolit kar\u0131\u015f\u0131m\u0131 i\u00e7ermektedir.<\/p>\n<p>Big Joy BcaaBig&#8217;in dikkat \u00e7eken \u00f6zellikleri<\/p>\n<p>&#8211; 1 servis \u00fcr\u00fcnde;<\/p>\n<ul>\n<li>10.000 mg BCAA<\/li>\n<li>4.000 mg glutamin<\/li>\n<li>1.000 mg taurin<\/li>\n<\/ul>\n<p>&#8211; Toplam 400 mg mineraller i\u00e7eren elektrolit form\u00fcl\u00fc<\/p>\n","protected":false},"excerpt":{"rendered":"<ul class=\"pp-first-list\">\n<li><span class=\"pp-sm-title\">Marka<\/span>:<span class=\"pp-sm-desc\">Big Joy<\/span><\/li>\n<li><span class=\"pp-sm-title pp-sm-title\">Servis Say\u0131s\u0131<\/span>:<span class=\"pp-sm-desc spec-service-size\">32<\/span><\/li>\n<li><span class=\"pp-sm-title\">Servis Miktar\u0131<\/span>:<span class=\"pp-sm-desc spec-service-amount\">1 \u00d6l\u00e7ek (18,4 g)<\/span><\/li>\n<li><span class=\"pp-sm-title\">Servis Ba\u015f\u0131 Fiyat<\/span>:<span class=\"pp-sm-desc spec-one-service-price\">5,28 TL<\/span><\/li>\n<\/ul>\n","protected":false},"featured_media":3401,"comment_status":"open","ping_status":"closed","template":"","meta":[],"product_brand":[],"product_cat":[126],"product_tag":[],"yst_prominent_words":[],"class_list":{"0":"post-3400","1":"product","2":"type-product","3":"status-publish","4":"has-post-thumbnail","6":"product_cat-bcaa","7":"pa_brand-bigjoy-supplement","9":"first","10":"instock","11":"shipping-taxable","12":"purchasable","13":"product-type-variable"},"_links":{"self":[{"href":"https:\/\/energyclub.com.tr\/supplement\/wp-json\/wp\/v2\/product\/3400","targetHints":{"allow":["GET"]}}],"collection":[{"href":"https:\/\/energyclub.com.tr\/supplement\/wp-json\/wp\/v2\/product"}],"about":[{"href":"https:\/\/energyclub.com.tr\/supplement\/wp-json\/wp\/v2\/types\/product"}],"replies":[{"embeddable":true,"href":"https:\/\/energyclub.com.tr\/supplement\/wp-json\/wp\/v2\/comments?post=3400"}],"wp:featuredmedia":[{"embeddable":true,"href":"https:\/\/energyclub.com.tr\/supplement\/wp-json\/wp\/v2\/media\/3401"}],"wp:attachment":[{"href":"https:\/\/energyclub.com.tr\/supplement\/wp-json\/wp\/v2\/media?parent=3400"}],"wp:term":[{"taxonomy":"product_brand","embeddable":true,"href":"https:\/\/energyclub.com.tr\/supplement\/wp-json\/wp\/v2\/product_brand?post=3400"},{"taxonomy":"product_cat","embeddable":true,"href":"https:\/\/energyclub.com.tr\/supplement\/wp-json\/wp\/v2\/product_cat?post=3400"},{"taxonomy":"product_tag","embeddable":true,"href":"https:\/\/energyclub.com.tr\/supplement\/wp-json\/wp\/v2\/product_tag?post=3400"},{"taxonomy":"yst_prominent_words","embeddable":true,"href":"https:\/\/energyclub.com.tr\/supplement\/wp-json\/wp\/v2\/yst_prominent_words?post=3400"}],"curies":[{"name":"wp","href":"https:\/\/api.w.org\/{rel}","templated":true}]}}