{"id":3402,"date":"2020-01-03T12:50:21","date_gmt":"2020-01-03T12:50:21","guid":{"rendered":"https:\/\/energyclub.com.tr\/supplement\/?post_type=product&#038;p=3402"},"modified":"2020-12-17T20:03:26","modified_gmt":"2020-12-17T17:03:26","slug":"big-joy-big2-bcaa-glutamine-600-gr","status":"publish","type":"product","link":"https:\/\/energyclub.com.tr\/supplement\/urun\/amino-asit\/bcaa\/big-joy-big2-bcaa-glutamine-600-gr\/","title":{"rendered":"Big Joy Big2 BCAA + Glutamine 600 Gr."},"content":{"rendered":"<h2>Big Joy Big2\u00a0 BCAA + Glutamine nedir?<\/h2>\n<p>Big Joy Big2 BCAA + Glutamine, 4:1:1 oran\u0131nda l\u00f6sin, valin ve izol\u00f6sin amino asitleri ile glutamin i\u00e7eren bir sporcu g\u0131das\u0131d\u0131r. Servis ba\u015f\u0131na sundu\u011fu 5000 mg BCAA ve 5000 mg glutamin ile dikkat \u00e7ekmektedir. Toz formu ile h\u0131zl\u0131 bir emilime sahip olan Big Joy2 BCAA + Glutamine, sporcular\u0131n g\u00fcnl\u00fck BCAA ve glutamin amino asitleri ihtiyac\u0131n\u0131 kar\u015f\u0131lamaya yard\u0131mc\u0131 olacakt\u0131r.<\/p>\n<h2>Big Joy Big2\u00a0 BCAA + Glutamine&#8217;in dikat \u00e7eken \u00f6zellikleri:<\/h2>\n<p>&#8211; Her serviste 5000 mg BCAA ve 5000 mg glutamin<\/p>\n<p>&#8211; Y\u00fcksek l\u00f6sin oran\u0131na sahip (4:1:1) BCAA i\u00e7eri\u011fi<\/p>\n<p>&#8211; 2 etkili destek tek form\u00fclde<\/p>\n<p>&#8211; Toz formu ile h\u0131zl\u0131 emilim<\/p>\n<p>&#8211; Aromaland\u0131r\u0131lm\u0131\u015f kolay i\u00e7im<\/p>\n","protected":false},"excerpt":{"rendered":"<ul class=\"pp-first-list\">\n<li><span class=\"pp-sm-title\">Marka<\/span>:<span class=\"pp-sm-desc\">Big Joy<\/span><\/li>\n<li><span class=\"pp-sm-title pp-sm-title\">Servis Say\u0131s\u0131<\/span>:<span class=\"pp-sm-desc spec-service-size\">50<\/span><\/li>\n<li><span class=\"pp-sm-title\">Servis Miktar\u0131<\/span>:<span class=\"pp-sm-desc spec-service-amount\">1 \u00d6l\u00e7ek (12 g)<\/span><\/li>\n<li><span class=\"pp-sm-title\">Servis Ba\u015f\u0131 Fiyat<\/span>:<span class=\"pp-sm-desc spec-one-service-price\">2,78 TL<\/span><\/li>\n<\/ul>\n","protected":false},"featured_media":3403,"comment_status":"open","ping_status":"closed","template":"","meta":[],"product_brand":[],"product_cat":[126],"product_tag":[],"yst_prominent_words":[],"class_list":{"0":"post-3402","1":"product","2":"type-product","3":"status-publish","4":"has-post-thumbnail","6":"product_cat-bcaa","7":"pa_brand-bigjoy-supplement","9":"first","10":"instock","11":"shipping-taxable","12":"purchasable","13":"product-type-variable"},"_links":{"self":[{"href":"https:\/\/energyclub.com.tr\/supplement\/wp-json\/wp\/v2\/product\/3402","targetHints":{"allow":["GET"]}}],"collection":[{"href":"https:\/\/energyclub.com.tr\/supplement\/wp-json\/wp\/v2\/product"}],"about":[{"href":"https:\/\/energyclub.com.tr\/supplement\/wp-json\/wp\/v2\/types\/product"}],"replies":[{"embeddable":true,"href":"https:\/\/energyclub.com.tr\/supplement\/wp-json\/wp\/v2\/comments?post=3402"}],"wp:featuredmedia":[{"embeddable":true,"href":"https:\/\/energyclub.com.tr\/supplement\/wp-json\/wp\/v2\/media\/3403"}],"wp:attachment":[{"href":"https:\/\/energyclub.com.tr\/supplement\/wp-json\/wp\/v2\/media?parent=3402"}],"wp:term":[{"taxonomy":"product_brand","embeddable":true,"href":"https:\/\/energyclub.com.tr\/supplement\/wp-json\/wp\/v2\/product_brand?post=3402"},{"taxonomy":"product_cat","embeddable":true,"href":"https:\/\/energyclub.com.tr\/supplement\/wp-json\/wp\/v2\/product_cat?post=3402"},{"taxonomy":"product_tag","embeddable":true,"href":"https:\/\/energyclub.com.tr\/supplement\/wp-json\/wp\/v2\/product_tag?post=3402"},{"taxonomy":"yst_prominent_words","embeddable":true,"href":"https:\/\/energyclub.com.tr\/supplement\/wp-json\/wp\/v2\/yst_prominent_words?post=3402"}],"curies":[{"name":"wp","href":"https:\/\/api.w.org\/{rel}","templated":true}]}}