{"id":3405,"date":"2020-01-03T12:52:04","date_gmt":"2020-01-03T12:52:04","guid":{"rendered":"https:\/\/energyclub.com.tr\/supplement\/?post_type=product&#038;p=3405"},"modified":"2020-12-17T20:02:09","modified_gmt":"2020-12-17T17:02:09","slug":"big-joy-bcaa-pro-411-420-gr-aromasiz","status":"publish","type":"product","link":"https:\/\/energyclub.com.tr\/supplement\/urun\/amino-asit\/bcaa\/big-joy-bcaa-pro-411-420-gr-aromasiz\/","title":{"rendered":"Big Joy Bcaa Pro 4:1:1 420 Gr. Aromas\u0131z"},"content":{"rendered":"<p><strong>BigJoy Bcaa Pro 4:1:1 420 Gr nedir?<\/strong><\/p>\n<p>Big Joy BCAA Pro 4:1:1 toz formda olan ve BCAA i\u00e7eren bir amino asit \u00fcr\u00fcn\u00fcd\u00fcr. 6 graml\u0131k servisin tamam\u0131 BCAA&#8217;d\u0131r. Saf ve aromas\u0131z olmas\u0131 sayesinde diledi\u011finiz supplement kar\u0131\u015f\u0131mlar\u0131n\u0131za ilave edebilirsiniz.<\/p>\n<p>Toz formunda olmas\u0131 BCAA&#8217; n\u0131n h\u0131zl\u0131 emilmesini sa\u011flayarak, kas dokusunun protein dengesini daha h\u0131zl\u0131 kar\u015f\u0131lamas\u0131na yard\u0131mc\u0131 olur.<\/p>\n<p>BigJoy Bcaa Pro 4:1:1 420 Gr&#8217; \u0131n dikkat \u00e7eken \u00f6zellikleri:<\/p>\n<p>&#8211; 1 serviste\u00a0(6 gr) saf 6000 mg BCAA<\/p>\n<p>&#8211; 4:1:1 l\u00f6sin, izol\u00f6sin ve valin oran\u0131<\/p>\n<p>&#8211;\u00a0Aromas\u0131z olmas\u0131 sayesinde y\u00fcksek servis<\/p>\n","protected":false},"excerpt":{"rendered":"<ul class=\"pp-first-list\">\n<li><span class=\"pp-sm-title\">Marka<\/span>:<span class=\"pp-sm-desc\">Big Joy<\/span><\/li>\n<li><span class=\"pp-sm-title pp-sm-title\">Servis Say\u0131s\u0131<\/span>:<span class=\"pp-sm-desc spec-service-size\">70<\/span><\/li>\n<li><span class=\"pp-sm-title\">Servis Miktar\u0131<\/span>:<span class=\"pp-sm-desc spec-service-amount\">1 \u00d6l\u00e7ek (6 g)<\/span><\/li>\n<li><span class=\"pp-sm-title\">Servis Ba\u015f\u0131 Fiyat<\/span>:<span class=\"pp-sm-desc spec-one-service-price\">1,53 TL<\/span><\/li>\n<\/ul>\n","protected":false},"featured_media":3406,"comment_status":"open","ping_status":"closed","template":"","meta":[],"product_brand":[],"product_cat":[126],"product_tag":[],"yst_prominent_words":[],"class_list":{"0":"post-3405","1":"product","2":"type-product","3":"status-publish","4":"has-post-thumbnail","6":"product_cat-bcaa","7":"pa_brand-bigjoy-supplement","9":"first","10":"instock","11":"shipping-taxable","12":"purchasable","13":"product-type-variable"},"_links":{"self":[{"href":"https:\/\/energyclub.com.tr\/supplement\/wp-json\/wp\/v2\/product\/3405","targetHints":{"allow":["GET"]}}],"collection":[{"href":"https:\/\/energyclub.com.tr\/supplement\/wp-json\/wp\/v2\/product"}],"about":[{"href":"https:\/\/energyclub.com.tr\/supplement\/wp-json\/wp\/v2\/types\/product"}],"replies":[{"embeddable":true,"href":"https:\/\/energyclub.com.tr\/supplement\/wp-json\/wp\/v2\/comments?post=3405"}],"wp:featuredmedia":[{"embeddable":true,"href":"https:\/\/energyclub.com.tr\/supplement\/wp-json\/wp\/v2\/media\/3406"}],"wp:attachment":[{"href":"https:\/\/energyclub.com.tr\/supplement\/wp-json\/wp\/v2\/media?parent=3405"}],"wp:term":[{"taxonomy":"product_brand","embeddable":true,"href":"https:\/\/energyclub.com.tr\/supplement\/wp-json\/wp\/v2\/product_brand?post=3405"},{"taxonomy":"product_cat","embeddable":true,"href":"https:\/\/energyclub.com.tr\/supplement\/wp-json\/wp\/v2\/product_cat?post=3405"},{"taxonomy":"product_tag","embeddable":true,"href":"https:\/\/energyclub.com.tr\/supplement\/wp-json\/wp\/v2\/product_tag?post=3405"},{"taxonomy":"yst_prominent_words","embeddable":true,"href":"https:\/\/energyclub.com.tr\/supplement\/wp-json\/wp\/v2\/yst_prominent_words?post=3405"}],"curies":[{"name":"wp","href":"https:\/\/api.w.org\/{rel}","templated":true}]}}