{"id":3409,"date":"2020-01-03T12:56:29","date_gmt":"2020-01-03T12:56:29","guid":{"rendered":"https:\/\/energyclub.com.tr\/supplement\/?post_type=product&#038;p=3409"},"modified":"2020-12-17T19:56:26","modified_gmt":"2020-12-17T16:56:26","slug":"big-joy-bcaa-pro-ripped-go-21-drink-packets","status":"publish","type":"product","link":"https:\/\/energyclub.com.tr\/supplement\/urun\/amino-asit\/bcaa\/big-joy-bcaa-pro-ripped-go-21-drink-packets\/","title":{"rendered":"Big Joy Bcaa Pro Ripped Go! 21 Drink Packets"},"content":{"rendered":"<p><strong>Big Joy Bcaa Pro Ripped Go! 21 Drink Packets nedir ?<\/strong><\/p>\n<p>BCAA i\u00e7eri\u011finin yan\u0131 s\u0131ra karnitin, taurin, CLA, B2 vitamini ve termojenik kar\u0131\u015f\u0131m i\u00e7eri\u011fine sahip bir sporcu g\u0131das\u0131d\u0131r. Big Joy Bcaa Pro Ripped Go!, BCAA deste\u011finin yan\u0131 s\u0131ra, termojenik etkiye de sahiptir.<\/p>\n<p>Sporcular i\u00e7in \u00f6nemli bir vitamin t\u00fcr\u00fc olan B2 vitamini (Riboflavin) yorgunluk ve bitkinli\u011fin azalmas\u0131na katk\u0131da bulunur.<\/p>\n<p>Big Joy Bcaa Pro Ripped Go&#8217;nun dikkat \u00e7eken \u00f6zellikleri:<\/p>\n<p>&#8211; 1 serviste\u00a0(12 gr) 6000 mg BCAA<\/p>\n<p>&#8211; 4:1:1 l\u00f6sin, izol\u00f6sin ve valin oran\u0131<\/p>\n<p>&#8211;\u00a0Kompleks kar\u0131\u015f\u0131m<\/p>\n<p>&#8211; Kutu i\u00e7erisinde 11 adet kola ve 10 adet limon aromal\u0131 paket bulunmaktad\u0131r.<\/p>\n<p>Kullan\u0131m uyar\u0131s\u0131:<\/p>\n<p>Bu \u00fcr\u00fcn\u00fcn kafein ve ye\u015fil \u00e7ay i\u00e7ermesi nedeniyle uykusuzlu\u011fa neden olabilir. Yatmadan \u00f6nce t\u00fcketilmesi \u00f6nerilmemektedir.<\/p>\n","protected":false},"excerpt":{"rendered":"<ul class=\"pp-first-list\">\n<li><span class=\"pp-sm-title\">Marka<\/span>:<span class=\"pp-sm-desc\">Big Joy<\/span><\/li>\n<li><span class=\"pp-sm-title pp-sm-title\">Servis Say\u0131s\u0131<\/span>:<span class=\"pp-sm-desc spec-service-size\">21<\/span><\/li>\n<li><span class=\"pp-sm-title\">Servis Miktar\u0131<\/span>:<span class=\"pp-sm-desc spec-service-amount\">1 Paket (12 g)<\/span><\/li>\n<li><span class=\"pp-sm-title\">Servis Ba\u015f\u0131 Fiyat<\/span>:<span class=\"pp-sm-desc spec-one-service-price\">4,24 TL<\/span><\/li>\n<\/ul>\n","protected":false},"featured_media":3410,"comment_status":"open","ping_status":"closed","template":"","meta":[],"product_brand":[],"product_cat":[126],"product_tag":[],"yst_prominent_words":[],"class_list":{"0":"post-3409","1":"product","2":"type-product","3":"status-publish","4":"has-post-thumbnail","6":"product_cat-bcaa","7":"pa_brand-bigjoy-supplement","9":"first","10":"instock","11":"shipping-taxable","12":"purchasable","13":"product-type-variable"},"_links":{"self":[{"href":"https:\/\/energyclub.com.tr\/supplement\/wp-json\/wp\/v2\/product\/3409","targetHints":{"allow":["GET"]}}],"collection":[{"href":"https:\/\/energyclub.com.tr\/supplement\/wp-json\/wp\/v2\/product"}],"about":[{"href":"https:\/\/energyclub.com.tr\/supplement\/wp-json\/wp\/v2\/types\/product"}],"replies":[{"embeddable":true,"href":"https:\/\/energyclub.com.tr\/supplement\/wp-json\/wp\/v2\/comments?post=3409"}],"wp:featuredmedia":[{"embeddable":true,"href":"https:\/\/energyclub.com.tr\/supplement\/wp-json\/wp\/v2\/media\/3410"}],"wp:attachment":[{"href":"https:\/\/energyclub.com.tr\/supplement\/wp-json\/wp\/v2\/media?parent=3409"}],"wp:term":[{"taxonomy":"product_brand","embeddable":true,"href":"https:\/\/energyclub.com.tr\/supplement\/wp-json\/wp\/v2\/product_brand?post=3409"},{"taxonomy":"product_cat","embeddable":true,"href":"https:\/\/energyclub.com.tr\/supplement\/wp-json\/wp\/v2\/product_cat?post=3409"},{"taxonomy":"product_tag","embeddable":true,"href":"https:\/\/energyclub.com.tr\/supplement\/wp-json\/wp\/v2\/product_tag?post=3409"},{"taxonomy":"yst_prominent_words","embeddable":true,"href":"https:\/\/energyclub.com.tr\/supplement\/wp-json\/wp\/v2\/yst_prominent_words?post=3409"}],"curies":[{"name":"wp","href":"https:\/\/api.w.org\/{rel}","templated":true}]}}