{"id":3411,"date":"2020-01-03T12:59:04","date_gmt":"2020-01-03T12:59:04","guid":{"rendered":"https:\/\/energyclub.com.tr\/supplement\/?post_type=product&#038;p=3411"},"modified":"2020-12-17T19:51:13","modified_gmt":"2020-12-17T16:51:13","slug":"big-joy-bcaa-pro-go-21-drink-packets","status":"publish","type":"product","link":"https:\/\/energyclub.com.tr\/supplement\/urun\/amino-asit\/bcaa\/big-joy-bcaa-pro-go-21-drink-packets\/","title":{"rendered":"Big Joy Bcaa Pro Go! 21 Drink Packets"},"content":{"rendered":"<p><strong>Big Joy Bcaa Pro Go 21 Paket\u00a0nedir?<\/strong><\/p>\n<p>Big Joy Bcaa Pro Go, toz formda BCAA amino asitleri i\u00e7eren sporcu g\u0131das\u0131d\u0131r. BCAA Pro Go, kutu i\u00e7inde 21 adet tek servislik paketler i\u00e7erir. Bir pakette 4:1:1 oran\u0131nda 6 g BCAA bulunmaktad\u0131r.<\/p>\n<p>Tekli paketler halinde olmas\u0131 sayesinde, hijyenik ve pratiktir. \u00dcr\u00fcn\u00fc shaker i\u00e7inde ta\u015f\u0131ma zorunlulu\u011funu ortadan kald\u0131r\u0131r. \u00c7antan\u0131zda veya cebinizde kolayca ta\u015f\u0131yabilir, istedi\u011finiz bir i\u00e7ecekle kar\u0131\u015ft\u0131r\u0131p t\u00fcketebilirsiniz.<\/p>\n<p>Toz formunda olmas\u0131 BCAA&#8217; n\u0131n h\u0131zl\u0131 emilmesini sa\u011flayarak, kas dokusunun protein dengesini daha h\u0131zl\u0131 kar\u015f\u0131lamas\u0131na yard\u0131mc\u0131 olur.<\/p>\n<p>BigJoy Bcaa Pro\u00a021 Paket \u00f6zellikleri:<\/p>\n<p>&#8211; 21 x 10 g paket<\/p>\n<p>&#8211; Her pakette 6 g BCAA<\/p>\n<p>&#8211;\u00a0L\u00f6sin oran\u0131 y\u00fcksek 4:1:1 BCAA<\/p>\n<p>&#8211; Aromaland\u0131r\u0131lm\u0131\u015f kolay i\u00e7ilebilir<\/p>\n<p>&#8211; Tekli paket, hijyenik ve pratik kullan\u0131m<\/p>\n","protected":false},"excerpt":{"rendered":"<ul class=\"pp-first-list\">\n<li><span class=\"pp-sm-title\">Marka<\/span>:<span class=\"pp-sm-desc\">Big Joy<\/span><\/li>\n<li><span class=\"pp-sm-title pp-sm-title\">Servis Say\u0131s\u0131<\/span>:<span class=\"pp-sm-desc spec-service-size\">21<\/span><\/li>\n<li><span class=\"pp-sm-title\">Servis Miktar\u0131<\/span>:<span class=\"pp-sm-desc spec-service-amount\">1 Paket (10 g)<\/span><\/li>\n<li><span class=\"pp-sm-title\">Servis Ba\u015f\u0131 Fiyat<\/span>:<span class=\"pp-sm-desc spec-one-service-price\">3,38 TL<\/span><\/li>\n<\/ul>\n","protected":false},"featured_media":3412,"comment_status":"open","ping_status":"closed","template":"","meta":[],"product_brand":[],"product_cat":[126],"product_tag":[],"yst_prominent_words":[],"class_list":{"0":"post-3411","1":"product","2":"type-product","3":"status-publish","4":"has-post-thumbnail","6":"product_cat-bcaa","7":"pa_brand-bigjoy-supplement","9":"first","10":"outofstock","11":"shipping-taxable","12":"purchasable","13":"product-type-variable"},"_links":{"self":[{"href":"https:\/\/energyclub.com.tr\/supplement\/wp-json\/wp\/v2\/product\/3411","targetHints":{"allow":["GET"]}}],"collection":[{"href":"https:\/\/energyclub.com.tr\/supplement\/wp-json\/wp\/v2\/product"}],"about":[{"href":"https:\/\/energyclub.com.tr\/supplement\/wp-json\/wp\/v2\/types\/product"}],"replies":[{"embeddable":true,"href":"https:\/\/energyclub.com.tr\/supplement\/wp-json\/wp\/v2\/comments?post=3411"}],"wp:featuredmedia":[{"embeddable":true,"href":"https:\/\/energyclub.com.tr\/supplement\/wp-json\/wp\/v2\/media\/3412"}],"wp:attachment":[{"href":"https:\/\/energyclub.com.tr\/supplement\/wp-json\/wp\/v2\/media?parent=3411"}],"wp:term":[{"taxonomy":"product_brand","embeddable":true,"href":"https:\/\/energyclub.com.tr\/supplement\/wp-json\/wp\/v2\/product_brand?post=3411"},{"taxonomy":"product_cat","embeddable":true,"href":"https:\/\/energyclub.com.tr\/supplement\/wp-json\/wp\/v2\/product_cat?post=3411"},{"taxonomy":"product_tag","embeddable":true,"href":"https:\/\/energyclub.com.tr\/supplement\/wp-json\/wp\/v2\/product_tag?post=3411"},{"taxonomy":"yst_prominent_words","embeddable":true,"href":"https:\/\/energyclub.com.tr\/supplement\/wp-json\/wp\/v2\/yst_prominent_words?post=3411"}],"curies":[{"name":"wp","href":"https:\/\/api.w.org\/{rel}","templated":true}]}}