{"id":3415,"date":"2020-01-03T13:03:07","date_gmt":"2020-01-03T13:03:07","guid":{"rendered":"https:\/\/energyclub.com.tr\/supplement\/?post_type=product&#038;p=3415"},"modified":"2020-12-17T19:46:58","modified_gmt":"2020-12-17T16:46:58","slug":"grenade-defend-bcaa-390-gr","status":"publish","type":"product","link":"https:\/\/energyclub.com.tr\/supplement\/urun\/amino-asit\/bcaa\/grenade-defend-bcaa-390-gr\/","title":{"rendered":"Grenade Defend BCAA 390 Gr."},"content":{"rendered":"<p><strong>Grenade Defend BCAA 390 Gr nedir?<\/strong><\/p>\n<p>Grenade Defend BCAA, 2:1:1 oran\u0131nda BCAA ile glutamin amino asidi i\u00e7eren, vitamin ve mineraller ile desteklenmi\u015f bir BCAA \u00fcr\u00fcn\u00fcd\u00fcr. Bir\u00e7ok BCAA \u00fcr\u00fcn\u00fcnden farkl\u0131 olarak i\u00e7eri\u011finde ek olarak y\u00fcksek emilim ile bioyararlan\u0131m sa\u011flayabilen peptit formda l\u00f6sin,glutamin ve hindistan cevizi suyu ekstesi bulunmaktad\u0131r.<\/p>\n<p>Hindistan cevizi suyu, potasyum, sodyum, klorid ve karbonhidrat i\u00e7eri\u011fi bak\u0131m\u0131ndan zengin bir besindir. Elektrolit bile\u015fenleri ile birlikte v\u00fccudun s\u0131v\u0131 dengesini koruyarak antrenman s\u0131ras\u0131ndaki kondisyonun d\u00fc\u015fmesini \u00f6nlemeye yard\u0131mc\u0131 olabilir.<\/p>\n<p>Dengeli ve \u00f6zel bir i\u00e7eri\u011fe sahip olan Grenade Defend BCAA, antrenmandan \u00f6nce, antrenman esnas\u0131nda veya sonras\u0131nda tercih edilebilecek bir \u00fcr\u00fcnd\u00fcr.<\/p>\n<p>Grenade Defend BCAA 345 Gr&#8217; in dikkat \u00e7eken \u00f6zellikleri:<\/p>\n<p>&#8211; \u00a0Her serviste 7 gram mikronize BCAA i\u00e7eri\u011fi<\/p>\n<p>&#8211; \u00a0Ek olarak 100&#8217;er mg peptid formda l\u00f6sin ve glutamin ilaveli<\/p>\n<p>&#8211; Hindistan cevizi suyu tozu (coconut water) ve elektrolit bile\u015fenlerinden olu\u015fan hidrasyon kar\u0131\u015f\u0131m\u0131<\/p>\n<p>&#8211; \u00a0Kompleks B vitamini i\u00e7eri\u011fi<\/p>\n<p>&#8211; \u00a0Protein sentezlenmesi i\u00e7in geli\u015ftirilmi\u015f Nitrit Oksit d\u00fczeyi<\/p>\n<p>&#8211; \u00a0\u015eeker i\u00e7ermez.<\/p>\n<p>&#8211; Fermente edilmi\u015f BCAA, vejetaryen kullan\u0131m\u0131na uygundur.<\/p>\n<p>Not: \u00dcr\u00fcn\u00fcn i\u00e7inde \u00f6l\u00e7ek ve huni bulunmaktad\u0131r.<\/p>\n","protected":false},"excerpt":{"rendered":"<ul class=\"pp-first-list\">\n<li><span class=\"pp-sm-title\">Marka<\/span>:<span class=\"pp-sm-desc\">Grenade<\/span><\/li>\n<li><span class=\"pp-sm-title pp-sm-title\">Servis Say\u0131s\u0131<\/span>:<span class=\"pp-sm-desc spec-service-size\">30<\/span><\/li>\n<li><span class=\"pp-sm-title\">Servis Miktar\u0131<\/span>:<span class=\"pp-sm-desc spec-service-amount\">2 \u00d6l\u00e7ek (13 g)<\/span><\/li>\n<li><span class=\"pp-sm-title\">Servis Ba\u015f\u0131 Fiyat<\/span>:<span class=\"pp-sm-desc spec-one-service-price\">6,63 TL<\/span><\/li>\n<\/ul>\n","protected":false},"featured_media":3416,"comment_status":"open","ping_status":"closed","template":"","meta":[],"product_brand":[],"product_cat":[126],"product_tag":[],"yst_prominent_words":[],"class_list":{"0":"post-3415","1":"product","2":"type-product","3":"status-publish","4":"has-post-thumbnail","6":"product_cat-bcaa","7":"pa_brand-grenade","9":"first","10":"instock","11":"shipping-taxable","12":"purchasable","13":"product-type-variable"},"_links":{"self":[{"href":"https:\/\/energyclub.com.tr\/supplement\/wp-json\/wp\/v2\/product\/3415","targetHints":{"allow":["GET"]}}],"collection":[{"href":"https:\/\/energyclub.com.tr\/supplement\/wp-json\/wp\/v2\/product"}],"about":[{"href":"https:\/\/energyclub.com.tr\/supplement\/wp-json\/wp\/v2\/types\/product"}],"replies":[{"embeddable":true,"href":"https:\/\/energyclub.com.tr\/supplement\/wp-json\/wp\/v2\/comments?post=3415"}],"wp:featuredmedia":[{"embeddable":true,"href":"https:\/\/energyclub.com.tr\/supplement\/wp-json\/wp\/v2\/media\/3416"}],"wp:attachment":[{"href":"https:\/\/energyclub.com.tr\/supplement\/wp-json\/wp\/v2\/media?parent=3415"}],"wp:term":[{"taxonomy":"product_brand","embeddable":true,"href":"https:\/\/energyclub.com.tr\/supplement\/wp-json\/wp\/v2\/product_brand?post=3415"},{"taxonomy":"product_cat","embeddable":true,"href":"https:\/\/energyclub.com.tr\/supplement\/wp-json\/wp\/v2\/product_cat?post=3415"},{"taxonomy":"product_tag","embeddable":true,"href":"https:\/\/energyclub.com.tr\/supplement\/wp-json\/wp\/v2\/product_tag?post=3415"},{"taxonomy":"yst_prominent_words","embeddable":true,"href":"https:\/\/energyclub.com.tr\/supplement\/wp-json\/wp\/v2\/yst_prominent_words?post=3415"}],"curies":[{"name":"wp","href":"https:\/\/api.w.org\/{rel}","templated":true}]}}