{"id":3421,"date":"2020-01-03T13:09:33","date_gmt":"2020-01-03T13:09:33","guid":{"rendered":"https:\/\/energyclub.com.tr\/supplement\/?post_type=product&#038;p=3421"},"modified":"2021-03-01T17:34:03","modified_gmt":"2021-03-01T14:34:03","slug":"hardline-bcaa-matrix-630-gr","status":"publish","type":"product","link":"https:\/\/energyclub.com.tr\/supplement\/urun\/amino-asit\/bcaa\/hardline-bcaa-matrix-630-gr\/","title":{"rendered":"Hardline BCAA Matrix 630 Gr."},"content":{"rendered":"<p><strong>Hardline BCAA Matrix Nedir?\u00a0<\/strong><\/p>\n<p>Hardline BCAA Matrix toz formda olan kompleks bir BCAA \u00fcr\u00fcn\u00fcd\u00fcr.<\/p>\n<p>Kompleks yap\u0131s\u0131 ile Hardline BCAA Matrix sporcular\u0131n g\u00fcnl\u00fck BCAA ve amino asit ihtiyac\u0131n\u0131 gidermeye yard\u0131mc\u0131 olabilir.<\/p>\n<p>Hardline BCAA Matrix&#8217;in dikkat \u00e7eken \u00f6zellikleri:<\/p>\n<p>&#8211; Hardline BCAA Matrix y\u00fcksek miktarda BCAA i\u00e7ermektedir (5000mg)<\/p>\n<p>&#8211; Hardline BCAA Matrix y\u00fcksek miktarda Glutamin i\u00e7ermektedir (5000mg)<\/p>\n<p>&#8211;\u00a0Hardline BCAA Matrix ek olarak B6 Vitamini i\u00e7ermektedir (Protein sentezi)<\/p>\n<p>&#8211;\u00a0Hardline BCAA Matrix NO art\u0131\u015f\u0131 i\u00e7in AAKG i\u00e7eri\u011fine sahiptir<\/p>\n<p>&#8211; Fermente edilmi\u015f BCAA<\/p>\n<p><strong>Not:<\/strong>\u00dcr\u00fcn i\u00e7inden \u00e7\u0131kan \u00f6l\u00e7ek maksimum 70 cc&#8217;dir. Bir porsiyon olan 21 gram \u00fcr\u00fcn i\u00e7in 30 cc&#8217;ye kadar doldurunuz<\/p>\n","protected":false},"excerpt":{"rendered":"<ul class=\"pp-first-list\">\n<li><span class=\"pp-sm-title\">Marka<\/span>:<span class=\"pp-sm-desc\">Hardline<\/span><\/li>\n<li><span class=\"pp-sm-title pp-sm-title\">Servis Say\u0131s\u0131<\/span>:<span class=\"pp-sm-desc spec-service-size\">30<\/span><\/li>\n<li><span class=\"pp-sm-title\">Servis Miktar\u0131<\/span>:<span class=\"pp-sm-desc spec-service-amount\">2\/3 \u00d6l\u00e7ek (21 g)<\/span><\/li>\n<li><span class=\"pp-sm-title\">Servis Ba\u015f\u0131 Fiyat<\/span>:<span class=\"pp-sm-desc spec-one-service-price\">5,30 TL<\/span><\/li>\n<\/ul>\n","protected":false},"featured_media":3422,"comment_status":"open","ping_status":"closed","template":"","meta":[],"product_brand":[],"product_cat":[126],"product_tag":[],"yst_prominent_words":[],"class_list":{"0":"post-3421","1":"product","2":"type-product","3":"status-publish","4":"has-post-thumbnail","6":"product_cat-bcaa","7":"pa_brand-hardline","9":"first","10":"instock","11":"shipping-taxable","12":"purchasable","13":"product-type-variable"},"_links":{"self":[{"href":"https:\/\/energyclub.com.tr\/supplement\/wp-json\/wp\/v2\/product\/3421","targetHints":{"allow":["GET"]}}],"collection":[{"href":"https:\/\/energyclub.com.tr\/supplement\/wp-json\/wp\/v2\/product"}],"about":[{"href":"https:\/\/energyclub.com.tr\/supplement\/wp-json\/wp\/v2\/types\/product"}],"replies":[{"embeddable":true,"href":"https:\/\/energyclub.com.tr\/supplement\/wp-json\/wp\/v2\/comments?post=3421"}],"wp:featuredmedia":[{"embeddable":true,"href":"https:\/\/energyclub.com.tr\/supplement\/wp-json\/wp\/v2\/media\/3422"}],"wp:attachment":[{"href":"https:\/\/energyclub.com.tr\/supplement\/wp-json\/wp\/v2\/media?parent=3421"}],"wp:term":[{"taxonomy":"product_brand","embeddable":true,"href":"https:\/\/energyclub.com.tr\/supplement\/wp-json\/wp\/v2\/product_brand?post=3421"},{"taxonomy":"product_cat","embeddable":true,"href":"https:\/\/energyclub.com.tr\/supplement\/wp-json\/wp\/v2\/product_cat?post=3421"},{"taxonomy":"product_tag","embeddable":true,"href":"https:\/\/energyclub.com.tr\/supplement\/wp-json\/wp\/v2\/product_tag?post=3421"},{"taxonomy":"yst_prominent_words","embeddable":true,"href":"https:\/\/energyclub.com.tr\/supplement\/wp-json\/wp\/v2\/yst_prominent_words?post=3421"}],"curies":[{"name":"wp","href":"https:\/\/api.w.org\/{rel}","templated":true}]}}