{"id":3425,"date":"2020-01-03T13:13:02","date_gmt":"2020-01-03T13:13:02","guid":{"rendered":"https:\/\/energyclub.com.tr\/supplement\/?post_type=product&#038;p=3425"},"modified":"2021-03-01T17:34:03","modified_gmt":"2021-03-01T14:34:03","slug":"hardline-bcaa-411-300-gr","status":"publish","type":"product","link":"https:\/\/energyclub.com.tr\/supplement\/urun\/amino-asit\/bcaa\/hardline-bcaa-411-300-gr\/","title":{"rendered":"Hardline BCAA 4:1:1 300 Gr."},"content":{"rendered":"<h1>Hardline BCAA 4:1:1 300 Gr.<\/h1>\n<p><strong>Hardline BCAA 300 Gr. Nedir?<\/strong><\/p>\n<p>Hardline 4:1:1 BCAA toz formda olan ve saf BCAA i\u00e7eren bir amino asit \u00fcr\u00fcn\u00fcd\u00fcr.<\/p>\n<p>4:1:1 oran\u0131 sayesinde y\u00fcksek l\u00f6sin i\u00e7eren <strong>Hardline BCAA 4:1:1 300 Gr.<\/strong>\u00a0sporcular\u0131n g\u00fcnl\u00fck\u00a0 ihtiyac\u0131n\u0131 kar\u015f\u0131lamaya yard\u0131mc\u0131 olabilmektedir.<\/p>\n<p><strong>Hardline BCAA 4:1:1 300 Gr.<\/strong>&#8216;in dikkat \u00e7eken \u00f6zellikleri:<\/p>\n<p>&#8211;\u00a0L\u00f6sin oran\u0131 y\u00fcksek 4:1:1 BCAA<\/p>\n<p>&#8211; Servis ba\u015f\u0131na 3330mg L\u00f6sin<\/p>\n<p>&#8211; Fermente edilmi\u015f \u00fcr\u00fcn<\/p>\n<p>&#8211; Vejetaryen kullan\u0131m\u0131na uygun.<\/p>\n<p><strong><a href=\"https:\/\/energyclub.com.tr\/supplement\/brand\/hardline\/\">T\u00dcM HARDLINE \u00dcR\u00dcNLER\u0130N\u0130 \u0130NCELEY\u0130N!<\/a><\/strong><\/p>\n<h2><strong>BCAA&#8217;n\u0131n V\u00fccut Geli\u015fiminde Faydalar\u0131 Nelerdir?<\/strong><\/h2>\n<p>V\u00fccut geli\u015ftirme ile u\u011fra\u015fan bireylerin en \u00f6nemli besin takviyelerindendir. V\u00fccut i\u00e7in gerekli, \u00f6zel bir sporcu deste\u011fi olan BCAA son derece \u00f6nemlilik arz eder. Karaci\u011ferde de\u011fi\u015fikli\u011fe u\u011framadan, do\u011frudan kaslar\u0131m\u0131za ula\u015fabilin BCAA ve s\u00fcper emilim h\u0131z\u0131 ile kaslar\u0131m\u0131z \u00fczerinde harika etkiler ortaya koyuyor. BCAA \u00f6zellikle kas yapmak isteyenler i\u00e7in h\u0131zl\u0131 sonu\u00e7 g\u00f6steren etkileyici bir \u00fcr\u00fcnd\u00fcr.\u00a0 Antrenman \u00f6ncesinde, antrenman s\u0131ras\u0131nda ya da antrenman sonras\u0131nda kullan\u0131labilen BCAA, kas kayb\u0131n\u0131n \u00f6n\u00fcne ge\u00e7er, kas geli\u015fimine katk\u0131 sa\u011flar ve antrenmanlarda daha fazla verim almam\u0131za yard\u0131mc\u0131 olur. Bunun yan\u0131nda enerji antreman s\u0131ras\u0131nda veya \u00f6ncesinde kullan\u0131ld\u0131\u011f\u0131nda ekstra enerji verir. Di\u011fer taraftan dayan\u0131kl\u0131l\u0131k performans\u0131n\u0131 art\u0131rmakta, dayan\u0131kl\u0131l\u0131\u011f\u0131n normalden daha uzun bir zaman zarf\u0131na yay\u0131lmas\u0131n\u0131 sa\u011flamaktad\u0131r.<\/p>\n<p>&nbsp;<\/p>\n<p>e-Supplement fark\u0131yla m\u00fc\u015fterilerimize en kaliteli supplement \u00fcr\u00fcnlerini sunuyoruz. <strong>Protein Tozu<\/strong>, <strong>Amino Asit<\/strong>, <strong>Kilo ve Hacim \u00dcr\u00fcnleri<\/strong>,<strong> L-Karnitin ve CLA<\/strong>, <strong>Performans ve G\u00fc\u00e7 \u00dcr\u00fcnleri<\/strong>, <strong>Sporcu Vitaminleri<\/strong>, <strong>Sa\u011fl\u0131kl\u0131 At\u0131\u015ft\u0131rmal\u0131klar<\/strong> ve <strong>Fitness Aksesuarlar\u0131<\/strong>n\u0131n sat\u0131\u015f\u0131n\u0131\u00a0 en uygun ve en kaliteli \u015fekilde sat\u0131\u015f\u0131n\u0131 yapmaktay\u0131z. <strong>Ayn\u0131 G\u00fcn Kargo<\/strong> avantaj\u0131yla \u00fcr\u00fcnleriniz en ge\u00e7 2. g\u00fcn sizlere ula\u015fm\u0131\u015f olacakt\u0131r.<\/p>\n","protected":false},"excerpt":{"rendered":"<ul class=\"pp-first-list\">\n<li><span class=\"pp-sm-title\">Marka<\/span>:<span class=\"pp-sm-desc\">Hardline<\/span><\/li>\n<li><span class=\"pp-sm-title pp-sm-title\">Servis Say\u0131s\u0131<\/span>:<span class=\"pp-sm-desc spec-service-size\">60<\/span><\/li>\n<li><span class=\"pp-sm-title\">Servis Miktar\u0131<\/span>:<span class=\"pp-sm-desc spec-service-amount\">1 Tatl\u0131 Ka\u015f\u0131\u011f\u0131 (5 g)<\/span><\/li>\n<li><span class=\"pp-sm-title\">Servis Ba\u015f\u0131 Fiyat<\/span>:<span class=\"pp-sm-desc spec-one-service-price\">1,98 TL<\/span><\/li>\n<\/ul>\n<p><strong><a href=\"https:\/\/energyclub.com.tr\/supplement\/brand\/hardline\/\">T\u00dcM HARDLINE \u00dcR\u00dcNLER\u0130N\u0130 \u0130NCELEY\u0130N\u0130Z.<\/a><\/strong><\/p>\n","protected":false},"featured_media":3426,"comment_status":"open","ping_status":"closed","template":"","meta":[],"product_brand":[],"product_cat":[126],"product_tag":[625,624,623,626,627,621],"yst_prominent_words":[],"class_list":{"0":"post-3425","1":"product","2":"type-product","3":"status-publish","4":"has-post-thumbnail","6":"product_cat-bcaa","7":"product_tag-bcaa-urunler","8":"product_tag-hardline-bcaa","9":"product_tag-hardline-bcaa-411-300-gr","10":"product_tag-hardline-bcaa-satin-al","11":"product_tag-hardline-bcaa-supplement","12":"product_tag-supplement-satin-al","13":"pa_brand-hardline","15":"first","16":"instock","17":"shipping-taxable","18":"purchasable","19":"product-type-variable"},"_links":{"self":[{"href":"https:\/\/energyclub.com.tr\/supplement\/wp-json\/wp\/v2\/product\/3425","targetHints":{"allow":["GET"]}}],"collection":[{"href":"https:\/\/energyclub.com.tr\/supplement\/wp-json\/wp\/v2\/product"}],"about":[{"href":"https:\/\/energyclub.com.tr\/supplement\/wp-json\/wp\/v2\/types\/product"}],"replies":[{"embeddable":true,"href":"https:\/\/energyclub.com.tr\/supplement\/wp-json\/wp\/v2\/comments?post=3425"}],"wp:featuredmedia":[{"embeddable":true,"href":"https:\/\/energyclub.com.tr\/supplement\/wp-json\/wp\/v2\/media\/3426"}],"wp:attachment":[{"href":"https:\/\/energyclub.com.tr\/supplement\/wp-json\/wp\/v2\/media?parent=3425"}],"wp:term":[{"taxonomy":"product_brand","embeddable":true,"href":"https:\/\/energyclub.com.tr\/supplement\/wp-json\/wp\/v2\/product_brand?post=3425"},{"taxonomy":"product_cat","embeddable":true,"href":"https:\/\/energyclub.com.tr\/supplement\/wp-json\/wp\/v2\/product_cat?post=3425"},{"taxonomy":"product_tag","embeddable":true,"href":"https:\/\/energyclub.com.tr\/supplement\/wp-json\/wp\/v2\/product_tag?post=3425"},{"taxonomy":"yst_prominent_words","embeddable":true,"href":"https:\/\/energyclub.com.tr\/supplement\/wp-json\/wp\/v2\/yst_prominent_words?post=3425"}],"curies":[{"name":"wp","href":"https:\/\/api.w.org\/{rel}","templated":true}]}}