{"id":3431,"date":"2020-01-03T13:17:55","date_gmt":"2020-01-03T13:17:55","guid":{"rendered":"https:\/\/energyclub.com.tr\/supplement\/?post_type=product&#038;p=3431"},"modified":"2020-12-17T19:36:30","modified_gmt":"2020-12-17T16:36:30","slug":"nutrend-compress-bcaa-411-500-gr","status":"publish","type":"product","link":"https:\/\/energyclub.com.tr\/supplement\/urun\/amino-asit\/bcaa\/nutrend-compress-bcaa-411-500-gr\/","title":{"rendered":"Nutrend Compress BCAA 4:1:1 500 Gr."},"content":{"rendered":"<p><strong>Nutrend Compress BCAA 4:1:1 Nedir?<\/strong><\/p>\n<p>Yeni pratik formda dall\u0131 zincirli amino asitli esansiyel amino asitlerdeki en iyi oran olarak g\u00f6sterilen 4:1:1 BCAA ( L-l\u00f6sin, L-izol\u00f6sin, L-valin) i\u00e7erikli \u00fcr\u00fcnd\u00fcr.<\/p>\n<p>\u00dcr\u00fcn L-glutamince zenginle\u015ftirilmi\u015ftir, kas protein metabolizmas\u0131n\u0131n deste\u011fi ve kas metabolizmas\u0131n\u0131n geli\u015fimin sa\u011flar. Glikojen kayna\u011f\u0131n\u0131n yenilenmesine yard\u0131mc\u0131 olur. \u00dcr\u00fcn\u00fcn y\u00fcksek \u00e7\u00f6z\u00fcn\u00fcrl\u00fck \u00f6zelli\u011fi ile h\u0131zl\u0131 absorbsiyonu garanti edilir.<\/p>\n<p>Kullan\u0131m amac\u0131:\u00a0Sporcular i\u00e7in h\u0131zl\u0131 kas yenilenmesi<\/p>\n<p>Nutrend Compress BCAA 4:1:1 \u00f6zellikleri:<\/p>\n<p>&#8211; Her serviste y\u00fcksek i\u00e7erikte\u00a06000 Mg\u00a0BCAA<br \/>\n&#8211; Her serviste 2713 mg glutamin<br \/>\n&#8211; Etkin Kullan\u0131m, Emilim<br \/>\n&#8211; M\u00fckemmel \u00c7\u00f6z\u00fcn\u00fcrl\u00fck<br \/>\n&#8211; \u015eekersiz<\/p>\n","protected":false},"excerpt":{"rendered":"<ul class=\"pp-first-list\">\n<li><span class=\"pp-sm-title\">Marka<\/span>:<span class=\"pp-sm-desc\">Nutrend<\/span><\/li>\n<li><span class=\"pp-sm-title pp-sm-title\">Servis Say\u0131s\u0131<\/span>:<span class=\"pp-sm-desc spec-service-size\">50<\/span><\/li>\n<li><span class=\"pp-sm-title\">Servis Miktar\u0131<\/span>:<span class=\"pp-sm-desc spec-service-amount\">10 g<\/span><\/li>\n<li><span class=\"pp-sm-title\">Servis Ba\u015f\u0131 Fiyat<\/span>:<span class=\"pp-sm-desc spec-one-service-price\">3,18 TL<\/span><\/li>\n<\/ul>\n","protected":false},"featured_media":3432,"comment_status":"open","ping_status":"closed","template":"","meta":[],"product_brand":[],"product_cat":[126],"product_tag":[],"yst_prominent_words":[],"class_list":{"0":"post-3431","1":"product","2":"type-product","3":"status-publish","4":"has-post-thumbnail","6":"product_cat-bcaa","7":"pa_brand-nutrend","9":"first","10":"instock","11":"shipping-taxable","12":"purchasable","13":"product-type-variable"},"_links":{"self":[{"href":"https:\/\/energyclub.com.tr\/supplement\/wp-json\/wp\/v2\/product\/3431","targetHints":{"allow":["GET"]}}],"collection":[{"href":"https:\/\/energyclub.com.tr\/supplement\/wp-json\/wp\/v2\/product"}],"about":[{"href":"https:\/\/energyclub.com.tr\/supplement\/wp-json\/wp\/v2\/types\/product"}],"replies":[{"embeddable":true,"href":"https:\/\/energyclub.com.tr\/supplement\/wp-json\/wp\/v2\/comments?post=3431"}],"wp:featuredmedia":[{"embeddable":true,"href":"https:\/\/energyclub.com.tr\/supplement\/wp-json\/wp\/v2\/media\/3432"}],"wp:attachment":[{"href":"https:\/\/energyclub.com.tr\/supplement\/wp-json\/wp\/v2\/media?parent=3431"}],"wp:term":[{"taxonomy":"product_brand","embeddable":true,"href":"https:\/\/energyclub.com.tr\/supplement\/wp-json\/wp\/v2\/product_brand?post=3431"},{"taxonomy":"product_cat","embeddable":true,"href":"https:\/\/energyclub.com.tr\/supplement\/wp-json\/wp\/v2\/product_cat?post=3431"},{"taxonomy":"product_tag","embeddable":true,"href":"https:\/\/energyclub.com.tr\/supplement\/wp-json\/wp\/v2\/product_tag?post=3431"},{"taxonomy":"yst_prominent_words","embeddable":true,"href":"https:\/\/energyclub.com.tr\/supplement\/wp-json\/wp\/v2\/yst_prominent_words?post=3431"}],"curies":[{"name":"wp","href":"https:\/\/api.w.org\/{rel}","templated":true}]}}