{"id":3433,"date":"2020-01-03T13:20:27","date_gmt":"2020-01-03T13:20:27","guid":{"rendered":"https:\/\/energyclub.com.tr\/supplement\/?post_type=product&#038;p=3433"},"modified":"2020-03-22T20:46:49","modified_gmt":"2020-03-22T17:46:49","slug":"nutrever-bcaa-powder-500-gr","status":"publish","type":"product","link":"https:\/\/energyclub.com.tr\/supplement\/urun\/amino-asit\/bcaa\/nutrever-bcaa-powder-500-gr\/","title":{"rendered":"Nutrever BCAA Powder 500 Gr."},"content":{"rendered":"<p><strong>Nutrever BCAA Powder nedir?<\/strong><\/p>\n<p>Servis ba\u015f\u0131na 8 gr BCAA ve 1,5 glutamin i\u00e7eren toz formda bir amino asit \u00fcr\u00fcn\u00fcd\u00fcr. \u00dcretimi Almanya&#8217;da yap\u0131lan Nutrever BCAA, 2:1:1 oran\u0131nda y\u00fcksek\u00a0BCAA i\u00e7eri\u011fiyle dikkat \u00e7ekmektedir. 1,5 g glutamin ilaveli form\u00fcl\u00fc, yo\u011fun antrenman program\u0131n\u0131za daha h\u0131zl\u0131 haz\u0131rlanman\u0131za destek olabilir.<\/p>\n<p>Nutrever BCAA Powder&#8217;in dikkat \u00e7eken \u00f6zellikleri:<\/p>\n<p>&#8211; Servis ba\u015f\u0131na 8 g BCAA<\/p>\n<p>&#8211; 2:1:1 L\u00f6sin, izol\u00f6sin ve valin oran\u0131<\/p>\n<p>&#8211; 1,5 g glutamin ilaveli form\u00fcl<\/p>\n<p>&#8211; Vejetaryen ve vegan kullan\u0131m\u0131na uygun fermente ham madde<\/p>\n<p>&#8211; Men\u015fei : Almanya<\/p>\n","protected":false},"excerpt":{"rendered":"<ul class=\"pp-first-list\">\n<li><span class=\"pp-sm-title\">Marka<\/span>:<span class=\"pp-sm-desc\">Nutrever<\/span><\/li>\n<li><span class=\"pp-sm-title pp-sm-title\">Servis Say\u0131s\u0131<\/span>:<span class=\"pp-sm-desc spec-service-size\">50<\/span><\/li>\n<li><span class=\"pp-sm-title\">Servis Miktar\u0131<\/span>:<span class=\"pp-sm-desc spec-service-amount\">1 \u00d6l\u00e7ek (10 g)<\/span><\/li>\n<li><span class=\"pp-sm-title\">Servis Ba\u015f\u0131 Fiyat<\/span>:<span class=\"pp-sm-desc spec-one-service-price\">2,90 TL<\/span><\/li>\n<\/ul>\n","protected":false},"featured_media":3434,"comment_status":"open","ping_status":"closed","template":"","meta":[],"product_brand":[],"product_cat":[126],"product_tag":[],"yst_prominent_words":[],"class_list":{"0":"post-3433","1":"product","2":"type-product","3":"status-publish","4":"has-post-thumbnail","6":"product_cat-bcaa","7":"pa_brand-nutrever","9":"first","10":"instock","11":"shipping-taxable","12":"purchasable","13":"product-type-variable"},"_links":{"self":[{"href":"https:\/\/energyclub.com.tr\/supplement\/wp-json\/wp\/v2\/product\/3433","targetHints":{"allow":["GET"]}}],"collection":[{"href":"https:\/\/energyclub.com.tr\/supplement\/wp-json\/wp\/v2\/product"}],"about":[{"href":"https:\/\/energyclub.com.tr\/supplement\/wp-json\/wp\/v2\/types\/product"}],"replies":[{"embeddable":true,"href":"https:\/\/energyclub.com.tr\/supplement\/wp-json\/wp\/v2\/comments?post=3433"}],"wp:featuredmedia":[{"embeddable":true,"href":"https:\/\/energyclub.com.tr\/supplement\/wp-json\/wp\/v2\/media\/3434"}],"wp:attachment":[{"href":"https:\/\/energyclub.com.tr\/supplement\/wp-json\/wp\/v2\/media?parent=3433"}],"wp:term":[{"taxonomy":"product_brand","embeddable":true,"href":"https:\/\/energyclub.com.tr\/supplement\/wp-json\/wp\/v2\/product_brand?post=3433"},{"taxonomy":"product_cat","embeddable":true,"href":"https:\/\/energyclub.com.tr\/supplement\/wp-json\/wp\/v2\/product_cat?post=3433"},{"taxonomy":"product_tag","embeddable":true,"href":"https:\/\/energyclub.com.tr\/supplement\/wp-json\/wp\/v2\/product_tag?post=3433"},{"taxonomy":"yst_prominent_words","embeddable":true,"href":"https:\/\/energyclub.com.tr\/supplement\/wp-json\/wp\/v2\/yst_prominent_words?post=3433"}],"curies":[{"name":"wp","href":"https:\/\/api.w.org\/{rel}","templated":true}]}}