{"id":3438,"date":"2020-01-03T13:27:38","date_gmt":"2020-01-03T13:27:38","guid":{"rendered":"https:\/\/energyclub.com.tr\/supplement\/?post_type=product&#038;p=3438"},"modified":"2020-12-17T19:32:33","modified_gmt":"2020-12-17T16:32:33","slug":"olimp-bcaa-2011-xplode-powder-200-gr","status":"publish","type":"product","link":"https:\/\/energyclub.com.tr\/supplement\/urun\/amino-asit\/bcaa\/olimp-bcaa-2011-xplode-powder-200-gr\/","title":{"rendered":"Olimp BCAA 20:1:1 + Xplode Powder 200 Gr."},"content":{"rendered":"<p><strong>Olimp BCAA 20:1:1 + Xplode Powder nedir?<\/strong><\/p>\n<p>20:1:1 oran\u0131nda l\u00f6sin, valin ve izol\u00f6sin dall\u0131 zincirli amino asitlerini i\u00e7eren bir spor g\u0131das\u0131d\u0131r. Olimp laboratuarlar\u0131nda geli\u015ftirilen benzersiz bir form\u00fcle sahip olan Olimp BCAA 20:1:1 + Xplode, y\u00fcksek oranda l\u00f6sin amino asidi i\u00e7ermektedir. Olimp BCAA 20:1:1 + Xplode Powder, form\u00fcl\u00fcne B6 vitamini ve Magnezyum, \u00c7inko mineralleri ilave edilmi\u015ftir.<\/p>\n<p>Olimp BCAA 20:1:1 + Xplode Powder, mikronize edilmi\u015f toz formu ile suda kolayca \u00e7\u00f6z\u00fcnebilir. Bunun yan\u0131 s\u0131ra h\u0131zla emilim sa\u011flayarak gereksinimi kar\u015f\u0131layabilir.<\/p>\n<p>Olimp BCAA 20:1:1 + Xplode Powder&#8217;\u0131n dikkat \u00e7eken \u00f6zellikleri:<\/p>\n<p>&#8211; Her servisinde 5 gr BCAA<\/p>\n<p>&#8211; Y\u00fcksek l\u00f6sin oran\u0131 (20:1:1)<\/p>\n<p>&#8211; Kolay kar\u0131\u015fabilen mikronize BCAA formu<\/p>\n<p>&#8211; B6, \u00e7inko ve maznezyum ilaveli<\/p>\n<p><em>Not:\u00a0<\/em>Bu \u00fcr\u00fcn\u00a0soya lesitini\u00a0i\u00e7ermektedir.<\/p>\n","protected":false},"excerpt":{"rendered":"<ul class=\"pp-first-list\">\n<li><span class=\"pp-sm-title\">Marka<\/span>:<span class=\"pp-sm-desc\">Olimp<\/span><\/li>\n<li><span class=\"pp-sm-title pp-sm-title\">Servis Say\u0131s\u0131<\/span>:<span class=\"pp-sm-desc spec-service-size\">32<\/span><\/li>\n<li><span class=\"pp-sm-title\">Servis Miktar\u0131<\/span>:<span class=\"pp-sm-desc spec-service-amount\">1 \u00d6l\u00e7ek (6,2 g)<\/span><\/li>\n<li><span class=\"pp-sm-title\">Servis Ba\u015f\u0131 Fiyat<\/span>:<span class=\"pp-sm-desc spec-one-service-price\">2,66 TL<\/span><\/li>\n<\/ul>\n","protected":false},"featured_media":3439,"comment_status":"open","ping_status":"closed","template":"","meta":[],"product_brand":[],"product_cat":[126],"product_tag":[],"yst_prominent_words":[],"class_list":{"0":"post-3438","1":"product","2":"type-product","3":"status-publish","4":"has-post-thumbnail","6":"product_cat-bcaa","7":"pa_brand-olimp","9":"first","10":"instock","11":"shipping-taxable","12":"purchasable","13":"product-type-variable"},"_links":{"self":[{"href":"https:\/\/energyclub.com.tr\/supplement\/wp-json\/wp\/v2\/product\/3438","targetHints":{"allow":["GET"]}}],"collection":[{"href":"https:\/\/energyclub.com.tr\/supplement\/wp-json\/wp\/v2\/product"}],"about":[{"href":"https:\/\/energyclub.com.tr\/supplement\/wp-json\/wp\/v2\/types\/product"}],"replies":[{"embeddable":true,"href":"https:\/\/energyclub.com.tr\/supplement\/wp-json\/wp\/v2\/comments?post=3438"}],"wp:featuredmedia":[{"embeddable":true,"href":"https:\/\/energyclub.com.tr\/supplement\/wp-json\/wp\/v2\/media\/3439"}],"wp:attachment":[{"href":"https:\/\/energyclub.com.tr\/supplement\/wp-json\/wp\/v2\/media?parent=3438"}],"wp:term":[{"taxonomy":"product_brand","embeddable":true,"href":"https:\/\/energyclub.com.tr\/supplement\/wp-json\/wp\/v2\/product_brand?post=3438"},{"taxonomy":"product_cat","embeddable":true,"href":"https:\/\/energyclub.com.tr\/supplement\/wp-json\/wp\/v2\/product_cat?post=3438"},{"taxonomy":"product_tag","embeddable":true,"href":"https:\/\/energyclub.com.tr\/supplement\/wp-json\/wp\/v2\/product_tag?post=3438"},{"taxonomy":"yst_prominent_words","embeddable":true,"href":"https:\/\/energyclub.com.tr\/supplement\/wp-json\/wp\/v2\/yst_prominent_words?post=3438"}],"curies":[{"name":"wp","href":"https:\/\/api.w.org\/{rel}","templated":true}]}}