{"id":3440,"date":"2020-01-03T13:29:54","date_gmt":"2020-01-03T13:29:54","guid":{"rendered":"https:\/\/energyclub.com.tr\/supplement\/?post_type=product&#038;p=3440"},"modified":"2020-12-17T19:28:05","modified_gmt":"2020-12-17T16:28:05","slug":"sis-bcaa-perform-255-gr","status":"publish","type":"product","link":"https:\/\/energyclub.com.tr\/supplement\/urun\/amino-asit\/bcaa\/sis-bcaa-perform-255-gr\/","title":{"rendered":"SiS BCAA Perform 255 Gr."},"content":{"rendered":"<p><strong>SiS BCAA\u00a0Perform 255 Gr nedir?<\/strong><\/p>\n<p>Her serviste 6 gr BCAA, 5 g Glutamin ve 1,5 g arjinin i\u00e7eren kompleks bir amino asit takviyesidir.\u00a0Toz formu sayesinde tablet \u00fcr\u00fcnlere g\u00f6re daha h\u0131zl\u0131 bir emilim sa\u011flar.<\/p>\n<p>BCAA&#8217;lar \u00f6zellikle antrenman sonras\u0131 al\u0131nd\u0131\u011f\u0131nda kas dokusunda azalan protein bile\u015fenlerinin kar\u015f\u0131lanmas\u0131na destek olur. Bunun yan\u0131 s\u0131ra, BCAA dayan\u0131kl\u0131l\u0131k antrenmanlar\u0131nda, y\u00fcksek yo\u011funluklu ve d\u00fc\u015f\u00fck karbonhidratl\u0131 antrenmanlarda yak\u0131t olarak da kullan\u0131lmaktad\u0131r.<\/p>\n<p>Glutamin kas yap\u0131s\u0131nda en bol bulunan ve temel olmayan amino asittir. Yo\u011fun antrenman periyotlar\u0131nda, toparlanma s\u00fcrecinde b\u00fcy\u00fck \u00f6neme sahiptir.<\/p>\n<p>Arjinin \u015fartl\u0131 temel amino asit (conditional amino asid) olarak gruplanan ve nitrik oksit \u00f6nc\u00fcs\u00fc olan bir amino asittir.<\/p>\n<p>SiS BCAA Perform ayr\u0131ca normal enerji olu\u015fum metabolizmas\u0131na yard\u0131mc\u0131 olan B6 ve B12 vitaminlerini i\u00e7erir. Ayr\u0131ca B6 vitamini normal protein ve normal glikojen metabolizmas\u0131na katk\u0131da bulunur.<\/p>\n<p>SiS BCAA\u00a0Perform 255 Gr \u00f6zellikleri:<\/p>\n<p>&#8211; Servis ba\u015f\u0131na 6000 mg BCAA ve 5000 mg glutamin<\/p>\n<p>&#8211; 1500 mg arjinin ilaveli<\/p>\n<p>&#8211; B vitaminleri ilaveli<\/p>\n","protected":false},"excerpt":{"rendered":"<ul class=\"pp-first-list\">\n<li><span class=\"pp-sm-title\">Marka<\/span>:<span class=\"pp-sm-desc\">SIS<\/span><\/li>\n<li><span class=\"pp-sm-title pp-sm-title\">Servis Say\u0131s\u0131<\/span>:<span class=\"pp-sm-desc spec-service-size\">17<\/span><\/li>\n<li><span class=\"pp-sm-title\">Servis Miktar\u0131<\/span>:<span class=\"pp-sm-desc spec-service-amount\">3 \u00d6l\u00e7ek (15 g)<\/span><\/li>\n<li><span class=\"pp-sm-title\">Servis Ba\u015f\u0131 Fiyat<\/span>:<span class=\"pp-sm-desc spec-one-service-price\">9,94 TL<\/span><\/li>\n<\/ul>\n","protected":false},"featured_media":3441,"comment_status":"open","ping_status":"closed","template":"","meta":[],"product_brand":[],"product_cat":[126],"product_tag":[],"yst_prominent_words":[],"class_list":{"0":"post-3440","1":"product","2":"type-product","3":"status-publish","4":"has-post-thumbnail","6":"product_cat-bcaa","7":"pa_brand-sis","9":"first","10":"outofstock","11":"shipping-taxable","12":"purchasable","13":"product-type-variable"},"_links":{"self":[{"href":"https:\/\/energyclub.com.tr\/supplement\/wp-json\/wp\/v2\/product\/3440","targetHints":{"allow":["GET"]}}],"collection":[{"href":"https:\/\/energyclub.com.tr\/supplement\/wp-json\/wp\/v2\/product"}],"about":[{"href":"https:\/\/energyclub.com.tr\/supplement\/wp-json\/wp\/v2\/types\/product"}],"replies":[{"embeddable":true,"href":"https:\/\/energyclub.com.tr\/supplement\/wp-json\/wp\/v2\/comments?post=3440"}],"wp:featuredmedia":[{"embeddable":true,"href":"https:\/\/energyclub.com.tr\/supplement\/wp-json\/wp\/v2\/media\/3441"}],"wp:attachment":[{"href":"https:\/\/energyclub.com.tr\/supplement\/wp-json\/wp\/v2\/media?parent=3440"}],"wp:term":[{"taxonomy":"product_brand","embeddable":true,"href":"https:\/\/energyclub.com.tr\/supplement\/wp-json\/wp\/v2\/product_brand?post=3440"},{"taxonomy":"product_cat","embeddable":true,"href":"https:\/\/energyclub.com.tr\/supplement\/wp-json\/wp\/v2\/product_cat?post=3440"},{"taxonomy":"product_tag","embeddable":true,"href":"https:\/\/energyclub.com.tr\/supplement\/wp-json\/wp\/v2\/product_tag?post=3440"},{"taxonomy":"yst_prominent_words","embeddable":true,"href":"https:\/\/energyclub.com.tr\/supplement\/wp-json\/wp\/v2\/yst_prominent_words?post=3440"}],"curies":[{"name":"wp","href":"https:\/\/api.w.org\/{rel}","templated":true}]}}