{"id":3443,"date":"2020-01-03T13:34:00","date_gmt":"2020-01-03T13:34:00","guid":{"rendered":"https:\/\/energyclub.com.tr\/supplement\/?post_type=product&#038;p=3443"},"modified":"2020-12-17T19:26:40","modified_gmt":"2020-12-17T16:26:40","slug":"zero-shot-dumbbell-bcaa-plus-475-ml","status":"publish","type":"product","link":"https:\/\/energyclub.com.tr\/supplement\/urun\/amino-asit\/bcaa\/zero-shot-dumbbell-bcaa-plus-475-ml\/","title":{"rendered":"Zero Shot Dumbbell Bcaa Plus 475 ML."},"content":{"rendered":"<p><strong>ZeroShot Dumbbell Bcaa Plus nedir?<\/strong><\/p>\n<p>Pop\u00fcler L-karnitin form\u00fclleriyle bilinen Zeroshot markas\u0131n\u0131n yeni s\u0131v\u0131 formda BCAA amino asit \u00fcr\u00fcn\u00fcd\u00fcr. Her \u015fi\u015fe tek servis olup, bir servisinde 4000 mg BCAA, 2000 mg glutamin,1000 mg taurin ve 100 mg kafein ve elektrolitler i\u00e7erir.<\/p>\n<p>S\u0131v\u0131 formda olmas\u0131 sayesinde h\u0131zl\u0131 emilim g\u00f6sterek kaslar\u0131n\u0131za daha h\u0131zl\u0131 ula\u015f\u0131r. Bu nedenle yo\u011fun antrenmanlar esnas\u0131nda kullan\u0131ma uygun bir \u00fcr\u00fcnd\u00fcr.<\/p>\n<p>ZeroShot Dumbbell Bcaa Plus&#8217; \u0131n dikkat \u00e7eken \u00f6zellikleri:<\/p>\n<p>&#8211; Her serviste 4000 mg BCAA<\/p>\n<p>&#8211; Her serviste 2000 mg Glutamin<\/p>\n<p>&#8211; Taurin ve kafein ilaveli<\/p>\n<p>&#8211; Hidrasyona y\u00f6nelik mineral deste\u011fi<\/p>\n","protected":false},"excerpt":{"rendered":"<ul class=\"pp-first-list\">\n<li><span class=\"pp-sm-title\">Marka<\/span>:<span class=\"pp-sm-desc\">Zeroshot<\/span><\/li>\n<li><span class=\"pp-sm-title pp-sm-title\">Servis Say\u0131s\u0131<\/span>:<span class=\"pp-sm-desc spec-service-size\">1<\/span><\/li>\n<li><span class=\"pp-sm-title\">Servis Miktar\u0131<\/span>:<span class=\"pp-sm-desc spec-service-amount\">1 \u015ei\u015fe (475 mL)<\/span><\/li>\n<li><span class=\"pp-sm-title\">Servis Ba\u015f\u0131 Fiyat<\/span>:<span class=\"pp-sm-desc spec-one-service-price\">9,00 TL<\/span><\/li>\n<\/ul>\n","protected":false},"featured_media":3444,"comment_status":"open","ping_status":"closed","template":"","meta":[],"product_brand":[],"product_cat":[126,129],"product_tag":[],"yst_prominent_words":[],"class_list":{"0":"post-3443","1":"product","2":"type-product","3":"status-publish","4":"has-post-thumbnail","6":"product_cat-bcaa","7":"product_cat-likit-amino-asit","8":"pa_brand-zeroshot","10":"first","11":"outofstock","12":"shipping-taxable","13":"purchasable","14":"product-type-variable"},"_links":{"self":[{"href":"https:\/\/energyclub.com.tr\/supplement\/wp-json\/wp\/v2\/product\/3443","targetHints":{"allow":["GET"]}}],"collection":[{"href":"https:\/\/energyclub.com.tr\/supplement\/wp-json\/wp\/v2\/product"}],"about":[{"href":"https:\/\/energyclub.com.tr\/supplement\/wp-json\/wp\/v2\/types\/product"}],"replies":[{"embeddable":true,"href":"https:\/\/energyclub.com.tr\/supplement\/wp-json\/wp\/v2\/comments?post=3443"}],"wp:featuredmedia":[{"embeddable":true,"href":"https:\/\/energyclub.com.tr\/supplement\/wp-json\/wp\/v2\/media\/3444"}],"wp:attachment":[{"href":"https:\/\/energyclub.com.tr\/supplement\/wp-json\/wp\/v2\/media?parent=3443"}],"wp:term":[{"taxonomy":"product_brand","embeddable":true,"href":"https:\/\/energyclub.com.tr\/supplement\/wp-json\/wp\/v2\/product_brand?post=3443"},{"taxonomy":"product_cat","embeddable":true,"href":"https:\/\/energyclub.com.tr\/supplement\/wp-json\/wp\/v2\/product_cat?post=3443"},{"taxonomy":"product_tag","embeddable":true,"href":"https:\/\/energyclub.com.tr\/supplement\/wp-json\/wp\/v2\/product_tag?post=3443"},{"taxonomy":"yst_prominent_words","embeddable":true,"href":"https:\/\/energyclub.com.tr\/supplement\/wp-json\/wp\/v2\/yst_prominent_words?post=3443"}],"curies":[{"name":"wp","href":"https:\/\/api.w.org\/{rel}","templated":true}]}}