{"id":3445,"date":"2020-01-03T13:37:12","date_gmt":"2020-01-03T13:37:12","guid":{"rendered":"https:\/\/energyclub.com.tr\/supplement\/?post_type=product&#038;p=3445"},"modified":"2020-12-17T19:24:41","modified_gmt":"2020-12-17T16:24:41","slug":"big-joy-aminobig-amino-asit-330-tablet","status":"publish","type":"product","link":"https:\/\/energyclub.com.tr\/supplement\/urun\/amino-asit\/kompleks-amino-asit\/big-joy-aminobig-amino-asit-330-tablet\/","title":{"rendered":"Big Joy Aminobig Amino Asit 330 Tablet"},"content":{"rendered":"<h2>Big Joy Aminobig nedir?<\/h2>\n<p>Esansiyel olan ve esansiyel olmayan 19 amino asit profilinin tamam\u0131n\u0131 sunar. Konsantre ve izole whey proteinden elde edilenBig Joy Aminobig, gereken amino asit ihtiyac\u0131n\u0131 h\u0131zla sa\u011flayabilir.<\/p>\n<p>Big Joy Aminobig&#8217;in\u00a0 B6 vitamini desteklenmi\u015ftir.<\/p>\n<p>B6 vitamini normal protein ve glikojen metabolizmas\u0131na katk\u0131da bulunur. Ayn\u0131 zamanda B6 vitamini, normal enerji olu\u015fum metabolizmas\u0131na yard\u0131mc\u0131 olur.<\/p>\n<p>Big Joy Aminobig&#8217;in dikkat \u00e7eken \u00f6zellikleri:<\/p>\n<p>Servis ba\u015f\u0131na 3.000 mg amino asit kar\u0131\u015f\u0131m\u0131<\/p>\n<p>%23 BCAA oran\u0131 &#8211; Servis ba\u015f\u0131na toplam 684 mg BCAA<\/p>\n<p>750 mg Esansiyel amino asitleri<\/p>\n<p>B6 vitamini ilaveli<\/p>\n","protected":false},"excerpt":{"rendered":"<ul class=\"pp-first-list\">\n<li><span class=\"pp-sm-title\">Marka<\/span>:<span class=\"pp-sm-desc\">Big Joy<\/span><\/li>\n<li><span class=\"pp-sm-title pp-sm-title\">Servis Say\u0131s\u0131<\/span>:<span class=\"pp-sm-desc spec-service-size\">110<\/span><\/li>\n<li><span class=\"pp-sm-title\">Servis Miktar\u0131<\/span>:<span class=\"pp-sm-desc spec-service-amount\">3 Tablet<\/span><\/li>\n<li><span class=\"pp-sm-title\">Servis Ba\u015f\u0131 Fiyat<\/span>:<span class=\"pp-sm-desc spec-one-service-price\">1,08 TL<\/span><\/li>\n<\/ul>\n","protected":false},"featured_media":3446,"comment_status":"open","ping_status":"closed","template":"","meta":[],"product_brand":[],"product_cat":[127],"product_tag":[],"yst_prominent_words":[],"class_list":{"0":"post-3445","1":"product","2":"type-product","3":"status-publish","4":"has-post-thumbnail","6":"product_cat-kompleks-amino-asit","7":"pa_brand-bigjoy-supplement","9":"first","10":"instock","11":"shipping-taxable","12":"purchasable","13":"product-type-variable"},"_links":{"self":[{"href":"https:\/\/energyclub.com.tr\/supplement\/wp-json\/wp\/v2\/product\/3445","targetHints":{"allow":["GET"]}}],"collection":[{"href":"https:\/\/energyclub.com.tr\/supplement\/wp-json\/wp\/v2\/product"}],"about":[{"href":"https:\/\/energyclub.com.tr\/supplement\/wp-json\/wp\/v2\/types\/product"}],"replies":[{"embeddable":true,"href":"https:\/\/energyclub.com.tr\/supplement\/wp-json\/wp\/v2\/comments?post=3445"}],"wp:featuredmedia":[{"embeddable":true,"href":"https:\/\/energyclub.com.tr\/supplement\/wp-json\/wp\/v2\/media\/3446"}],"wp:attachment":[{"href":"https:\/\/energyclub.com.tr\/supplement\/wp-json\/wp\/v2\/media?parent=3445"}],"wp:term":[{"taxonomy":"product_brand","embeddable":true,"href":"https:\/\/energyclub.com.tr\/supplement\/wp-json\/wp\/v2\/product_brand?post=3445"},{"taxonomy":"product_cat","embeddable":true,"href":"https:\/\/energyclub.com.tr\/supplement\/wp-json\/wp\/v2\/product_cat?post=3445"},{"taxonomy":"product_tag","embeddable":true,"href":"https:\/\/energyclub.com.tr\/supplement\/wp-json\/wp\/v2\/product_tag?post=3445"},{"taxonomy":"yst_prominent_words","embeddable":true,"href":"https:\/\/energyclub.com.tr\/supplement\/wp-json\/wp\/v2\/yst_prominent_words?post=3445"}],"curies":[{"name":"wp","href":"https:\/\/api.w.org\/{rel}","templated":true}]}}