{"id":3447,"date":"2020-01-03T13:39:04","date_gmt":"2020-01-03T13:39:04","guid":{"rendered":"https:\/\/energyclub.com.tr\/supplement\/?post_type=product&#038;p=3447"},"modified":"2020-12-17T19:23:16","modified_gmt":"2020-12-17T16:23:16","slug":"big-joy-essential-amino-reaal-420-gr","status":"publish","type":"product","link":"https:\/\/energyclub.com.tr\/supplement\/urun\/amino-asit\/kompleks-amino-asit\/big-joy-essential-amino-reaal-420-gr\/","title":{"rendered":"Big Joy Essential Amino Reaal 420 Gr."},"content":{"rendered":"<h2>Big Joy Essential Amino Reaal nedir?<\/h2>\n<p>Big Joy Essential Amino Reaal, bir servisinde 7000 mg esansiyel amino asitleri i\u00e7erir.<\/p>\n<p>Toz formda olan bu \u00fcr\u00fcn, v\u00fccudumuz taraf\u0131ndan sentezlenemeyen ve d\u0131\u015far\u0131dan al\u0131nmas\u0131 gereken elzem amino asit (Essential Amino Acits) profiline sahiptir. Big Joy Essential&#8217;\u0131n form\u00fcl\u00fcnde y\u00fcksek miktarda bulunan L\u00f6sin, en \u00f6nemli amino asitlerin ba\u015f\u0131nda gelir.<\/p>\n<p>Sporcular\u0131n yo\u011fun antrenman d\u00f6nemlerinde amino asit dengelerini korumak i\u00e7in ideal bir \u00fcr\u00fcnd\u00fcr.<\/p>\n<h2>Big Joy Essential Amino Reaal&#8217;in dikkat \u00e7eken \u00f6zellikleri:<\/h2>\n<p>&#8211; 9 elzem amino asit profili<\/p>\n<p>&#8211; Her serviste 7000 mg amino asit<\/p>\n<p>&#8211; H\u0131zl\u0131 emilim sa\u011flayan toz form<\/p>\n<p>&#8211; \u015eeker i\u00e7ermez<\/p>\n<p>&#8211; Aromaland\u0131r\u0131lm\u0131\u015f kolay i\u00e7im<\/p>\n","protected":false},"excerpt":{"rendered":"<ul class=\"pp-first-list\">\n<li><span class=\"pp-sm-title\">Marka<\/span>:<span class=\"pp-sm-desc\">Big Joy<\/span><\/li>\n<li><span class=\"pp-sm-title pp-sm-title\">Servis Say\u0131s\u0131<\/span>:<span class=\"pp-sm-desc spec-service-size\">42<\/span><\/li>\n<li><span class=\"pp-sm-title\">Servis Miktar\u0131<\/span>:<span class=\"pp-sm-desc spec-service-amount\">1 \u00d6l\u00e7ek (10g)<\/span><\/li>\n<li><span class=\"pp-sm-title\">Servis Ba\u015f\u0131 Fiyat<\/span>:<span class=\"pp-sm-desc spec-one-service-price\">3,55 TL<\/span><\/li>\n<\/ul>\n","protected":false},"featured_media":3448,"comment_status":"open","ping_status":"closed","template":"","meta":[],"product_brand":[],"product_cat":[127],"product_tag":[],"yst_prominent_words":[],"class_list":{"0":"post-3447","1":"product","2":"type-product","3":"status-publish","4":"has-post-thumbnail","6":"product_cat-kompleks-amino-asit","7":"pa_brand-bigjoy-supplement","9":"first","10":"instock","11":"shipping-taxable","12":"purchasable","13":"product-type-variable"},"_links":{"self":[{"href":"https:\/\/energyclub.com.tr\/supplement\/wp-json\/wp\/v2\/product\/3447","targetHints":{"allow":["GET"]}}],"collection":[{"href":"https:\/\/energyclub.com.tr\/supplement\/wp-json\/wp\/v2\/product"}],"about":[{"href":"https:\/\/energyclub.com.tr\/supplement\/wp-json\/wp\/v2\/types\/product"}],"replies":[{"embeddable":true,"href":"https:\/\/energyclub.com.tr\/supplement\/wp-json\/wp\/v2\/comments?post=3447"}],"wp:featuredmedia":[{"embeddable":true,"href":"https:\/\/energyclub.com.tr\/supplement\/wp-json\/wp\/v2\/media\/3448"}],"wp:attachment":[{"href":"https:\/\/energyclub.com.tr\/supplement\/wp-json\/wp\/v2\/media?parent=3447"}],"wp:term":[{"taxonomy":"product_brand","embeddable":true,"href":"https:\/\/energyclub.com.tr\/supplement\/wp-json\/wp\/v2\/product_brand?post=3447"},{"taxonomy":"product_cat","embeddable":true,"href":"https:\/\/energyclub.com.tr\/supplement\/wp-json\/wp\/v2\/product_cat?post=3447"},{"taxonomy":"product_tag","embeddable":true,"href":"https:\/\/energyclub.com.tr\/supplement\/wp-json\/wp\/v2\/product_tag?post=3447"},{"taxonomy":"yst_prominent_words","embeddable":true,"href":"https:\/\/energyclub.com.tr\/supplement\/wp-json\/wp\/v2\/yst_prominent_words?post=3447"}],"curies":[{"name":"wp","href":"https:\/\/api.w.org\/{rel}","templated":true}]}}