{"id":3453,"date":"2020-01-03T13:45:15","date_gmt":"2020-01-03T13:45:15","guid":{"rendered":"https:\/\/energyclub.com.tr\/supplement\/?post_type=product&#038;p=3453"},"modified":"2020-03-22T20:46:35","modified_gmt":"2020-03-22T17:46:35","slug":"nutrend-whey-amino-10000-300-tablet","status":"publish","type":"product","link":"https:\/\/energyclub.com.tr\/supplement\/urun\/amino-asit\/kompleks-amino-asit\/nutrend-whey-amino-10000-300-tablet\/","title":{"rendered":"Nutrend Whey Amino 10000 300 Tablet"},"content":{"rendered":"<p><strong>Nutrend Whey Amino 10.000 nedir?<\/strong><\/p>\n<p>Kolay sindirilebilen %100 saf, pratik tabletlerde hidrolize izole peynir alt\u0131 suyundan elde edilen aminoasit \u00fcr\u00fcn\u00fcd\u00fcr. Her porsiyonda toplam 1000 mg amino asit i\u00e7erir. Yeterli miktarda al\u0131nan amino asitler kaslar taraf\u0131ndan kullan\u0131l\u0131r.<\/p>\n<p>Nutrend Whey Amino 10.000&#8217;in dikkat \u00e7eken \u00f6zellikleri:<\/p>\n<p>&#8211; Bir porsiyonda (5 tablet) toplam 10000 mg amino asit i\u00e7erir.<\/p>\n<p>&#8211; Her serviste 2200 mg BCAA<\/p>\n<p>&#8211; %100 Hidrolize Peynir Alt\u0131 Suyu ham madde<\/p>\n<p>&#8211; %77 protein oran\u0131<\/p>\n","protected":false},"excerpt":{"rendered":"<ul class=\"pp-first-list\">\n<li><span class=\"pp-sm-title\">Marka<\/span>:<span class=\"pp-sm-desc\">Nutrend<\/span><\/li>\n<li><span class=\"pp-sm-title pp-sm-title\">Servis Say\u0131s\u0131<\/span>:<span class=\"pp-sm-desc spec-service-size\">60<\/span><\/li>\n<li><span class=\"pp-sm-title\">Servis Miktar\u0131<\/span>:<span class=\"pp-sm-desc spec-service-amount\">5 Tablet<\/span><\/li>\n<li><span class=\"pp-sm-title\">Servis Ba\u015f\u0131 Fiyat<\/span>:<span class=\"pp-sm-desc spec-one-service-price\">4,42 TL<\/span><\/li>\n<\/ul>\n","protected":false},"featured_media":3454,"comment_status":"open","ping_status":"closed","template":"","meta":[],"product_brand":[],"product_cat":[127],"product_tag":[],"yst_prominent_words":[],"class_list":{"0":"post-3453","1":"product","2":"type-product","3":"status-publish","4":"has-post-thumbnail","6":"product_cat-kompleks-amino-asit","7":"pa_brand-nutrend","9":"first","10":"outofstock","11":"shipping-taxable","12":"purchasable","13":"product-type-variable"},"_links":{"self":[{"href":"https:\/\/energyclub.com.tr\/supplement\/wp-json\/wp\/v2\/product\/3453","targetHints":{"allow":["GET"]}}],"collection":[{"href":"https:\/\/energyclub.com.tr\/supplement\/wp-json\/wp\/v2\/product"}],"about":[{"href":"https:\/\/energyclub.com.tr\/supplement\/wp-json\/wp\/v2\/types\/product"}],"replies":[{"embeddable":true,"href":"https:\/\/energyclub.com.tr\/supplement\/wp-json\/wp\/v2\/comments?post=3453"}],"wp:featuredmedia":[{"embeddable":true,"href":"https:\/\/energyclub.com.tr\/supplement\/wp-json\/wp\/v2\/media\/3454"}],"wp:attachment":[{"href":"https:\/\/energyclub.com.tr\/supplement\/wp-json\/wp\/v2\/media?parent=3453"}],"wp:term":[{"taxonomy":"product_brand","embeddable":true,"href":"https:\/\/energyclub.com.tr\/supplement\/wp-json\/wp\/v2\/product_brand?post=3453"},{"taxonomy":"product_cat","embeddable":true,"href":"https:\/\/energyclub.com.tr\/supplement\/wp-json\/wp\/v2\/product_cat?post=3453"},{"taxonomy":"product_tag","embeddable":true,"href":"https:\/\/energyclub.com.tr\/supplement\/wp-json\/wp\/v2\/product_tag?post=3453"},{"taxonomy":"yst_prominent_words","embeddable":true,"href":"https:\/\/energyclub.com.tr\/supplement\/wp-json\/wp\/v2\/yst_prominent_words?post=3453"}],"curies":[{"name":"wp","href":"https:\/\/api.w.org\/{rel}","templated":true}]}}