{"id":3455,"date":"2020-01-03T13:47:28","date_gmt":"2020-01-03T13:47:28","guid":{"rendered":"https:\/\/energyclub.com.tr\/supplement\/?post_type=product&#038;p=3455"},"modified":"2021-03-29T16:54:14","modified_gmt":"2021-03-29T13:54:14","slug":"olimp-amino-5500-400-kapsul","status":"publish","type":"product","link":"https:\/\/energyclub.com.tr\/supplement\/urun\/amino-asit\/kompleks-amino-asit\/olimp-amino-5500-400-kapsul\/","title":{"rendered":"Olimp Amino 5500 400 Kaps\u00fcl"},"content":{"rendered":"<p><strong>Olimp Amino 5500 Nedir?\u00a0<\/strong><\/p>\n<p>Olimp Amino 5500 kaps\u00fcl formda olan kompleks bir amino asit \u00fcr\u00fcn\u00fcd\u00fcr.<\/p>\n<p>Mega Caps teknolojisi ile geli\u015ftirilen Olimp Amino 5500 \u00fcr\u00fcn\u00fc sporcular\u0131n g\u00fcnl\u00fck amino asit ve protein ihtiyac\u0131n\u0131 gidermeye yard\u0131mc\u0131 olabilir.<\/p>\n<p>Olimp Amino 5500&#8217;\u00fcn dikkat \u00e7eken \u00f6zellikleri:<\/p>\n<p>&#8211; Olimp Amino 5500 her 1 servisinde 5425mg saf amino asit i\u00e7ermektedir<\/p>\n<p>&#8211; Olimp Amino 5500 amino asit i\u00e7eri\u011fine ek olaran B6 Vitamini i\u00e7ermektedir (Protein sentezi)<\/p>\n<p>&#8211; Olimp Amino 5500 %34 oran\u0131nda saf BCAA i\u00e7eri\u011fine sahiptir<\/p>\n<p>&#8211; Olimp Amino 5500 bir\u00e7ok enerji i\u00e7ece\u011finde bulunan Taurin amino asiti i\u00e7ermektedir<\/p>\n","protected":false},"excerpt":{"rendered":"<ul class=\"pp-first-list\">\n<li><span class=\"pp-sm-title\">Marka<\/span>:<span class=\"pp-sm-desc\">Olimp<\/span><\/li>\n<li><span class=\"pp-sm-title pp-sm-title\">Servis Say\u0131s\u0131<\/span>:<span class=\"pp-sm-desc spec-service-size\">67<\/span><\/li>\n<li><span class=\"pp-sm-title\">Servis Miktar\u0131<\/span>:<span class=\"pp-sm-desc spec-service-amount\">6 Kaps\u00fcl<\/span><\/li>\n<li><span class=\"pp-sm-title\">Servis Ba\u015f\u0131 Fiyat<\/span>:<span class=\"pp-sm-desc spec-one-service-price\">3,87 TL<\/span><\/li>\n<\/ul>\n","protected":false},"featured_media":3456,"comment_status":"open","ping_status":"closed","template":"","meta":[],"product_brand":[],"product_cat":[127],"product_tag":[],"yst_prominent_words":[],"class_list":{"0":"post-3455","1":"product","2":"type-product","3":"status-publish","4":"has-post-thumbnail","6":"product_cat-kompleks-amino-asit","7":"pa_brand-olimp","9":"first","10":"instock","11":"shipping-taxable","12":"purchasable","13":"product-type-variable"},"_links":{"self":[{"href":"https:\/\/energyclub.com.tr\/supplement\/wp-json\/wp\/v2\/product\/3455","targetHints":{"allow":["GET"]}}],"collection":[{"href":"https:\/\/energyclub.com.tr\/supplement\/wp-json\/wp\/v2\/product"}],"about":[{"href":"https:\/\/energyclub.com.tr\/supplement\/wp-json\/wp\/v2\/types\/product"}],"replies":[{"embeddable":true,"href":"https:\/\/energyclub.com.tr\/supplement\/wp-json\/wp\/v2\/comments?post=3455"}],"wp:featuredmedia":[{"embeddable":true,"href":"https:\/\/energyclub.com.tr\/supplement\/wp-json\/wp\/v2\/media\/3456"}],"wp:attachment":[{"href":"https:\/\/energyclub.com.tr\/supplement\/wp-json\/wp\/v2\/media?parent=3455"}],"wp:term":[{"taxonomy":"product_brand","embeddable":true,"href":"https:\/\/energyclub.com.tr\/supplement\/wp-json\/wp\/v2\/product_brand?post=3455"},{"taxonomy":"product_cat","embeddable":true,"href":"https:\/\/energyclub.com.tr\/supplement\/wp-json\/wp\/v2\/product_cat?post=3455"},{"taxonomy":"product_tag","embeddable":true,"href":"https:\/\/energyclub.com.tr\/supplement\/wp-json\/wp\/v2\/product_tag?post=3455"},{"taxonomy":"yst_prominent_words","embeddable":true,"href":"https:\/\/energyclub.com.tr\/supplement\/wp-json\/wp\/v2\/yst_prominent_words?post=3455"}],"curies":[{"name":"wp","href":"https:\/\/api.w.org\/{rel}","templated":true}]}}