{"id":3457,"date":"2020-01-03T13:49:21","date_gmt":"2020-01-03T13:49:21","guid":{"rendered":"https:\/\/energyclub.com.tr\/supplement\/?post_type=product&#038;p=3457"},"modified":"2020-12-16T21:56:22","modified_gmt":"2020-12-16T18:56:22","slug":"universal-beef-amino-400-tablet","status":"publish","type":"product","link":"https:\/\/energyclub.com.tr\/supplement\/urun\/amino-asit\/kompleks-amino-asit\/universal-beef-amino-400-tablet\/","title":{"rendered":"Universal Beef Amino 400 Tablet"},"content":{"rendered":"<p><strong>Universal Beef Aminos Nedir?<\/strong><\/p>\n<p>Universal Beef Aminos tablet formda olan kompleks bir amino asit \u00fcr\u00fcn\u00fcd\u00fcr.<\/p>\n<p>Universal Beef Aminos al\u0131\u015fm\u0131\u015f oldu\u011fumuz Whey proteinden elde edilen amino asitlerden \u00e7ok daha farkl\u0131d\u0131r \u00e7\u00fcnk\u00fc Beef Aminos s\u0131\u011f\u0131r etinden elde edilen proteinlerin amino asitleri ile geli\u015ftirilmektedir.<\/p>\n<p>Et proteininden elde edilen amino asitler Whey proteinden elde edilene g\u00f6re daha zengin bir amino asit profiline sahiptir ancak emilimleri di\u011ferlerine g\u00f6re daha yava\u015ft\u0131r.<\/p>\n<p>Universal Beef Aminos&#8217;un dikkat \u00e7eken \u00f6zellikleri:<\/p>\n<p>&#8211; Universal Beef Aminos whey protein i\u00e7erikli amino asitlerden daha zengin bir amino asit profiline sahiptir<\/p>\n<p>&#8211; Universal Beef Aminos her 1 tabletinde 1000mg kompleks amino asit i\u00e7ermektedir<\/p>\n<p>&#8211; Universal Beef Aminos kompleks bir Vitamin i\u00e7eri\u011fine sahiptir:<\/p>\n<ul>\n<li>B6 Vitamini<\/li>\n<li>Niasin<\/li>\n<li>A Vitamini<\/li>\n<li>C Vitamini<\/li>\n<\/ul>\n<p>&#8211; Universal Beef Aminos y\u00fcksek miktarda Alanin ve Glutamin \u00f6nc\u00fcleri i\u00e7ermektedir<\/p>\n","protected":false},"excerpt":{"rendered":"<ul class=\"pp-first-list\">\n<li><span class=\"pp-sm-title\">Marka<\/span>:<span class=\"pp-sm-desc\">Universal<\/span><\/li>\n<li><span class=\"pp-sm-title pp-sm-title\">Servis Say\u0131s\u0131<\/span>:<span class=\"pp-sm-desc spec-service-size\">133<\/span><\/li>\n<li><span class=\"pp-sm-title\">Servis Miktar\u0131<\/span>:<span class=\"pp-sm-desc spec-service-amount\">3 Tablet<\/span><\/li>\n<li><span class=\"pp-sm-title\">Servis Ba\u015f\u0131 Fiyat<\/span>:<span class=\"pp-sm-desc spec-one-service-price\">1,95 TL<\/span><\/li>\n<\/ul>\n","protected":false},"featured_media":3458,"comment_status":"open","ping_status":"closed","template":"","meta":[],"product_brand":[],"product_cat":[127],"product_tag":[],"yst_prominent_words":[],"class_list":{"0":"post-3457","1":"product","2":"type-product","3":"status-publish","4":"has-post-thumbnail","6":"product_cat-kompleks-amino-asit","7":"pa_brand-universal","9":"first","10":"outofstock","11":"shipping-taxable","12":"purchasable","13":"product-type-variable"},"_links":{"self":[{"href":"https:\/\/energyclub.com.tr\/supplement\/wp-json\/wp\/v2\/product\/3457","targetHints":{"allow":["GET"]}}],"collection":[{"href":"https:\/\/energyclub.com.tr\/supplement\/wp-json\/wp\/v2\/product"}],"about":[{"href":"https:\/\/energyclub.com.tr\/supplement\/wp-json\/wp\/v2\/types\/product"}],"replies":[{"embeddable":true,"href":"https:\/\/energyclub.com.tr\/supplement\/wp-json\/wp\/v2\/comments?post=3457"}],"wp:featuredmedia":[{"embeddable":true,"href":"https:\/\/energyclub.com.tr\/supplement\/wp-json\/wp\/v2\/media\/3458"}],"wp:attachment":[{"href":"https:\/\/energyclub.com.tr\/supplement\/wp-json\/wp\/v2\/media?parent=3457"}],"wp:term":[{"taxonomy":"product_brand","embeddable":true,"href":"https:\/\/energyclub.com.tr\/supplement\/wp-json\/wp\/v2\/product_brand?post=3457"},{"taxonomy":"product_cat","embeddable":true,"href":"https:\/\/energyclub.com.tr\/supplement\/wp-json\/wp\/v2\/product_cat?post=3457"},{"taxonomy":"product_tag","embeddable":true,"href":"https:\/\/energyclub.com.tr\/supplement\/wp-json\/wp\/v2\/product_tag?post=3457"},{"taxonomy":"yst_prominent_words","embeddable":true,"href":"https:\/\/energyclub.com.tr\/supplement\/wp-json\/wp\/v2\/yst_prominent_words?post=3457"}],"curies":[{"name":"wp","href":"https:\/\/api.w.org\/{rel}","templated":true}]}}