{"id":3461,"date":"2020-01-03T13:56:09","date_gmt":"2020-01-03T13:56:09","guid":{"rendered":"https:\/\/energyclub.com.tr\/supplement\/?post_type=product&#038;p=3461"},"modified":"2020-12-16T21:53:24","modified_gmt":"2020-12-16T18:53:24","slug":"big-joy-gluta-big-100-glutamine-powder-120-gr","status":"publish","type":"product","link":"https:\/\/energyclub.com.tr\/supplement\/urun\/amino-asit\/glutamin\/big-joy-gluta-big-100-glutamine-powder-120-gr\/","title":{"rendered":"Big Joy Gluta Big % 100 Glutamine Powder 120 Gr."},"content":{"rendered":"<p><strong>Big Joy Gluta Big %100 Glutamine Nedir?\u00a0<\/strong><\/p>\n<p>Big Joy Gluta Big %100 Glutamine toz formda olan ve glutamin i\u00e7eren bir amino asit \u00fcr\u00fcn\u00fcd\u00fcr.\u00a0Glutamin amino asidi, yo\u011fun egzersizler sonras\u0131nda kaslarda azalan glutamin rezervlerinin tekrardan dolmas\u0131na yard\u0131mc\u0131 olur.<\/p>\n<p>Big Joy Gluta Big % 100 Glutamine Powder \u00f6zellikleri:<\/p>\n<p>&#8211; 1 Serviste 5000 mg glutamin<\/p>\n<p>&#8211; 24 servis<\/p>\n<p>&#8211; Aromas\u0131z se\u00e7ene\u011fi ile supplement kar\u0131\u015f\u0131mlar\u0131na ilave edilebilir.<\/p>\n","protected":false},"excerpt":{"rendered":"<ul class=\"pp-first-list\">\n<li><span class=\"pp-sm-title\">Marka<\/span>:<span class=\"pp-sm-desc\">Big Joy<\/span><\/li>\n<li><span class=\"pp-sm-title pp-sm-title\">Servis Say\u0131s\u0131<\/span>:<span class=\"pp-sm-desc spec-service-size\">24<\/span><\/li>\n<li><span class=\"pp-sm-title\">Servis Miktar\u0131<\/span>:<span class=\"pp-sm-desc spec-service-amount\">1 \u00d6l\u00e7ek (5 g)<\/span><\/li>\n<li><span class=\"pp-sm-title\">Servis Ba\u015f\u0131 Fiyat<\/span>:<span class=\"pp-sm-desc spec-one-service-price\">1,88 TL<\/span><\/li>\n<\/ul>\n","protected":false},"featured_media":3462,"comment_status":"open","ping_status":"closed","template":"","meta":[],"product_brand":[],"product_cat":[128],"product_tag":[],"yst_prominent_words":[],"class_list":{"0":"post-3461","1":"product","2":"type-product","3":"status-publish","4":"has-post-thumbnail","6":"product_cat-glutamin","7":"pa_brand-bigjoy-supplement","9":"first","10":"instock","11":"shipping-taxable","12":"purchasable","13":"product-type-simple"},"_links":{"self":[{"href":"https:\/\/energyclub.com.tr\/supplement\/wp-json\/wp\/v2\/product\/3461","targetHints":{"allow":["GET"]}}],"collection":[{"href":"https:\/\/energyclub.com.tr\/supplement\/wp-json\/wp\/v2\/product"}],"about":[{"href":"https:\/\/energyclub.com.tr\/supplement\/wp-json\/wp\/v2\/types\/product"}],"replies":[{"embeddable":true,"href":"https:\/\/energyclub.com.tr\/supplement\/wp-json\/wp\/v2\/comments?post=3461"}],"wp:featuredmedia":[{"embeddable":true,"href":"https:\/\/energyclub.com.tr\/supplement\/wp-json\/wp\/v2\/media\/3462"}],"wp:attachment":[{"href":"https:\/\/energyclub.com.tr\/supplement\/wp-json\/wp\/v2\/media?parent=3461"}],"wp:term":[{"taxonomy":"product_brand","embeddable":true,"href":"https:\/\/energyclub.com.tr\/supplement\/wp-json\/wp\/v2\/product_brand?post=3461"},{"taxonomy":"product_cat","embeddable":true,"href":"https:\/\/energyclub.com.tr\/supplement\/wp-json\/wp\/v2\/product_cat?post=3461"},{"taxonomy":"product_tag","embeddable":true,"href":"https:\/\/energyclub.com.tr\/supplement\/wp-json\/wp\/v2\/product_tag?post=3461"},{"taxonomy":"yst_prominent_words","embeddable":true,"href":"https:\/\/energyclub.com.tr\/supplement\/wp-json\/wp\/v2\/yst_prominent_words?post=3461"}],"curies":[{"name":"wp","href":"https:\/\/api.w.org\/{rel}","templated":true}]}}