{"id":3471,"date":"2020-01-03T14:06:30","date_gmt":"2020-01-03T14:06:30","guid":{"rendered":"https:\/\/energyclub.com.tr\/supplement\/?post_type=product&#038;p=3471"},"modified":"2020-12-16T21:47:02","modified_gmt":"2020-12-16T18:47:02","slug":"hardline-glutapure-300-gr","status":"publish","type":"product","link":"https:\/\/energyclub.com.tr\/supplement\/urun\/amino-asit\/glutamin\/hardline-glutapure-300-gr\/","title":{"rendered":"Hardline Glutapure 300 Gr."},"content":{"rendered":"<p><b>Hardline Glutapure Nedir?<\/b><\/p>\n<p>Hardline Glutapure %100 saf ve serbest formda \u00fcretilmi\u015f bir amino asit \u00fcr\u00fcn\u00fcd\u00fcr.<\/p>\n<p>\u00dcst d\u00fczey bir ham madde kalitesine sahip olan Hardline Glutapure, amino asit havuzunun %60&#8217;\u0131n\u0131 olu\u015fturdu\u011fu i\u00e7in en \u00f6nemli amino asitlerden biridir.<\/p>\n<p>Glutamin amino asiti yo\u011fun egzersizler sonras\u0131nda kaslar\u0131n i\u00e7erisinde bulunan glutamin rezervlerinin tekrardan dolmas\u0131na yard\u0131mc\u0131 olabilir.<\/p>\n<p>Saf hali sayesinde h\u0131zl\u0131 bir \u015fekilde kana kar\u0131\u015fabilen Glutamin uzun emilimi sayesinde y\u0131pranm\u0131\u015f kaslar\u0131n glutamin ihtiyac\u0131n\u0131 kar\u015f\u0131layabilir.<\/p>\n<p>Hardline Glutapure&#8217;\u00fcn dikkat \u00e7eken \u00f6zellikleri:<\/p>\n<p>&#8211; Glutapure ham madde kalitesi<\/p>\n<p>&#8211; Uzun emilim<\/p>\n<p>&#8211; 1 kutuda 60 servis<\/p>\n<p>&#8211; Fermente edilmi\u015f \u00fcr\u00fcn<\/p>\n<p>&#8211; Vejetaryen kullan\u0131m\u0131na uygun<\/p>\n<p>&#8211; Fiyat\/Performans<\/p>\n","protected":false},"excerpt":{"rendered":"<ul class=\"pp-first-list\">\n<li><span class=\"pp-sm-title\">Marka<\/span>:<span class=\"pp-sm-desc\">Hardline<\/span><\/li>\n<li><span class=\"pp-sm-title pp-sm-title\">Servis Say\u0131s\u0131<\/span>:<span class=\"pp-sm-desc spec-service-size\">60<\/span><\/li>\n<li><span class=\"pp-sm-title\">Servis Miktar\u0131<\/span>:<span class=\"pp-sm-desc spec-service-amount\">1 \u00d6l\u00e7ek (5 g)<\/span><\/li>\n<li><span class=\"pp-sm-title\">Servis Ba\u015f\u0131 Fiyat<\/span>:<span class=\"pp-sm-desc spec-one-service-price\">1,32 TL<\/span><\/li>\n<\/ul>\n","protected":false},"featured_media":3473,"comment_status":"open","ping_status":"closed","template":"","meta":[],"product_brand":[],"product_cat":[128],"product_tag":[],"yst_prominent_words":[],"class_list":{"0":"post-3471","1":"product","2":"type-product","3":"status-publish","4":"has-post-thumbnail","6":"product_cat-glutamin","7":"pa_brand-hardline","9":"first","10":"instock","11":"shipping-taxable","12":"purchasable","13":"product-type-variable"},"_links":{"self":[{"href":"https:\/\/energyclub.com.tr\/supplement\/wp-json\/wp\/v2\/product\/3471","targetHints":{"allow":["GET"]}}],"collection":[{"href":"https:\/\/energyclub.com.tr\/supplement\/wp-json\/wp\/v2\/product"}],"about":[{"href":"https:\/\/energyclub.com.tr\/supplement\/wp-json\/wp\/v2\/types\/product"}],"replies":[{"embeddable":true,"href":"https:\/\/energyclub.com.tr\/supplement\/wp-json\/wp\/v2\/comments?post=3471"}],"wp:featuredmedia":[{"embeddable":true,"href":"https:\/\/energyclub.com.tr\/supplement\/wp-json\/wp\/v2\/media\/3473"}],"wp:attachment":[{"href":"https:\/\/energyclub.com.tr\/supplement\/wp-json\/wp\/v2\/media?parent=3471"}],"wp:term":[{"taxonomy":"product_brand","embeddable":true,"href":"https:\/\/energyclub.com.tr\/supplement\/wp-json\/wp\/v2\/product_brand?post=3471"},{"taxonomy":"product_cat","embeddable":true,"href":"https:\/\/energyclub.com.tr\/supplement\/wp-json\/wp\/v2\/product_cat?post=3471"},{"taxonomy":"product_tag","embeddable":true,"href":"https:\/\/energyclub.com.tr\/supplement\/wp-json\/wp\/v2\/product_tag?post=3471"},{"taxonomy":"yst_prominent_words","embeddable":true,"href":"https:\/\/energyclub.com.tr\/supplement\/wp-json\/wp\/v2\/yst_prominent_words?post=3471"}],"curies":[{"name":"wp","href":"https:\/\/api.w.org\/{rel}","templated":true}]}}