{"id":3475,"date":"2020-01-03T14:09:47","date_gmt":"2020-01-03T14:09:47","guid":{"rendered":"https:\/\/energyclub.com.tr\/supplement\/?post_type=product&#038;p=3475"},"modified":"2020-12-16T21:44:04","modified_gmt":"2020-12-16T18:44:04","slug":"multipower-l-glutamine-500-gr","status":"publish","type":"product","link":"https:\/\/energyclub.com.tr\/supplement\/urun\/amino-asit\/glutamin\/multipower-l-glutamine-500-gr\/","title":{"rendered":"Multipower L-Glutamine 500 Gr."},"content":{"rendered":"<p><b>Multipower L-Glutamine Nedir?<\/b><\/p>\n<p>Multipower L-Glutamine %100 saf ve serbest formda \u00fcretilmi\u015f bir amino asit \u00fcr\u00fcn\u00fcd\u00fcr.<\/p>\n<p>Alman \u00fcretim patentine ve \u00fcst d\u00fczey bir ham madde kalitesine sahip olan Multipower L-Glutamine, amino asit havuzunun %60&#8217;\u0131n\u0131 olu\u015fturdu\u011fu i\u00e7in en \u00f6nemli amino asitlerden biridir.<\/p>\n<p>Glutamin amino asiti yo\u011fun egzersizler sonras\u0131nda kaslar\u0131n i\u00e7erisinde bulunan glutamin rezervlerinin tekrardan dolmas\u0131na yard\u0131mc\u0131 olabilir.<\/p>\n<p>Saf hali sayesinde h\u0131zl\u0131 bir \u015fekilde kana kar\u0131\u015fabilen Glutamin uzun emilimi sayesinde y\u0131pranm\u0131\u015f kaslar\u0131n glutamin ihtiyac\u0131n\u0131 kar\u015f\u0131layabilir.<\/p>\n<p>Multipower L-Glutamine&#8217;in dikkat \u00e7eken \u00f6zellikleri:<\/p>\n<p>&#8211; Alman patentli \u00fcst d\u00fczey ham madde kalitesi<\/p>\n<p>&#8211; 1 kutuda 100 servis<\/p>\n<p>&#8211; Serbest formda amino asit<\/p>\n<p>&#8211; Gluten i\u00e7ermiyor<\/p>\n","protected":false},"excerpt":{"rendered":"<ul class=\"pp-first-list\">\n<li><span class=\"pp-sm-title\">Marka<\/span>:<span class=\"pp-sm-desc\">Multipower<\/span><\/li>\n<li><span class=\"pp-sm-title pp-sm-title\">Servis Say\u0131s\u0131<\/span>:<span class=\"pp-sm-desc spec-service-size\">100<\/span><\/li>\n<li><span class=\"pp-sm-title\">Servis Miktar\u0131<\/span>:<span class=\"pp-sm-desc spec-service-amount\">1 \u00d6l\u00e7ek (5 g)<\/span><\/li>\n<li><span class=\"pp-sm-title\">Servis Ba\u015f\u0131 Fiyat<\/span>:<span class=\"pp-sm-desc spec-one-service-price\">1,95 TL<\/span><\/li>\n<\/ul>\n","protected":false},"featured_media":4429,"comment_status":"open","ping_status":"closed","template":"","meta":[],"product_brand":[],"product_cat":[128],"product_tag":[],"yst_prominent_words":[],"class_list":{"0":"post-3475","1":"product","2":"type-product","3":"status-publish","4":"has-post-thumbnail","6":"product_cat-glutamin","7":"pa_brand-multipower","9":"first","10":"instock","11":"shipping-taxable","12":"purchasable","13":"product-type-variable"},"_links":{"self":[{"href":"https:\/\/energyclub.com.tr\/supplement\/wp-json\/wp\/v2\/product\/3475","targetHints":{"allow":["GET"]}}],"collection":[{"href":"https:\/\/energyclub.com.tr\/supplement\/wp-json\/wp\/v2\/product"}],"about":[{"href":"https:\/\/energyclub.com.tr\/supplement\/wp-json\/wp\/v2\/types\/product"}],"replies":[{"embeddable":true,"href":"https:\/\/energyclub.com.tr\/supplement\/wp-json\/wp\/v2\/comments?post=3475"}],"wp:featuredmedia":[{"embeddable":true,"href":"https:\/\/energyclub.com.tr\/supplement\/wp-json\/wp\/v2\/media\/4429"}],"wp:attachment":[{"href":"https:\/\/energyclub.com.tr\/supplement\/wp-json\/wp\/v2\/media?parent=3475"}],"wp:term":[{"taxonomy":"product_brand","embeddable":true,"href":"https:\/\/energyclub.com.tr\/supplement\/wp-json\/wp\/v2\/product_brand?post=3475"},{"taxonomy":"product_cat","embeddable":true,"href":"https:\/\/energyclub.com.tr\/supplement\/wp-json\/wp\/v2\/product_cat?post=3475"},{"taxonomy":"product_tag","embeddable":true,"href":"https:\/\/energyclub.com.tr\/supplement\/wp-json\/wp\/v2\/product_tag?post=3475"},{"taxonomy":"yst_prominent_words","embeddable":true,"href":"https:\/\/energyclub.com.tr\/supplement\/wp-json\/wp\/v2\/yst_prominent_words?post=3475"}],"curies":[{"name":"wp","href":"https:\/\/api.w.org\/{rel}","templated":true}]}}