{"id":3481,"date":"2020-01-03T14:13:44","date_gmt":"2020-01-03T14:13:44","guid":{"rendered":"https:\/\/energyclub.com.tr\/supplement\/?post_type=product&#038;p=3481"},"modified":"2020-12-16T21:41:37","modified_gmt":"2020-12-16T18:41:37","slug":"nutrever-l-glutamine-250-gr","status":"publish","type":"product","link":"https:\/\/energyclub.com.tr\/supplement\/urun\/amino-asit\/glutamin\/nutrever-l-glutamine-250-gr\/","title":{"rendered":"Nutrever L-Glutamine 250 Gr."},"content":{"rendered":"<p><strong>Nutrever L-Glutamine nedir?<\/strong><\/p>\n<p>Toz formda %100 glutamin i\u00e7eren bir amino asit \u00fcr\u00fcn\u00fcd\u00fcr. Mikronize edilerek \u00fcretilmi\u015f form\u00fcl\u00fc ile kolay kar\u0131\u015fan saf bir ham maddeye sahiptir.<\/p>\n<p>Glutamin yo\u011fun antrenman periyotlar\u0131nda kaslarda t\u00fckenen ve toparlanma s\u00fcrecinde anahtar \u00f6neme sahip bir amino asittir.<\/p>\n<p>Nutrever L-Glutamine&#8217;nin dikkat \u00e7eken \u00f6zellikleri:<\/p>\n<p>&#8211; 1 serviste 5 g glutamin<\/p>\n<p>&#8211; %100 saf ham madde<\/p>\n<p>&#8211; Mikronize form\u00fcl<\/p>\n","protected":false},"excerpt":{"rendered":"<ul class=\"pp-first-list\">\n<li><span class=\"pp-sm-title\">Marka<\/span>:<span class=\"pp-sm-desc\"><a class=\"track-link p-detail-spec-link\" title=\"Nutrever\" href=\"https:\/\/www.supplementler.com\/marka\/nutrever-1-1535\" data-category=\"Product-Specification-Links\" data-label=\"Nutrever\" data-id=\"1535\">Nutrever<\/a><\/span><\/li>\n<li><span class=\"pp-sm-title pp-sm-title\">Servis Say\u0131s\u0131<\/span>:<span class=\"pp-sm-desc spec-service-size\">50<\/span><\/li>\n<li><span class=\"pp-sm-title\">Servis Miktar\u0131<\/span>:<span class=\"pp-sm-desc spec-service-amount\">1 \u00d6l\u00e7ek (5 g)<\/span><\/li>\n<li><span class=\"pp-sm-title\">Servis Ba\u015f\u0131 Fiyat<\/span>:<span class=\"pp-sm-desc spec-one-service-price\">1,98 TL<\/span><\/li>\n<\/ul>\n","protected":false},"featured_media":3482,"comment_status":"open","ping_status":"closed","template":"","meta":[],"product_brand":[],"product_cat":[128],"product_tag":[],"yst_prominent_words":[],"class_list":{"0":"post-3481","1":"product","2":"type-product","3":"status-publish","4":"has-post-thumbnail","6":"product_cat-glutamin","7":"pa_brand-nutrever","9":"first","10":"instock","11":"shipping-taxable","12":"purchasable","13":"product-type-variable"},"_links":{"self":[{"href":"https:\/\/energyclub.com.tr\/supplement\/wp-json\/wp\/v2\/product\/3481","targetHints":{"allow":["GET"]}}],"collection":[{"href":"https:\/\/energyclub.com.tr\/supplement\/wp-json\/wp\/v2\/product"}],"about":[{"href":"https:\/\/energyclub.com.tr\/supplement\/wp-json\/wp\/v2\/types\/product"}],"replies":[{"embeddable":true,"href":"https:\/\/energyclub.com.tr\/supplement\/wp-json\/wp\/v2\/comments?post=3481"}],"wp:featuredmedia":[{"embeddable":true,"href":"https:\/\/energyclub.com.tr\/supplement\/wp-json\/wp\/v2\/media\/3482"}],"wp:attachment":[{"href":"https:\/\/energyclub.com.tr\/supplement\/wp-json\/wp\/v2\/media?parent=3481"}],"wp:term":[{"taxonomy":"product_brand","embeddable":true,"href":"https:\/\/energyclub.com.tr\/supplement\/wp-json\/wp\/v2\/product_brand?post=3481"},{"taxonomy":"product_cat","embeddable":true,"href":"https:\/\/energyclub.com.tr\/supplement\/wp-json\/wp\/v2\/product_cat?post=3481"},{"taxonomy":"product_tag","embeddable":true,"href":"https:\/\/energyclub.com.tr\/supplement\/wp-json\/wp\/v2\/product_tag?post=3481"},{"taxonomy":"yst_prominent_words","embeddable":true,"href":"https:\/\/energyclub.com.tr\/supplement\/wp-json\/wp\/v2\/yst_prominent_words?post=3481"}],"curies":[{"name":"wp","href":"https:\/\/api.w.org\/{rel}","templated":true}]}}