{"id":3493,"date":"2020-01-03T14:28:12","date_gmt":"2020-01-03T14:28:12","guid":{"rendered":"https:\/\/energyclub.com.tr\/supplement\/?post_type=product&#038;p=3493"},"modified":"2020-12-16T21:33:57","modified_gmt":"2020-12-16T18:33:57","slug":"big-joy-arginine-120-kapsul","status":"publish","type":"product","link":"https:\/\/energyclub.com.tr\/supplement\/urun\/amino-asit\/arjinin\/big-joy-arginine-120-kapsul\/","title":{"rendered":"Big Joy Arginine 120 Kaps\u00fcl"},"content":{"rendered":"<p><strong>Big Joy Arjinin 120 Kaps\u00fcl nedir?<\/strong><\/p>\n<p>Big Joy Arjinin, mikronize arjinin i\u00e7eren kaps\u00fcl formda bir amino asit takviyesidir. Arjinin v\u00fccudumuzun \u00fcretemedi\u011fi bir yar\u0131 esansiyel amino asit olup, nitrik oksit seviyesini yukar\u0131 ta\u015f\u0131yarak v\u00fccuda daha dazla oksijen ve yak\u0131t sa\u011flamada g\u00f6revlidir.<\/p>\n<p>Big Joy Arjinin 120 Kaps\u00fcl&#8217; \u00fcn dikkat \u00e7eken \u00f6zellikleri:<\/p>\n<p>&#8211; Her serviste (2 kaps\u00fcl) 1340 mg mikronize arjinin<\/p>\n<p>&#8211; Bitkisel kaps\u00fcl form<\/p>\n<p>&#8211; Kaps\u00fcl formu sayesinde kolay kullan\u0131m imkan\u0131<\/p>\n","protected":false},"excerpt":{"rendered":"<ul class=\"pp-first-list\">\n<li><span class=\"pp-sm-title\">Marka<\/span>:<span class=\"pp-sm-desc\">Big Joy<\/span><\/li>\n<li><span class=\"pp-sm-title pp-sm-title\">Servis Say\u0131s\u0131<\/span>:<span class=\"pp-sm-desc spec-service-size\">60<\/span><\/li>\n<li><span class=\"pp-sm-title\">Servis Miktar\u0131<\/span>:<span class=\"pp-sm-desc spec-service-amount\">2 Kaps\u00fcl<\/span><\/li>\n<li><span class=\"pp-sm-title\">Servis Ba\u015f\u0131 Fiyat<\/span>:<span class=\"pp-sm-desc spec-one-service-price\">1,03 TL<\/span><\/li>\n<\/ul>\n","protected":false},"featured_media":3495,"comment_status":"open","ping_status":"closed","template":"","meta":[],"product_brand":[],"product_cat":[130],"product_tag":[],"yst_prominent_words":[],"class_list":{"0":"post-3493","1":"product","2":"type-product","3":"status-publish","4":"has-post-thumbnail","6":"product_cat-arjinin","7":"pa_brand-bigjoy-supplement","9":"first","10":"outofstock","11":"shipping-taxable","12":"purchasable","13":"product-type-variable"},"_links":{"self":[{"href":"https:\/\/energyclub.com.tr\/supplement\/wp-json\/wp\/v2\/product\/3493","targetHints":{"allow":["GET"]}}],"collection":[{"href":"https:\/\/energyclub.com.tr\/supplement\/wp-json\/wp\/v2\/product"}],"about":[{"href":"https:\/\/energyclub.com.tr\/supplement\/wp-json\/wp\/v2\/types\/product"}],"replies":[{"embeddable":true,"href":"https:\/\/energyclub.com.tr\/supplement\/wp-json\/wp\/v2\/comments?post=3493"}],"wp:featuredmedia":[{"embeddable":true,"href":"https:\/\/energyclub.com.tr\/supplement\/wp-json\/wp\/v2\/media\/3495"}],"wp:attachment":[{"href":"https:\/\/energyclub.com.tr\/supplement\/wp-json\/wp\/v2\/media?parent=3493"}],"wp:term":[{"taxonomy":"product_brand","embeddable":true,"href":"https:\/\/energyclub.com.tr\/supplement\/wp-json\/wp\/v2\/product_brand?post=3493"},{"taxonomy":"product_cat","embeddable":true,"href":"https:\/\/energyclub.com.tr\/supplement\/wp-json\/wp\/v2\/product_cat?post=3493"},{"taxonomy":"product_tag","embeddable":true,"href":"https:\/\/energyclub.com.tr\/supplement\/wp-json\/wp\/v2\/product_tag?post=3493"},{"taxonomy":"yst_prominent_words","embeddable":true,"href":"https:\/\/energyclub.com.tr\/supplement\/wp-json\/wp\/v2\/yst_prominent_words?post=3493"}],"curies":[{"name":"wp","href":"https:\/\/api.w.org\/{rel}","templated":true}]}}