{"id":3505,"date":"2020-01-03T14:39:10","date_gmt":"2020-01-03T14:39:10","guid":{"rendered":"https:\/\/energyclub.com.tr\/supplement\/?post_type=product&#038;p=3505"},"modified":"2020-12-16T21:27:16","modified_gmt":"2020-12-16T18:27:16","slug":"nutrend-arginine-120-kapsul","status":"publish","type":"product","link":"https:\/\/energyclub.com.tr\/supplement\/urun\/amino-asit\/arjinin\/nutrend-arginine-120-kapsul\/","title":{"rendered":"Nutrend Arginine 120 Kaps\u00fcl"},"content":{"rendered":"<h2>Nutrend Arginine Nedir?<\/h2>\n<p>Temel fonksiyonlar\u0131ndan biri de mide kaslar\u0131ndaki damar duvarlar\u0131nda geni\u015flemeyi sa\u011flayan NO (nitrik oksit) \u00fcretim \u00f6nc\u00fcl\u00fc olarak \u00e7al\u0131\u015f\u0131r sonu\u00e7 olarak bunun anlam\u0131, kan damarlar\u0131n\u0131 geni\u015fletilir, kan dola\u015f\u0131m\u0131 h\u0131zlan\u0131r ve damar \u00e7eperlerine ihtiya\u00e7 duyulan besin ve oksijen deste\u011fi sa\u011flan\u0131r.<\/p>\n<h2>Etken maddelerin \u00f6zellikleri:<\/h2>\n<p>Arjinin insan v\u00fccudunda \u00e7ok \u00f6nemli rol oynayan non essential amino asitlerdendir. Temel fonksiyonlar\u0131ndan biri mide kaslar\u0131ndaki damar duvarlar\u0131nda geni\u015flemeyi sa\u011flayan NO (nitrik oksit) \u00fcretim \u00f6nc\u00fcl\u00fc olarak \u00e7al\u0131\u015f\u0131r.<\/p>\n<p>uzun s\u00fcreli yo\u011fun antrenmanlar i\u00e7in oksijen ile birlikte glikoz s\u0131n\u0131rl\u0131d\u0131r. K\u0131sa s\u00fcreli y\u00fcksek performanslarda (30 dakikaya kadar) kas h\u00fccrelerinde her durumda haz\u0131r enerji v\u00fccut taraf\u0131ndan kullan\u0131l\u0131r ve arjinin bu a\u015famada kan damarlar\u0131n\u0131 geni\u015fleterek bu d\u00f6ng\u00fcde h\u0131zl\u0131 bir \u015fekilde sakkaritlerin temin edilmesini ve metabolizman\u0131n yenilenmesinde rol oynar.<\/p>\n<h2>Kullan\u0131m amac\u0131:<\/h2>\n<ul>\n<li>B\u00fcy\u00fcme Hormonu STH \u00dcretim Art\u0131\u015f\u0131na Destek<\/li>\n<li>NO Nitrik Oksit Yard\u0131m\u0131 Sinir Sistemine Destek<\/li>\n<li>Yenilenme Prosesinde Art\u0131\u015fa Destek<\/li>\n<\/ul>\n","protected":false},"excerpt":{"rendered":"<ul class=\"pp-first-list\">\n<li><span class=\"pp-sm-title\">Marka<\/span>:<span class=\"pp-sm-desc\">Nutrend<\/span><\/li>\n<li><span class=\"pp-sm-title pp-sm-title\">Servis Say\u0131s\u0131<\/span>:<span class=\"pp-sm-desc spec-service-size\">30<\/span><\/li>\n<li><span class=\"pp-sm-title\">Servis Miktar\u0131<\/span>:<span class=\"pp-sm-desc spec-service-amount\">4 Kaps\u00fcl<\/span><\/li>\n<li><span class=\"pp-sm-title\">Servis Ba\u015f\u0131 Fiyat<\/span>:<span class=\"pp-sm-desc spec-one-service-price\">2,63 TL<\/span><\/li>\n<\/ul>\n","protected":false},"featured_media":3506,"comment_status":"open","ping_status":"closed","template":"","meta":[],"product_brand":[],"product_cat":[130],"product_tag":[],"yst_prominent_words":[],"class_list":{"0":"post-3505","1":"product","2":"type-product","3":"status-publish","4":"has-post-thumbnail","6":"product_cat-arjinin","7":"pa_brand-nutrend","9":"first","10":"instock","11":"shipping-taxable","12":"purchasable","13":"product-type-variable"},"_links":{"self":[{"href":"https:\/\/energyclub.com.tr\/supplement\/wp-json\/wp\/v2\/product\/3505","targetHints":{"allow":["GET"]}}],"collection":[{"href":"https:\/\/energyclub.com.tr\/supplement\/wp-json\/wp\/v2\/product"}],"about":[{"href":"https:\/\/energyclub.com.tr\/supplement\/wp-json\/wp\/v2\/types\/product"}],"replies":[{"embeddable":true,"href":"https:\/\/energyclub.com.tr\/supplement\/wp-json\/wp\/v2\/comments?post=3505"}],"wp:featuredmedia":[{"embeddable":true,"href":"https:\/\/energyclub.com.tr\/supplement\/wp-json\/wp\/v2\/media\/3506"}],"wp:attachment":[{"href":"https:\/\/energyclub.com.tr\/supplement\/wp-json\/wp\/v2\/media?parent=3505"}],"wp:term":[{"taxonomy":"product_brand","embeddable":true,"href":"https:\/\/energyclub.com.tr\/supplement\/wp-json\/wp\/v2\/product_brand?post=3505"},{"taxonomy":"product_cat","embeddable":true,"href":"https:\/\/energyclub.com.tr\/supplement\/wp-json\/wp\/v2\/product_cat?post=3505"},{"taxonomy":"product_tag","embeddable":true,"href":"https:\/\/energyclub.com.tr\/supplement\/wp-json\/wp\/v2\/product_tag?post=3505"},{"taxonomy":"yst_prominent_words","embeddable":true,"href":"https:\/\/energyclub.com.tr\/supplement\/wp-json\/wp\/v2\/yst_prominent_words?post=3505"}],"curies":[{"name":"wp","href":"https:\/\/api.w.org\/{rel}","templated":true}]}}