{"id":3508,"date":"2020-01-03T14:41:15","date_gmt":"2020-01-03T14:41:15","guid":{"rendered":"https:\/\/energyclub.com.tr\/supplement\/?post_type=product&#038;p=3508"},"modified":"2020-12-16T21:25:37","modified_gmt":"2020-12-16T18:25:37","slug":"big-joy-aol-big-zma-124-kapsul","status":"publish","type":"product","link":"https:\/\/energyclub.com.tr\/supplement\/urun\/amino-asit\/aol\/big-joy-aol-big-zma-124-kapsul\/","title":{"rendered":"Big Joy Aol Big Zma 124 Kaps\u00fcl"},"content":{"rendered":"<p><strong>Big Joy Aol Big Zma nedir?<\/strong><\/p>\n<p>Arjinin, ornitin ve lizin (AOL) amino asitleri ile birlikte ZMA yani \u00e7inko, magnezyum ve B6 vitaminleri ile desteklenmi\u015f bir sporcu g\u0131das\u0131d\u0131r.<\/p>\n<p>AOL ve ZMA kar\u0131\u015f\u0131m\u0131n\u0131 bir form\u00fclasyonda bulu\u015fturan ilk olma \u00f6zelli\u011fine sahiptir.<\/p>\n<p>Big Joy Aol Big Zma&#8217; n\u0131n dikkat \u00e7eken \u00f6zellikleri:<\/p>\n<p>Her serviste 2:1:1 oran\u0131nda 2500 mg AOL<\/p>\n<p>Her serviste 223 mg ZMA<\/p>\n<p>124 adet bitkisel kaps\u00fcl<\/p>\n","protected":false},"excerpt":{"rendered":"<ul class=\"pp-first-list\">\n<li><span class=\"pp-sm-title\">Marka<\/span>:<span class=\"pp-sm-desc\">Big Joy<\/span><\/li>\n<li><span class=\"pp-sm-title pp-sm-title\">Servis Say\u0131s\u0131<\/span>:<span class=\"pp-sm-desc spec-service-size\">31<\/span><\/li>\n<li><span class=\"pp-sm-title\">Servis Miktar\u0131<\/span>:<span class=\"pp-sm-desc spec-service-amount\">4 Kaps\u00fcl<\/span><\/li>\n<li><span class=\"pp-sm-title\">Servis Ba\u015f\u0131 Fiyat<\/span>:<span class=\"pp-sm-desc spec-one-service-price\">2,55 TL<\/span><\/li>\n<\/ul>\n","protected":false},"featured_media":3509,"comment_status":"open","ping_status":"closed","template":"","meta":[],"product_brand":[],"product_cat":[131],"product_tag":[],"yst_prominent_words":[],"class_list":{"0":"post-3508","1":"product","2":"type-product","3":"status-publish","4":"has-post-thumbnail","6":"product_cat-aol","7":"pa_brand-bigjoy-supplement","9":"first","10":"outofstock","11":"shipping-taxable","12":"purchasable","13":"product-type-variable"},"_links":{"self":[{"href":"https:\/\/energyclub.com.tr\/supplement\/wp-json\/wp\/v2\/product\/3508","targetHints":{"allow":["GET"]}}],"collection":[{"href":"https:\/\/energyclub.com.tr\/supplement\/wp-json\/wp\/v2\/product"}],"about":[{"href":"https:\/\/energyclub.com.tr\/supplement\/wp-json\/wp\/v2\/types\/product"}],"replies":[{"embeddable":true,"href":"https:\/\/energyclub.com.tr\/supplement\/wp-json\/wp\/v2\/comments?post=3508"}],"wp:featuredmedia":[{"embeddable":true,"href":"https:\/\/energyclub.com.tr\/supplement\/wp-json\/wp\/v2\/media\/3509"}],"wp:attachment":[{"href":"https:\/\/energyclub.com.tr\/supplement\/wp-json\/wp\/v2\/media?parent=3508"}],"wp:term":[{"taxonomy":"product_brand","embeddable":true,"href":"https:\/\/energyclub.com.tr\/supplement\/wp-json\/wp\/v2\/product_brand?post=3508"},{"taxonomy":"product_cat","embeddable":true,"href":"https:\/\/energyclub.com.tr\/supplement\/wp-json\/wp\/v2\/product_cat?post=3508"},{"taxonomy":"product_tag","embeddable":true,"href":"https:\/\/energyclub.com.tr\/supplement\/wp-json\/wp\/v2\/product_tag?post=3508"},{"taxonomy":"yst_prominent_words","embeddable":true,"href":"https:\/\/energyclub.com.tr\/supplement\/wp-json\/wp\/v2\/yst_prominent_words?post=3508"}],"curies":[{"name":"wp","href":"https:\/\/api.w.org\/{rel}","templated":true}]}}