{"id":3515,"date":"2020-01-03T15:19:51","date_gmt":"2020-01-03T15:19:51","guid":{"rendered":"https:\/\/energyclub.com.tr\/supplement\/?post_type=product&#038;p=3515"},"modified":"2020-12-16T21:21:49","modified_gmt":"2020-12-16T18:21:49","slug":"big-joy-big-mass-gh-factors-5000-gr","status":"publish","type":"product","link":"https:\/\/energyclub.com.tr\/supplement\/urun\/kilo-hacim\/kilo\/big-joy-big-mass-gh-factors-5000-gr\/","title":{"rendered":"Big Joy Big Mass +GH Factors 5000 Gr."},"content":{"rendered":"<h2>Big Joy Big Mass +GH Factors nedir?<\/h2>\n<p>V\u00fccut geli\u015ftirme tarihinin en ba\u015far\u0131l\u0131 sporcular\u0131 aras\u0131nda g\u00f6sterilen ve uluslararas\u0131 bir marka haline gelen Dennis James taraf\u0131ndan form\u00fcle edilmi\u015f bir gainer \u00fcr\u00fcn\u00fcd\u00fcr.\u00a0Bigjoy Big Mass +GH Factors, h\u0131zla sindirilen maltodekstrin kaynakl\u0131 karbonhidrat ve konsantre whey proteini ile bitkisel kaynakl\u0131 protein kar\u0131\u015f\u0131m\u0131n\u0131 i\u00e7erir.<\/p>\n<p>Bigjoy Big Mass +GH Factors, bir\u00e7ok weight (kilo) gainer form\u00fcl\u00fcnden farkl\u0131 olarak GH Factors olarak adland\u0131rd\u0131\u011f\u0131 \u00f6zel bir kar\u0131\u015f\u0131ma sahiptir. Bunlar Arjinin, Ornitin, Lizin amino asitleri, tribulus bitki ekstresiyle birlikte vitamin ve minerallerden olu\u015fmaktad\u0131r.<\/p>\n<h2>Big Joy Big Mass +GH Factors&#8217;\u00fcn dikkat \u00e7eken \u00f6zellikleri:<\/h2>\n<p>&#8211; %78 h\u0131zl\u0131 sindirilen karbonhidrat oran\u0131<\/p>\n<p>&#8211; %19 protein oran\u0131<\/p>\n<p>&#8211; Whey proteini konsantresi ve bitkisel protein kar\u0131\u015f\u0131m\u0131<\/p>\n<p>&#8211; GH Factors ilaveli \u00f6zel form\u00fcl<\/p>\n<p>&#8211; 50 servis<\/p>\n","protected":false},"excerpt":{"rendered":"<ul class=\"pp-first-list\">\n<li><span class=\"pp-sm-title\">Marka<\/span>:<span class=\"pp-sm-desc\">Big Joy<\/span><\/li>\n<li><span class=\"pp-sm-title pp-sm-title\">Servis Say\u0131s\u0131<\/span>:<span class=\"pp-sm-desc spec-service-size\">50<\/span><\/li>\n<li><span class=\"pp-sm-title\">Servis Miktar\u0131<\/span>:<span class=\"pp-sm-desc spec-service-amount\">2 \u00d6l\u00e7ek (100 g)<\/span><\/li>\n<li><span class=\"pp-sm-title\">Servis Ba\u015f\u0131 Fiyat<\/span>:<span class=\"pp-sm-desc spec-one-service-price\">5,18 TL<\/span><\/li>\n<li><span class=\"pp-sm-title\">Protein Oran\u0131<\/span>:<span class=\"pp-sm-desc\">%19,6<\/span><\/li>\n<li><span class=\"pp-sm-title\">Karbonhidrat Oran\u0131<\/span>:<span class=\"pp-sm-desc\">%78,8<\/span><\/li>\n<li><span class=\"pp-sm-title\">Ya\u011f Oran\u0131<\/span>:<span class=\"pp-sm-desc\">%0,7<\/span><\/li>\n<\/ul>\n","protected":false},"featured_media":3516,"comment_status":"open","ping_status":"closed","template":"","meta":[],"product_brand":[],"product_cat":[132],"product_tag":[],"yst_prominent_words":[],"class_list":{"0":"post-3515","1":"product","2":"type-product","3":"status-publish","4":"has-post-thumbnail","6":"product_cat-kilo","7":"pa_brand-bigjoy-supplement","9":"first","10":"instock","11":"shipping-taxable","12":"purchasable","13":"product-type-variable"},"_links":{"self":[{"href":"https:\/\/energyclub.com.tr\/supplement\/wp-json\/wp\/v2\/product\/3515","targetHints":{"allow":["GET"]}}],"collection":[{"href":"https:\/\/energyclub.com.tr\/supplement\/wp-json\/wp\/v2\/product"}],"about":[{"href":"https:\/\/energyclub.com.tr\/supplement\/wp-json\/wp\/v2\/types\/product"}],"replies":[{"embeddable":true,"href":"https:\/\/energyclub.com.tr\/supplement\/wp-json\/wp\/v2\/comments?post=3515"}],"wp:featuredmedia":[{"embeddable":true,"href":"https:\/\/energyclub.com.tr\/supplement\/wp-json\/wp\/v2\/media\/3516"}],"wp:attachment":[{"href":"https:\/\/energyclub.com.tr\/supplement\/wp-json\/wp\/v2\/media?parent=3515"}],"wp:term":[{"taxonomy":"product_brand","embeddable":true,"href":"https:\/\/energyclub.com.tr\/supplement\/wp-json\/wp\/v2\/product_brand?post=3515"},{"taxonomy":"product_cat","embeddable":true,"href":"https:\/\/energyclub.com.tr\/supplement\/wp-json\/wp\/v2\/product_cat?post=3515"},{"taxonomy":"product_tag","embeddable":true,"href":"https:\/\/energyclub.com.tr\/supplement\/wp-json\/wp\/v2\/product_tag?post=3515"},{"taxonomy":"yst_prominent_words","embeddable":true,"href":"https:\/\/energyclub.com.tr\/supplement\/wp-json\/wp\/v2\/yst_prominent_words?post=3515"}],"curies":[{"name":"wp","href":"https:\/\/api.w.org\/{rel}","templated":true}]}}