{"id":3531,"date":"2020-01-03T15:57:24","date_gmt":"2020-01-03T15:57:24","guid":{"rendered":"https:\/\/energyclub.com.tr\/supplement\/?post_type=product&#038;p=3531"},"modified":"2021-03-01T17:34:05","modified_gmt":"2021-03-01T14:34:05","slug":"hardline-progainer-3000-gr","status":"publish","type":"product","link":"https:\/\/energyclub.com.tr\/supplement\/urun\/kilo-hacim\/kilo\/hardline-progainer-3000-gr\/","title":{"rendered":"Hardline Progainer 3000 Gr."},"content":{"rendered":"<p><b>Hardline Progainer 3000 Nedir?<\/b><\/p>\n<p>Hardline Progainer son y\u0131llar\u0131n en pop\u00fcler Karbonhidrat\/Gainer \u00fcr\u00fcn\u00fc haline gelmi\u015ftir. Y\u00fcksek karbonhidrat miktar\u0131 ve kompleks protein i\u00e7eri\u011fi sayesinde kullan\u0131c\u0131n\u0131n hem Karbonhidrat ihtiyac\u0131n\u0131 hemde g\u00fcnl\u00fck Protein ihtiyac\u0131n\u0131 ciddi bir miktarda kar\u015f\u0131lamaya yard\u0131mc\u0131 olabilir.<\/p>\n<p>Hardline Progainer 3000&#8217;in kullan\u0131m\u0131 esnas\u0131nda normal beslenmenize \u00f6zen g\u00f6stermenzi verim a\u00e7\u0131s\u0131ndan \u00e7ok \u00f6nemlidir.<\/p>\n<p>Hardline Progainer&#8217;\u0131n dikkat \u00e7eken \u00f6zellikleri:<\/p>\n<p>&#8211; Hardline Progainer 3000 zengin Whey ve Bitkisel protein i\u00e7eri\u011fine sahiptir<\/p>\n<p>&#8211; Hardline Progainer 3000 7009mg de\u011ferinde Glutamin \u00f6nc\u00fcleri i\u00e7ermektedir<\/p>\n<p>&#8211; Hardline Progainer 3000 6960mg de\u011ferinde BCAA amino asitleri i\u00e7ermektedir<\/p>\n<p>&#8211; Hardline Progainer 3000 her 1 servisinde 787 kalori bulundurur<\/p>\n<p>&#8211; Hardline Progainer 3000 multivitamin i\u00e7eri\u011fine sahiptir<\/p>\n<p>&#8211; Hardline Progainer 3000 her 1 servisinde 2500mg Kreatin Monohidrat i\u00e7ermektedir<\/p>\n<p>&#8211; Hardline Progainer 3000 ek olarak bir\u00e7ok enerji i\u00e7ece\u011finde bulunan ve \u00f6nemli bir amino asit olan 1000mg Taurin i\u00e7ermektedir<\/p>\n<p><strong>Not:<\/strong><\/p>\n<div>\n<p>*Laktoz intolerans\u0131 olan ki\u015filer s\u00fctten dolay\u0131 rahats\u0131zl\u0131k ya\u015fayabilirler. Bu tip rahats\u0131zl\u0131k ya\u015fayanlar\u0131n su ile t\u00fcketmesi \u00f6nerilmektedir.<\/p>\n<\/div>\n","protected":false},"excerpt":{"rendered":"<ul class=\"pp-first-list\">\n<li><span class=\"pp-sm-title\">Marka<\/span>:<span class=\"pp-sm-desc\">Hardline<\/span><\/li>\n<li><span class=\"pp-sm-title pp-sm-title\">Servis Say\u0131s\u0131<\/span>:<span class=\"pp-sm-desc spec-service-size\">15<\/span><\/li>\n<li><span class=\"pp-sm-title\">Servis Miktar\u0131<\/span>:<span class=\"pp-sm-desc spec-service-amount\">5 \u00d6l\u00e7ek (200 g)<\/span><\/li>\n<li><span class=\"pp-sm-title\">Servis Ba\u015f\u0131 Fiyat<\/span>:<span class=\"pp-sm-desc spec-one-service-price\">11,27 TL<\/span><\/li>\n<li><span class=\"pp-sm-title\">Protein Oran\u0131<\/span>:<span class=\"pp-sm-desc\">%18,9<\/span><\/li>\n<li><span class=\"pp-sm-title\">Karbonhidrat Oran\u0131<\/span>:<span class=\"pp-sm-desc\">%75,8<\/span><\/li>\n<li><span class=\"pp-sm-title\">Ya\u011f Oran\u0131<\/span>:<span class=\"pp-sm-desc\">%0,8<\/span><\/li>\n<li><span class=\"pp-sm-title\">Arjinin Oran\u0131<\/span>:<span class=\"pp-sm-desc\">%1,0<\/span><\/li>\n<\/ul>\n","protected":false},"featured_media":3532,"comment_status":"open","ping_status":"closed","template":"","meta":[],"product_brand":[],"product_cat":[132],"product_tag":[],"yst_prominent_words":[],"class_list":{"0":"post-3531","1":"product","2":"type-product","3":"status-publish","4":"has-post-thumbnail","6":"product_cat-kilo","7":"pa_brand-hardline","9":"first","10":"instock","11":"shipping-taxable","12":"purchasable","13":"product-type-variable"},"_links":{"self":[{"href":"https:\/\/energyclub.com.tr\/supplement\/wp-json\/wp\/v2\/product\/3531","targetHints":{"allow":["GET"]}}],"collection":[{"href":"https:\/\/energyclub.com.tr\/supplement\/wp-json\/wp\/v2\/product"}],"about":[{"href":"https:\/\/energyclub.com.tr\/supplement\/wp-json\/wp\/v2\/types\/product"}],"replies":[{"embeddable":true,"href":"https:\/\/energyclub.com.tr\/supplement\/wp-json\/wp\/v2\/comments?post=3531"}],"wp:featuredmedia":[{"embeddable":true,"href":"https:\/\/energyclub.com.tr\/supplement\/wp-json\/wp\/v2\/media\/3532"}],"wp:attachment":[{"href":"https:\/\/energyclub.com.tr\/supplement\/wp-json\/wp\/v2\/media?parent=3531"}],"wp:term":[{"taxonomy":"product_brand","embeddable":true,"href":"https:\/\/energyclub.com.tr\/supplement\/wp-json\/wp\/v2\/product_brand?post=3531"},{"taxonomy":"product_cat","embeddable":true,"href":"https:\/\/energyclub.com.tr\/supplement\/wp-json\/wp\/v2\/product_cat?post=3531"},{"taxonomy":"product_tag","embeddable":true,"href":"https:\/\/energyclub.com.tr\/supplement\/wp-json\/wp\/v2\/product_tag?post=3531"},{"taxonomy":"yst_prominent_words","embeddable":true,"href":"https:\/\/energyclub.com.tr\/supplement\/wp-json\/wp\/v2\/yst_prominent_words?post=3531"}],"curies":[{"name":"wp","href":"https:\/\/api.w.org\/{rel}","templated":true}]}}