{"id":3538,"date":"2020-01-03T16:03:55","date_gmt":"2020-01-03T16:03:55","guid":{"rendered":"https:\/\/energyclub.com.tr\/supplement\/?post_type=product&#038;p=3538"},"modified":"2020-12-16T20:58:05","modified_gmt":"2020-12-16T17:58:05","slug":"nutrend-gold-gain-14-mega-weight-gainer-3000-gr","status":"publish","type":"product","link":"https:\/\/energyclub.com.tr\/supplement\/urun\/kilo-hacim\/kilo\/nutrend-gold-gain-14-mega-weight-gainer-3000-gr\/","title":{"rendered":"Nutrend Gold Gain 14 Mega Weight Gainer 3000 Gr."},"content":{"rendered":"<p><strong>Neden Nutrend Gold Gain 14 Mega Weight Gainer?<\/strong><\/p>\n<p>Kas k\u00fctlesinin geli\u015fmesine ve toparlanmas\u0131na yard\u0131mc\u0131 olan Gainer i\u00e7eri\u011fine sahip \u2018\u2019 Gold Gain 14 \u2018\u2019 , Whey protein, ideal karbonhidrat kompleksi, L-Glutamin, Taurin ve Kreatin Monohidrat ile zenginle\u015ftirilmi\u015f etkili bir i\u00e7eri\u011fe sahiptir. Sporla birlikte k\u00fctle art\u0131\u015f\u0131 sa\u011flamak ve daha iyi antrenman performans\u0131 i\u00e7in geli\u015ftirilmi\u015f yeni form\u00fcl\u00fc ile beslenmenize destek olacakt\u0131r.<\/p>\n<p>Nutrend Gold Gain 14 Mega Weight Gainer&#8217;\u0131n dikkat \u00e7eken \u00f6zellikleri:<strong>\u00a0<\/strong><\/p>\n<p>&#8211; Kas K\u00fctlesinin Korunmas\u0131 ve yenilenmesi i\u00e7in ilave Bcaa ve L-Glutamin<\/p>\n<p>&#8211; Kas k\u00fctlesinin art\u0131\u015f\u0131na yard\u0131mc\u0131 olmak ve performans art\u0131\u015f\u0131 i\u00e7in ilave Kreatin Monohidrat<\/p>\n<p>&#8211; Vitaminlerce zenginle\u015ftirilmi\u015f form\u00fcl. ( C, E, B1, B3, B5, B6, B12, Biyotin, Folik Asit )<\/p>\n<p>&#8211; \u0130\u00e7eri\u011findeki Whey Protein ve Amino asitler ile kaslar\u0131n beslenmesine yard\u0131mc\u0131<\/p>\n","protected":false},"excerpt":{"rendered":"<ul class=\"pp-first-list\">\n<li><span class=\"pp-sm-title\">Marka<\/span>:<span class=\"pp-sm-desc\">Nutrend<\/span><\/li>\n<li><span class=\"pp-sm-title pp-sm-title\">Servis Say\u0131s\u0131<\/span>:<span class=\"pp-sm-desc spec-service-size\">75<\/span><\/li>\n<li><span class=\"pp-sm-title\">Servis Miktar\u0131<\/span>:<span class=\"pp-sm-desc spec-service-amount\">40 g<\/span><\/li>\n<li><span class=\"pp-sm-title\">Servis Ba\u015f\u0131 Fiyat<\/span>:<span class=\"pp-sm-desc spec-one-service-price\">3,00 TL<\/span><\/li>\n<li><span class=\"pp-sm-title\">Protein Oran\u0131<\/span>:<span class=\"pp-sm-desc\">%14,5<\/span><\/li>\n<li><span class=\"pp-sm-title\">Karbonhidrat Oran\u0131<\/span>:<span class=\"pp-sm-desc\">%73,0<\/span><\/li>\n<li><span class=\"pp-sm-title\">\u015eeker Oran\u0131<\/span>:<span class=\"pp-sm-desc\">%14,0<\/span><\/li>\n<li><span class=\"pp-sm-title\">Ya\u011f Oran\u0131<\/span>:<span class=\"pp-sm-desc\">%2,8<\/span><\/li>\n<li><span class=\"pp-sm-title\">Arjinin Oran\u0131<\/span>:<span class=\"pp-sm-desc\">%0,4<\/span><\/li>\n<\/ul>\n","protected":false},"featured_media":3539,"comment_status":"open","ping_status":"closed","template":"","meta":[],"product_brand":[],"product_cat":[132],"product_tag":[],"yst_prominent_words":[],"class_list":{"0":"post-3538","1":"product","2":"type-product","3":"status-publish","4":"has-post-thumbnail","6":"product_cat-kilo","7":"pa_brand-nutrend","9":"first","10":"outofstock","11":"shipping-taxable","12":"purchasable","13":"product-type-variable"},"_links":{"self":[{"href":"https:\/\/energyclub.com.tr\/supplement\/wp-json\/wp\/v2\/product\/3538","targetHints":{"allow":["GET"]}}],"collection":[{"href":"https:\/\/energyclub.com.tr\/supplement\/wp-json\/wp\/v2\/product"}],"about":[{"href":"https:\/\/energyclub.com.tr\/supplement\/wp-json\/wp\/v2\/types\/product"}],"replies":[{"embeddable":true,"href":"https:\/\/energyclub.com.tr\/supplement\/wp-json\/wp\/v2\/comments?post=3538"}],"wp:featuredmedia":[{"embeddable":true,"href":"https:\/\/energyclub.com.tr\/supplement\/wp-json\/wp\/v2\/media\/3539"}],"wp:attachment":[{"href":"https:\/\/energyclub.com.tr\/supplement\/wp-json\/wp\/v2\/media?parent=3538"}],"wp:term":[{"taxonomy":"product_brand","embeddable":true,"href":"https:\/\/energyclub.com.tr\/supplement\/wp-json\/wp\/v2\/product_brand?post=3538"},{"taxonomy":"product_cat","embeddable":true,"href":"https:\/\/energyclub.com.tr\/supplement\/wp-json\/wp\/v2\/product_cat?post=3538"},{"taxonomy":"product_tag","embeddable":true,"href":"https:\/\/energyclub.com.tr\/supplement\/wp-json\/wp\/v2\/product_tag?post=3538"},{"taxonomy":"yst_prominent_words","embeddable":true,"href":"https:\/\/energyclub.com.tr\/supplement\/wp-json\/wp\/v2\/yst_prominent_words?post=3538"}],"curies":[{"name":"wp","href":"https:\/\/api.w.org\/{rel}","templated":true}]}}