{"id":3543,"date":"2020-01-03T16:08:41","date_gmt":"2020-01-03T16:08:41","guid":{"rendered":"https:\/\/energyclub.com.tr\/supplement\/?post_type=product&#038;p=3543"},"modified":"2021-03-29T16:54:14","modified_gmt":"2021-03-29T13:54:14","slug":"olimp-gain-bolic-6000-3500-gr","status":"publish","type":"product","link":"https:\/\/energyclub.com.tr\/supplement\/urun\/kilo-hacim\/kilo\/olimp-gain-bolic-6000-3500-gr\/","title":{"rendered":"Olimp Gain Bolic 6000 3500 Gr."},"content":{"rendered":"<p><strong>Olimp Gain Bolic 6000 Nedir?<\/strong><\/p>\n<p>Olimp Gain Bolic 6000 toz formda olan bir Karbonhidrat\/Gainer \u00fcr\u00fcn\u00fcd\u00fcr.<\/p>\n<p>\u00c7ok d\u00fc\u015f\u00fck bir ya\u011f oran\u0131na sahip olan Olimp Gain Bolic sporcular\u0131n Bulk ya da kilo alma d\u00f6nemlerinde daha olumlu sonu\u00e7lar almas\u0131na yard\u0131mc\u0131 olabilir.<\/p>\n<p>En saf hammaddeler kullan\u0131larak \u00fcretilen Olimp Gain Bolic 6000&#8217;in i\u00e7eri\u011finde, yava\u015f sal\u0131n\u0131ml\u0131 micellar kazein proteini, ultra filitre edilmi\u015f whey ve yumurta proteini, Creapure kreatin ve tauirin gibi \u00f6nemli besinler bulunmaktad\u0131r.<\/p>\n<p>Olimp Gain Bolic 6000&#8217;in dikkat \u00e7eken \u00f6zellikleri:<\/p>\n<p>&#8211; Olimp Gain Bolic 6000 her 1 servisinde 376 kalori i\u00e7ermektedir<\/p>\n<p>&#8211; D\u00fc\u015f\u00fck ya\u011f ve d\u00fc\u015f\u00fck doymu\u015f ya\u011fl\u0131d\u0131r.<\/p>\n<p>&#8211; 1 serviste 15 g protein,<\/p>\n<p>&#8211; Proteinden gelen 2780 gr BCAA<\/p>\n<p>&#8211; %75 oran\u0131nda karbonhidrat<\/p>\n<p>&#8211; Olimp Gain Bolic 6000 ek olarak d\u00fcnyan\u0131n en saf Kreatin Monohidrat ham maddesi olan Creapure ve Taurin i\u00e7ermektedir<\/p>\n","protected":false},"excerpt":{"rendered":"<ul class=\"pp-first-list\">\n<li><span class=\"pp-sm-title\">Marka<\/span>:<span class=\"pp-sm-desc\">Olimp<\/span><\/li>\n<li><span class=\"pp-sm-title pp-sm-title\">Servis Say\u0131s\u0131<\/span>:<span class=\"pp-sm-desc spec-service-size\">35<\/span><\/li>\n<li><span class=\"pp-sm-title\">Servis Miktar\u0131<\/span>:<span class=\"pp-sm-desc spec-service-amount\">2 \u00d6l\u00e7ek (100 g)<\/span><\/li>\n<li><span class=\"pp-sm-title\">Servis Ba\u015f\u0131 Fiyat<\/span>:<span class=\"pp-sm-desc spec-one-service-price\">6,83 TL<\/span><\/li>\n<li><span class=\"pp-sm-title\">Protein Oran\u0131<\/span>:<span class=\"pp-sm-desc\">%15,0<\/span><\/li>\n<li><span class=\"pp-sm-title\">Karbonhidrat Oran\u0131<\/span>:<span class=\"pp-sm-desc\">%75,0<\/span><\/li>\n<li><span class=\"pp-sm-title\">\u015eeker Oran\u0131<\/span>:<span class=\"pp-sm-desc\">%32,0<\/span><\/li>\n<li><span class=\"pp-sm-title\">Ya\u011f Oran\u0131<\/span>:<span class=\"pp-sm-desc\">%1,8<\/span><\/li>\n<\/ul>\n","protected":false},"featured_media":3544,"comment_status":"open","ping_status":"closed","template":"","meta":[],"product_brand":[],"product_cat":[132],"product_tag":[],"yst_prominent_words":[],"class_list":{"0":"post-3543","1":"product","2":"type-product","3":"status-publish","4":"has-post-thumbnail","6":"product_cat-kilo","7":"pa_brand-olimp","9":"first","10":"instock","11":"shipping-taxable","12":"purchasable","13":"product-type-variable"},"_links":{"self":[{"href":"https:\/\/energyclub.com.tr\/supplement\/wp-json\/wp\/v2\/product\/3543","targetHints":{"allow":["GET"]}}],"collection":[{"href":"https:\/\/energyclub.com.tr\/supplement\/wp-json\/wp\/v2\/product"}],"about":[{"href":"https:\/\/energyclub.com.tr\/supplement\/wp-json\/wp\/v2\/types\/product"}],"replies":[{"embeddable":true,"href":"https:\/\/energyclub.com.tr\/supplement\/wp-json\/wp\/v2\/comments?post=3543"}],"wp:featuredmedia":[{"embeddable":true,"href":"https:\/\/energyclub.com.tr\/supplement\/wp-json\/wp\/v2\/media\/3544"}],"wp:attachment":[{"href":"https:\/\/energyclub.com.tr\/supplement\/wp-json\/wp\/v2\/media?parent=3543"}],"wp:term":[{"taxonomy":"product_brand","embeddable":true,"href":"https:\/\/energyclub.com.tr\/supplement\/wp-json\/wp\/v2\/product_brand?post=3543"},{"taxonomy":"product_cat","embeddable":true,"href":"https:\/\/energyclub.com.tr\/supplement\/wp-json\/wp\/v2\/product_cat?post=3543"},{"taxonomy":"product_tag","embeddable":true,"href":"https:\/\/energyclub.com.tr\/supplement\/wp-json\/wp\/v2\/product_tag?post=3543"},{"taxonomy":"yst_prominent_words","embeddable":true,"href":"https:\/\/energyclub.com.tr\/supplement\/wp-json\/wp\/v2\/yst_prominent_words?post=3543"}],"curies":[{"name":"wp","href":"https:\/\/api.w.org\/{rel}","templated":true}]}}