{"id":3548,"date":"2020-01-03T16:12:52","date_gmt":"2020-01-03T16:12:52","guid":{"rendered":"https:\/\/energyclub.com.tr\/supplement\/?post_type=product&#038;p=3548"},"modified":"2020-12-16T20:52:33","modified_gmt":"2020-12-16T17:52:33","slug":"optimum-serious-mass-2727-gr","status":"publish","type":"product","link":"https:\/\/energyclub.com.tr\/supplement\/urun\/kilo-hacim\/kilo\/optimum-serious-mass-2727-gr\/","title":{"rendered":"Optimum Serious Mass 2727 Gr."},"content":{"rendered":"<h2><strong>Optimum Serious Mass Nedir?<\/strong><\/h2>\n<p>Optimum Serious Mass toz formda olan bir Karbonhidrat\/Gainer \u00fcr\u00fcn\u00fcd\u00fcr.<\/p>\n<p>Y\u00fcksek miktarda karbonhidrat i\u00e7eren Optimum Serious Mass \u00fcr\u00fcn\u00fc sporcular\u0131n Bulk ya da kilo alma d\u00f6nemlerinde daha olumlu sonu\u00e7lar almalar\u0131na yard\u0131mc\u0131 olmaktad\u0131r.<\/p>\n<p>Optimum Serious Mass&#8217;\u0131n dikkat \u00e7eken \u00f6zellikleri:<\/p>\n<p>&#8211; Optimum Serious Mass servis ba\u015f\u0131na 1252 Kalori i\u00e7ermektedir<\/p>\n<p>&#8211; Optimum Serious Mass her biri farkl\u0131 bir emilim s\u00fcresine sahip 50gram de\u011ferinde protein i\u00e7ermektedir:<\/p>\n<ul>\n<li>Konsantre Whey Proteini<\/li>\n<li>Kalsiyum Kazeinat<\/li>\n<li>Yumurta Proteini<\/li>\n<\/ul>\n<div>&#8211; Optimum Serious Mass ek olarak zengin bir Vitamin ve Mineral i\u00e7eri\u011fine sahiptir.<\/div>\n<div>\n<h2>ON&#8217;un Orijinalli\u011finden Nas\u0131l Emin Olabilirim?<\/h2>\n<p>Supplementler&#8217;den ald\u0131\u011f\u0131n\u0131z ON \u00fcr\u00fcnlerinin orijinalli\u011fini, \u00fcr\u00fcn kodunuzu 100% orijinal \u00fcr\u00fcn do\u011frulama sistemine girerek do\u011frulayabilirsiniz.<\/p>\n<\/div>\n","protected":false},"excerpt":{"rendered":"<ul class=\"pp-first-list\">\n<li><span class=\"pp-sm-title\">Marka<\/span>:<span class=\"pp-sm-desc\">Optimum Nutrition<\/span><\/li>\n<li><span class=\"pp-sm-title pp-sm-title\">Servis Say\u0131s\u0131<\/span>:<span class=\"pp-sm-desc spec-service-size\">8<\/span><\/li>\n<li><span class=\"pp-sm-title\">Servis Miktar\u0131<\/span>:<span class=\"pp-sm-desc spec-service-amount\">2 \u00d6l\u00e7ek (334 g)<\/span><\/li>\n<li><span class=\"pp-sm-title\">Servis Ba\u015f\u0131 Fiyat<\/span>:<span class=\"pp-sm-desc spec-one-service-price\">24,88 TL<\/span><\/li>\n<li><span class=\"pp-sm-title\">Protein Oran\u0131<\/span>:<span class=\"pp-sm-desc\">%14,6<\/span><\/li>\n<li><span class=\"pp-sm-title\">Karbonhidrat Oran\u0131<\/span>:<span class=\"pp-sm-desc\">%73,9<\/span><\/li>\n<li><span class=\"pp-sm-title\">\u015eeker Oran\u0131<\/span>:<span class=\"pp-sm-desc\">%6,2<\/span><\/li>\n<li><span class=\"pp-sm-title\">Ya\u011f Oran\u0131<\/span>:<span class=\"pp-sm-desc\">%1,4<\/span><\/li>\n<\/ul>\n","protected":false},"featured_media":3549,"comment_status":"open","ping_status":"closed","template":"","meta":[],"product_brand":[],"product_cat":[132],"product_tag":[],"yst_prominent_words":[],"class_list":{"0":"post-3548","1":"product","2":"type-product","3":"status-publish","4":"has-post-thumbnail","6":"product_cat-kilo","7":"pa_brand-optimum","9":"first","10":"outofstock","11":"shipping-taxable","12":"purchasable","13":"product-type-variable"},"_links":{"self":[{"href":"https:\/\/energyclub.com.tr\/supplement\/wp-json\/wp\/v2\/product\/3548","targetHints":{"allow":["GET"]}}],"collection":[{"href":"https:\/\/energyclub.com.tr\/supplement\/wp-json\/wp\/v2\/product"}],"about":[{"href":"https:\/\/energyclub.com.tr\/supplement\/wp-json\/wp\/v2\/types\/product"}],"replies":[{"embeddable":true,"href":"https:\/\/energyclub.com.tr\/supplement\/wp-json\/wp\/v2\/comments?post=3548"}],"wp:featuredmedia":[{"embeddable":true,"href":"https:\/\/energyclub.com.tr\/supplement\/wp-json\/wp\/v2\/media\/3549"}],"wp:attachment":[{"href":"https:\/\/energyclub.com.tr\/supplement\/wp-json\/wp\/v2\/media?parent=3548"}],"wp:term":[{"taxonomy":"product_brand","embeddable":true,"href":"https:\/\/energyclub.com.tr\/supplement\/wp-json\/wp\/v2\/product_brand?post=3548"},{"taxonomy":"product_cat","embeddable":true,"href":"https:\/\/energyclub.com.tr\/supplement\/wp-json\/wp\/v2\/product_cat?post=3548"},{"taxonomy":"product_tag","embeddable":true,"href":"https:\/\/energyclub.com.tr\/supplement\/wp-json\/wp\/v2\/product_tag?post=3548"},{"taxonomy":"yst_prominent_words","embeddable":true,"href":"https:\/\/energyclub.com.tr\/supplement\/wp-json\/wp\/v2\/yst_prominent_words?post=3548"}],"curies":[{"name":"wp","href":"https:\/\/api.w.org\/{rel}","templated":true}]}}