{"id":3550,"date":"2020-01-03T16:14:58","date_gmt":"2020-01-03T16:14:58","guid":{"rendered":"https:\/\/energyclub.com.tr\/supplement\/?post_type=product&#038;p=3550"},"modified":"2020-03-04T14:21:56","modified_gmt":"2020-03-04T11:21:56","slug":"sci-mx-mass-6000-gr","status":"publish","type":"product","link":"https:\/\/energyclub.com.tr\/supplement\/urun\/kilo-hacim\/kilo\/sci-mx-mass-6000-gr\/","title":{"rendered":"Sci-Mx Mass 6000 Gr."},"content":{"rendered":"<p><strong>Sci-Mx Mass 6000\u00a0Nedir?<\/strong><\/p>\n<p>Sci-MX&#8217;in yeni gainer \u00fcr\u00fcn\u00fc olan\u00a0Sci-Mx Mass 6000,\u00a0%65 oran\u0131nda karbonhidrat ve %17 oran\u0131nda protein kar\u0131\u015f\u0131m\u0131ndan olu\u015fur. Antrenmandan sonra h\u0131zl\u0131 ve devaml\u0131 karbonhidrat deste\u011fi sa\u011flayabilmesi i\u00e7in maltodekstrin ve yulaf kaynakl\u0131 karbonhidratlar i\u00e7erir.<\/p>\n<p>Sci-Mx Mass 6000&#8217;in form\u00fcl\u00fc bir\u00e7ok hacim \u00fcr\u00fcn\u00fcnden farkl\u0131 olarak\u00a0orta zincirli trigliseritler (MCT) ve kreatin monohidrat ile zenginle\u015ftirilmi\u015ftir. MCT&#8217;ler di\u011fer ya\u011flara g\u00f6re daha kolay emilebilen ve kalorik yak\u0131t olarak harcanabilen ya\u011flard\u0131r. Kreatin ise y\u00fcksek yo\u011funluklu egzersizlerin ard\u0131 ard\u0131na yap\u0131lmas\u0131nda fiziksel performans\u0131 artt\u0131r\u0131r.<\/p>\n<p>Sci-Mx Mass v\u00fccudumuzda bir\u00e7ok i\u015fleyi\u015fte rol oynayan vitamin ve mineraller ile desteklenmi\u015ftir. \u0130\u00e7erdi\u011fi \u00e7inko, normal karbonhidrat ve normal protein sentezine katk\u0131da bulunur. B6 vitamini normal protein ve glikojen metabolizmas\u0131na destek sa\u011flar. Magnezyum minerali ise normal kas fonksiyonuna katk\u0131 sa\u011flayan bir mineraldir.<\/p>\n<p>Sci-Mx Mass 6000 Gr&#8217;nin dikkat \u00e7eken \u00f6zellikleri:<\/p>\n<p>&#8211; Her serviste 385 kcal<\/p>\n<p>&#8211; %65 karbonhidrat &#8211; %17 protein &#8211; %5,6 ya\u011f besin \u00f6\u011feleri<\/p>\n<p>&#8211; Maltodekstrin ve yulaf kaynakl\u0131 karbonhidrat<\/p>\n<p>&#8211; Kreatin monohidrat ve MCT ile zenginle\u015ftirilmi\u015f form\u00fcl<\/p>\n<p>&#8211; \u00c7inko, magnezyum ve B6 vitamini ilaveli (ZMA)<\/p>\n","protected":false},"excerpt":{"rendered":"<ul class=\"pp-first-list\">\n<li><span class=\"pp-sm-title\">Marka<\/span>:<span class=\"pp-sm-desc\">Sci-Mx<\/span><\/li>\n<li><span class=\"pp-sm-title pp-sm-title\">Servis Say\u0131s\u0131<\/span>:<span class=\"pp-sm-desc spec-service-size\">60<\/span><\/li>\n<li><span class=\"pp-sm-title\">Servis Miktar\u0131<\/span>:<span class=\"pp-sm-desc spec-service-amount\">1 \u00d6l\u00e7ek (100 g)<\/span><\/li>\n<li><span class=\"pp-sm-title\">Servis Ba\u015f\u0131 Fiyat<\/span>:<span class=\"pp-sm-desc spec-one-service-price\">6,65 TL<\/span><\/li>\n<li><span class=\"pp-sm-title\">Protein Oran\u0131<\/span>:<span class=\"pp-sm-desc\">%17,0<\/span><\/li>\n<li><span class=\"pp-sm-title\">Karbonhidrat Oran\u0131<\/span>:<span class=\"pp-sm-desc\">%65,0<\/span><\/li>\n<li><span class=\"pp-sm-title\">\u015eeker Oran\u0131<\/span>:<span class=\"pp-sm-desc\">%10,0<\/span><\/li>\n<li><span class=\"pp-sm-title\">Ya\u011f Oran\u0131<\/span>:<span class=\"pp-sm-desc\">%5,6<\/span><\/li>\n<\/ul>\n","protected":false},"featured_media":3551,"comment_status":"open","ping_status":"closed","template":"","meta":[],"product_brand":[],"product_cat":[132],"product_tag":[],"yst_prominent_words":[],"class_list":{"0":"post-3550","1":"product","2":"type-product","3":"status-publish","4":"has-post-thumbnail","6":"product_cat-kilo","7":"pa_brand-scimx","9":"first","10":"outofstock","11":"shipping-taxable","12":"purchasable","13":"product-type-variable"},"_links":{"self":[{"href":"https:\/\/energyclub.com.tr\/supplement\/wp-json\/wp\/v2\/product\/3550","targetHints":{"allow":["GET"]}}],"collection":[{"href":"https:\/\/energyclub.com.tr\/supplement\/wp-json\/wp\/v2\/product"}],"about":[{"href":"https:\/\/energyclub.com.tr\/supplement\/wp-json\/wp\/v2\/types\/product"}],"replies":[{"embeddable":true,"href":"https:\/\/energyclub.com.tr\/supplement\/wp-json\/wp\/v2\/comments?post=3550"}],"wp:featuredmedia":[{"embeddable":true,"href":"https:\/\/energyclub.com.tr\/supplement\/wp-json\/wp\/v2\/media\/3551"}],"wp:attachment":[{"href":"https:\/\/energyclub.com.tr\/supplement\/wp-json\/wp\/v2\/media?parent=3550"}],"wp:term":[{"taxonomy":"product_brand","embeddable":true,"href":"https:\/\/energyclub.com.tr\/supplement\/wp-json\/wp\/v2\/product_brand?post=3550"},{"taxonomy":"product_cat","embeddable":true,"href":"https:\/\/energyclub.com.tr\/supplement\/wp-json\/wp\/v2\/product_cat?post=3550"},{"taxonomy":"product_tag","embeddable":true,"href":"https:\/\/energyclub.com.tr\/supplement\/wp-json\/wp\/v2\/product_tag?post=3550"},{"taxonomy":"yst_prominent_words","embeddable":true,"href":"https:\/\/energyclub.com.tr\/supplement\/wp-json\/wp\/v2\/yst_prominent_words?post=3550"}],"curies":[{"name":"wp","href":"https:\/\/api.w.org\/{rel}","templated":true}]}}