{"id":3552,"date":"2020-01-03T16:17:47","date_gmt":"2020-01-03T16:17:47","guid":{"rendered":"https:\/\/energyclub.com.tr\/supplement\/?post_type=product&#038;p=3552"},"modified":"2020-12-16T16:39:22","modified_gmt":"2020-12-16T13:39:22","slug":"nutrend-mass-gain-gold-3000-gr","status":"publish","type":"product","link":"https:\/\/energyclub.com.tr\/supplement\/urun\/kilo-hacim\/hacim\/nutrend-mass-gain-gold-3000-gr\/","title":{"rendered":"Nutrend Mass Gain Gold 3000 Gr."},"content":{"rendered":"<h2>Nutrend Mass Gain Gold 3000 Gr nedir?<\/h2>\n<p>Nutrend Mass Gain Gold 3000 Gr, her serviste 382 kalori ve 26 gram protein sunan toz formdaki mass gain \u00fcr\u00fcn\u00fcd\u00fcr. %26 protein %64,5 karbonhidrat sunarken proteinlerin b\u00fcy\u00fck k\u0131sm\u0131 konsantre whey proteininden gelmektedir. Karbonhidrat kaynaklar\u0131n\u0131n %32&#8217;si h\u0131zl\u0131 sindirilebilir maltodekstrinden sa\u011flan\u0131rken, %15&#8217;i glikoz, %15&#8217;i fruktozdur.<\/p>\n<p>Antrenman \u00f6ncesi karbonhidrat depolar\u0131n\u0131 doldurmak ve antrenman sonras\u0131 toparlanmay\u0131 h\u0131zland\u0131rmak amac\u0131yla \u00fcretilen bu \u00fcr\u00fcn\u00a0i\u00e7eri\u011finde ek olarak B1, B2, B3, B5, E ve folik asit ile zenginle\u015ftirilmi\u015ftir.<\/p>\n<p>-B1 vitamini normal enerji olu\u015fum metabolizmas\u0131na katk\u0131da bulunur.<\/p>\n<p>-B2 vitamini, B3 vitamini, B5 ve B6 vitamini normal enerji olu\u015fum metabolizmas\u0131na ve yorgunluk ve bitkinli\u011fin azalmas\u0131na katk\u0131da bulunur.<\/p>\n<p>-Kalsiyum normal enerji olu\u015fum metabolizmas\u0131na ve normal kas fonksiyonuna katk\u0131da bulunur.<\/p>\n<h2>Nutrend Mass Gain Gold 3000 Gr dikkat \u00e7eken \u00f6zellikleri:<\/h2>\n<p>&#8211; Her serviste 64,5 gram karbonhidrat 26 gram protein<\/p>\n<p>&#8211; %32 Maltodekstrin , %15 glikoz, %15 fruktoz&#8217;dan gelen h\u0131zl\u0131 sindirilebilir karbonhidrat kaynaklar\u0131<\/p>\n<p>&#8211; %23,5 konsantre peynir alt\u0131 suyu proteini, %10 izole s\u00fct proteini<\/p>\n<p>&#8211; Vitaminler ile zenginle\u015ftirilmi\u015f i\u00e7erik<\/p>\n","protected":false},"excerpt":{"rendered":"<ul class=\"pp-first-list\">\n<li><span class=\"pp-sm-title\">Marka<\/span>:<span class=\"pp-sm-desc\">Nutrend<\/span><\/li>\n<li><span class=\"pp-sm-title pp-sm-title\">Servis Say\u0131s\u0131<\/span>:<span class=\"pp-sm-desc spec-service-size\">30<\/span><\/li>\n<li><span class=\"pp-sm-title\">Servis Miktar\u0131<\/span>:<span class=\"pp-sm-desc spec-service-amount\">3,5 \u00d6l\u00e7ek (100 g)<\/span><\/li>\n<li><span class=\"pp-sm-title\">Servis Ba\u015f\u0131 Fiyat<\/span>:<span class=\"pp-sm-desc spec-one-service-price\">8,17 TL<\/span><\/li>\n<li><span class=\"pp-sm-title\">Protein Oran\u0131<\/span>:<span class=\"pp-sm-desc\">%26,0<\/span><\/li>\n<li><span class=\"pp-sm-title\">Karbonhidrat Oran\u0131<\/span>:<span class=\"pp-sm-desc\">%64,5<\/span><\/li>\n<li><span class=\"pp-sm-title\">\u015eeker Oran\u0131<\/span>:<span class=\"pp-sm-desc\">%34,2<\/span><\/li>\n<li><span class=\"pp-sm-title\">Ya\u011f Oran\u0131<\/span>:<span class=\"pp-sm-desc\">%2,2<\/span><\/li>\n<li><span class=\"pp-sm-title\">Arjinin Oran\u0131<\/span>:<span class=\"pp-sm-desc\">%0,7<\/span><\/li>\n<\/ul>\n","protected":false},"featured_media":3554,"comment_status":"open","ping_status":"closed","template":"","meta":[],"product_brand":[],"product_cat":[133],"product_tag":[],"yst_prominent_words":[],"class_list":{"0":"post-3552","1":"product","2":"type-product","3":"status-publish","4":"has-post-thumbnail","6":"product_cat-hacim","7":"pa_brand-nutrend","9":"first","10":"outofstock","11":"shipping-taxable","12":"purchasable","13":"product-type-variable"},"_links":{"self":[{"href":"https:\/\/energyclub.com.tr\/supplement\/wp-json\/wp\/v2\/product\/3552","targetHints":{"allow":["GET"]}}],"collection":[{"href":"https:\/\/energyclub.com.tr\/supplement\/wp-json\/wp\/v2\/product"}],"about":[{"href":"https:\/\/energyclub.com.tr\/supplement\/wp-json\/wp\/v2\/types\/product"}],"replies":[{"embeddable":true,"href":"https:\/\/energyclub.com.tr\/supplement\/wp-json\/wp\/v2\/comments?post=3552"}],"wp:featuredmedia":[{"embeddable":true,"href":"https:\/\/energyclub.com.tr\/supplement\/wp-json\/wp\/v2\/media\/3554"}],"wp:attachment":[{"href":"https:\/\/energyclub.com.tr\/supplement\/wp-json\/wp\/v2\/media?parent=3552"}],"wp:term":[{"taxonomy":"product_brand","embeddable":true,"href":"https:\/\/energyclub.com.tr\/supplement\/wp-json\/wp\/v2\/product_brand?post=3552"},{"taxonomy":"product_cat","embeddable":true,"href":"https:\/\/energyclub.com.tr\/supplement\/wp-json\/wp\/v2\/product_cat?post=3552"},{"taxonomy":"product_tag","embeddable":true,"href":"https:\/\/energyclub.com.tr\/supplement\/wp-json\/wp\/v2\/product_tag?post=3552"},{"taxonomy":"yst_prominent_words","embeddable":true,"href":"https:\/\/energyclub.com.tr\/supplement\/wp-json\/wp\/v2\/yst_prominent_words?post=3552"}],"curies":[{"name":"wp","href":"https:\/\/api.w.org\/{rel}","templated":true}]}}